{"id":756410,"date":"2025-08-28T07:07:04","date_gmt":"2025-08-28T04:07:04","guid":{"rendered":"https:\/\/roveyayinevi.com.tr\/index.php\/urun\/mujde-amerikada-islami-yayma-tesebbusu\/"},"modified":"2026-04-16T03:09:34","modified_gmt":"2026-04-16T00:09:34","slug":"mujde-amerikada-islami-yayma-tesebbusu","status":"publish","type":"product","link":"https:\/\/roveyayinevi.com.tr\/index.php\/urun\/mujde-amerikada-islami-yayma-tesebbusu\/","title":{"rendered":"M\u00fcjde Amerika\u2019da \u0130slam\u2019\u0131 Yayma Te\u015febb\u00fcs\u00fc"},"content":{"rendered":"<p>Ahmet Mithat Efendi B\u00fct\u00fcn Eserleri &#8211; 21 \u00c7\u00f6k\u00fc\u015f devrinin ayd\u0131n\u0131, fetih d\u00f6nemlerinin ulemas\u0131na benzemez. Savunma hatlar\u0131 bozuk, bast\u0131\u011f\u0131 zemin \u00e7atlakt\u0131r onun. Bu nedenle her zaman d\u0131\u015far\u0131dan bekler teselliyi. Kendi inanc\u0131na kat\u0131lan her Avrupal\u0131, bir kez daha g\u00fcvenini tazeler. Amerikal\u0131 Alexander Russel Webb, Muhammed Efendi olur bu d\u00f6nemde. \u0130slam&#8217;\u0131n izleri yava\u015f yava\u015f silinirken Osmanl\u0131 topraklar\u0131nda, bat\u0131dan gelen her haber y\u00fcreklere su serper. Bir bat\u0131l\u0131n\u0131n M\u00fcsl\u00fcman olmas\u0131, m\u00fcjdedir Osmanl\u0131lar i\u00e7in. Bu kutlu haberi yayar Ahmet Mithat. Din\u00ee konular yeniden gelir g\u00fcndeme. Ve y\u00fcz y\u0131l \u00f6ncenin akt\u00fcel konusu, yine bug\u00fcn\u00fcn meselesi olur. <\/p>\n","protected":false},"excerpt":{"rendered":"<p>Ahmet Mithat Efendi B\u00fct\u00fcn Eserleri &#8211; 21 \u00c7\u00f6k\u00fc\u015f devrinin ayd\u0131n\u0131, fetih d\u00f6nemlerinin ulemas\u0131na benzemez. Savunma hatlar\u0131 bozuk, bast\u0131\u011f\u0131 zemin \u00e7atlakt\u0131r onun. Bu nedenle her zaman d\u0131\u015far\u0131dan<span class=\"excerpt-hellip\"> [\u2026]<\/span><\/p>\n","protected":false},"featured_media":0,"template":"","meta":{"_monsterinsights_skip_tracking":false,"_monsterinsights_sitenote_active":false,"_monsterinsights_sitenote_note":"","_monsterinsights_sitenote_category":0},"product_brand":[],"product_cat":[12718],"product_tag":[],"class_list":{"0":"post-756410","1":"product","2":"type-product","3":"status-publish","5":"product_cat-din","6":"pa_cilt-ciltsiz","7":"pa_tur-kitap","8":"pa_yayinevi-sapiens-yayinlari","9":"pa_yazar-ahmet-mithat-efendi","11":"first","12":"instock","13":"sale","14":"shipping-taxable","15":"purchasable","16":"product-type-simple"},"_links":{"self":[{"href":"https:\/\/roveyayinevi.com.tr\/index.php\/wp-json\/wp\/v2\/product\/756410","targetHints":{"allow":["GET"]}}],"collection":[{"href":"https:\/\/roveyayinevi.com.tr\/index.php\/wp-json\/wp\/v2\/product"}],"about":[{"href":"https:\/\/roveyayinevi.com.tr\/index.php\/wp-json\/wp\/v2\/types\/product"}],"wp:attachment":[{"href":"https:\/\/roveyayinevi.com.tr\/index.php\/wp-json\/wp\/v2\/media?parent=756410"}],"wp:term":[{"taxonomy":"product_brand","embeddable":true,"href":"https:\/\/roveyayinevi.com.tr\/index.php\/wp-json\/wp\/v2\/product_brand?post=756410"},{"taxonomy":"product_cat","embeddable":true,"href":"https:\/\/roveyayinevi.com.tr\/index.php\/wp-json\/wp\/v2\/product_cat?post=756410"},{"taxonomy":"product_tag","embeddable":true,"href":"https:\/\/roveyayinevi.com.tr\/index.php\/wp-json\/wp\/v2\/product_tag?post=756410"}],"curies":[{"name":"wp","href":"https:\/\/api.w.org\/{rel}","templated":true}]}}