{"id":756409,"date":"2025-08-28T07:07:02","date_gmt":"2025-08-28T04:07:02","guid":{"rendered":"https:\/\/roveyayinevi.com.tr\/index.php\/urun\/zoologun-galaksi-rehberi\/"},"modified":"2026-04-16T03:09:34","modified_gmt":"2026-04-16T00:09:34","slug":"zoologun-galaksi-rehberi","status":"publish","type":"product","link":"https:\/\/roveyayinevi.com.tr\/index.php\/urun\/zoologun-galaksi-rehberi\/","title":{"rendered":"Zoolo\u011fun Galaksi Rehberi"},"content":{"rendered":"<p>\u201cEvrenin derinliklerinde bir yerlerde ya\u015fam\u0131n var oldu\u011funa ve daha da heyecan verici olan\u0131, onu bulabilece\u011fimize dair inanc\u0131m\u0131z giderek art\u0131yor. 2015 y\u0131l\u0131nda NASA&#8217;n\u0131n ba\u015f biliminsan\u0131 Ellen Stofan, 20 ila 30 y\u0131l i\u00e7inde di\u011fer gezegenlerdeki ya\u015fama dair kan\u0131tlara ula\u015fabilece\u011fimizi \u00f6ng\u00f6rd\u00fc. Elbette mikroplardan ya da onlar\u0131 uzayl\u0131 e\u015fde\u011ferlerinden bahsediyordu, zeki ya\u015famdan de\u011fil. Ancak bu varsay\u0131m yine de \u015fa\u015f\u0131rt\u0131c\u0131. 20. y\u00fczy\u0131l\u0131n ba\u015flar\u0131nda uzayda ya\u015fam olabilece\u011fi fikrine tak\u0131nt\u0131l\u0131yken yetmi\u015fli ve seksenli y\u0131llarda kay\u0131ts\u0131z bir k\u00f6t\u00fcmserli\u011fe ve \u015fimdi de ger\u00e7ek\u00e7i, bilimsel bir iyimserli\u011fe geri d\u00f6nd\u00fck. Bu kitap, ger\u00e7ek\u00e7i bir bilimsel yakla\u015f\u0131m kullanarak uzayl\u0131 ya\u015fam formlar\u0131 ve \u00f6zellikle de zeki uzayl\u0131 ya\u015fam formlar\u0131 hakk\u0131nda, biraz da varsay\u0131mda bulunarak nas\u0131l sonu\u00e7lar \u00e7\u0131karabilece\u011fimiz hakk\u0131ndad\u0131r.    \u201cUzayl\u0131lar\u0131n New York&#8217;a inmesi d\u0131\u015f\u0131nda, ger\u00e7ekte neye benzediklerini nas\u0131l bilebiliriz? Hollywood&#8217;un ve bilimkurgu yazarlar\u0131n\u0131n hayal g\u00fcc\u00fcne mi g\u00fcvenmemiz gerekiyor? Ya da belki de uzayl\u0131lar dev ayaklar\u0131 \u00fczerinde z\u0131playan bir kangurudan ya da g\u00f6kku\u015fa\u011f\u0131 renklerinde yan\u0131p s\u00f6nen derisiyle denizde gaz p\u00fcsk\u00fcrterek ilerleyen bir m\u00fcrekkepbal\u0131\u011f\u0131ndan daha tuhaf de\u011fillerdir. Bizi D\u00fcnya&#8217;daki t\u00fcm ya\u015fam\u0131 ve yabanc\u0131 gezegenlerdeki canl\u0131lar\u0131 birbirine ba\u011flayan evrensel biyoloji yasalar\u0131na g\u00fcvenerek hayvanlar\u0131n D\u00fcnya&#8217;da benimsedikleri adaptasyonlar\u0131n nedenlerinin muhtemelen di\u011fer gezegenlerdeki adaptasyonlar\u0131n da nedenleri oldu\u011funu g\u00f6rece\u011fiz.\u201d   Cambridge\u2019li \u00fcnl\u00fc zoolog Arik Kershenbaum\u2019dan D\u00fcnya d\u0131\u015f\u0131 ya\u015fam\u0131n neye benzeyebilece\u011fine dair son derece e\u011flenceli ve bilimsel olarak g\u00fc\u00e7l\u00fc bir ke\u015fif.   S\u00fcpersonik hayvanlar\u0131n ya\u015fad\u0131\u011f\u0131 yabanc\u0131 bir gezegen var m\u0131? Uzayl\u0131lar korkudan \u00e7\u0131\u011fl\u0131k atar m\u0131, d\u00fcr\u00fcst davran\u0131r m\u0131 ya da teknolojiye sahip mi? Peki ya kokulardan olu\u015fan bir dil kullanan canl\u0131lar\u0131n bulundu\u011fu bir Ay olabilir mi? Zoolo\u011fun Galaksi Rehberi, g\u00fcncel bilimsel verileri kullanarak bu sorular\u0131 yan\u0131tl\u0131yor.  <\/p>\n","protected":false},"excerpt":{"rendered":"<p>\u201cEvrenin derinliklerinde bir yerlerde ya\u015fam\u0131n var oldu\u011funa ve daha da heyecan verici olan\u0131, onu bulabilece\u011fimize dair inanc\u0131m\u0131z giderek art\u0131yor. 2015 y\u0131l\u0131nda NASA&#8217;n\u0131n ba\u015f biliminsan\u0131 Ellen Stofan,<span class=\"excerpt-hellip\"> [\u2026]<\/span><\/p>\n","protected":false},"featured_media":0,"template":"","meta":{"_monsterinsights_skip_tracking":false,"_monsterinsights_sitenote_active":false,"_monsterinsights_sitenote_note":"","_monsterinsights_sitenote_category":0},"product_brand":[],"product_cat":[12540,12291],"product_tag":[],"class_list":{"0":"post-756409","1":"product","2":"type-product","3":"status-publish","5":"product_cat-bilim-kurgu","6":"product_cat-edebiyat","7":"pa_cilt-ciltsiz","8":"pa_tur-kitap","9":"pa_yayinevi-epsilon-yayinlari","10":"pa_yazar-arik-kershenbaum","12":"first","13":"instock","14":"sale","15":"shipping-taxable","16":"purchasable","17":"product-type-simple"},"_links":{"self":[{"href":"https:\/\/roveyayinevi.com.tr\/index.php\/wp-json\/wp\/v2\/product\/756409","targetHints":{"allow":["GET"]}}],"collection":[{"href":"https:\/\/roveyayinevi.com.tr\/index.php\/wp-json\/wp\/v2\/product"}],"about":[{"href":"https:\/\/roveyayinevi.com.tr\/index.php\/wp-json\/wp\/v2\/types\/product"}],"wp:attachment":[{"href":"https:\/\/roveyayinevi.com.tr\/index.php\/wp-json\/wp\/v2\/media?parent=756409"}],"wp:term":[{"taxonomy":"product_brand","embeddable":true,"href":"https:\/\/roveyayinevi.com.tr\/index.php\/wp-json\/wp\/v2\/product_brand?post=756409"},{"taxonomy":"product_cat","embeddable":true,"href":"https:\/\/roveyayinevi.com.tr\/index.php\/wp-json\/wp\/v2\/product_cat?post=756409"},{"taxonomy":"product_tag","embeddable":true,"href":"https:\/\/roveyayinevi.com.tr\/index.php\/wp-json\/wp\/v2\/product_tag?post=756409"}],"curies":[{"name":"wp","href":"https:\/\/api.w.org\/{rel}","templated":true}]}}