{"id":756408,"date":"2025-08-28T07:07:01","date_gmt":"2025-08-28T04:07:01","guid":{"rendered":"https:\/\/roveyayinevi.com.tr\/index.php\/urun\/ugruna-olunen-bayrak\/"},"modified":"2026-04-16T03:09:34","modified_gmt":"2026-04-16T00:09:34","slug":"ugruna-olunen-bayrak","status":"publish","type":"product","link":"https:\/\/roveyayinevi.com.tr\/index.php\/urun\/ugruna-olunen-bayrak\/","title":{"rendered":"U\u011fruna \u00d6l\u00fcnen Bayrak"},"content":{"rendered":"<p>\u00dclkenizin bayra\u011f\u0131n\u0131 dalgalan\u0131rken g\u00f6rd\u00fc\u011f\u00fcn\u00fczde ne hissediyorsunuz?   Bayraklar, binlerce y\u0131ld\u0131r ya\u015fad\u0131\u011f\u0131m\u0131z topraklara olan umutlar\u0131m\u0131z\u0131, hayallerimizi ve hatta \u00f6fkemizi temsil ediyor. Onlar\u0131 seviyoruz. Onlar\u0131 dalgaland\u0131r\u0131yoruz. Onlar\u0131 yak\u0131yoruz. Hatta yirmi birinci y\u00fczy\u0131lda dahi, h\u00e2l\u00e2 onlar i\u00e7in \u00f6l\u00fcyoruz. Bayraklar d\u00fcnyan\u0131n her Yerinde akla hayale gelmeyecek bir\u00e7ok yerde dalgalanabiliyor. Sadece y\u00f6neticilerin de\u011fil, halklar\u0131n da politikalar\u0131n\u0131 temsil ediyorlar.   \u00c7in\u2019de yeniden g\u00fcn y\u00fcz\u00fcne \u00e7\u0131kan milliyet\u00e7ilik duygusuna, Avrupa ve ABD\u2019deki tart\u0131\u015fmal\u0131 kimliklere ve hatta \u0130slam Devleti\u2019nin y\u00fckseli\u015fine bak\u0131l\u0131rsa, d\u00fcnya \u015fu anda son derece kafa kar\u0131\u015ft\u0131r\u0131c\u0131 ve karma\u015f\u0131k bir yer. Hi\u00e7 olmazsa insanlar\u0131n etraf\u0131nda topland\u0131\u011f\u0131 bu eski ve yeni sembolleri anlamam\u0131z gerekiyor.   Amerika Birle\u015fik Devletleri ve Birle\u015fik Krall\u0131k bayra\u011f\u0131n\u0131n, Avrupa, Orta Do\u011fu, Asya ve Afrika\u2019daki \u00fclkelerin bayraklar\u0131n\u0131n ve \u00e7e\u015fitli \u00f6rg\u00fct bayraklar\u0131n\u0131n tarihini ve sembollerini inceleyen Tim Marshall, U\u011fruna \u00d6l\u00fcnen Bayrak\u2019ta bizi bazen birle\u015ftiren bazen b\u00f6len bu sembollerin g\u00fc\u00e7lerini ve politikalar\u0131n\u0131 g\u00f6zler \u00f6n\u00fcne sermek i\u00e7in yirmi be\u015f y\u0131l\u0131 a\u015fan k\u00fcresel habercilik deneyiminden yararlan\u0131yor.<\/p>\n","protected":false},"excerpt":{"rendered":"<p>\u00dclkenizin bayra\u011f\u0131n\u0131 dalgalan\u0131rken g\u00f6rd\u00fc\u011f\u00fcn\u00fczde ne hissediyorsunuz? Bayraklar, binlerce y\u0131ld\u0131r ya\u015fad\u0131\u011f\u0131m\u0131z topraklara olan umutlar\u0131m\u0131z\u0131, hayallerimizi ve hatta \u00f6fkemizi temsil ediyor. Onlar\u0131 seviyoruz. Onlar\u0131 dalgaland\u0131r\u0131yoruz. Onlar\u0131 yak\u0131yoruz. Hatta<span class=\"excerpt-hellip\"> [\u2026]<\/span><\/p>\n","protected":false},"featured_media":0,"template":"","meta":{"_monsterinsights_skip_tracking":false,"_monsterinsights_sitenote_active":false,"_monsterinsights_sitenote_note":"","_monsterinsights_sitenote_category":0},"product_brand":[],"product_cat":[13059,12337],"product_tag":[],"class_list":{"0":"post-756408","1":"product","2":"type-product","3":"status-publish","5":"product_cat-diger-politika-siyaset","6":"product_cat-politika-siyaset","7":"pa_cilt-ciltsiz","8":"pa_tur-kitap","9":"pa_yayinevi-epsilon-yayinlari","10":"pa_yazar-tim-marshall","12":"first","13":"instock","14":"sale","15":"shipping-taxable","16":"purchasable","17":"product-type-simple"},"_links":{"self":[{"href":"https:\/\/roveyayinevi.com.tr\/index.php\/wp-json\/wp\/v2\/product\/756408","targetHints":{"allow":["GET"]}}],"collection":[{"href":"https:\/\/roveyayinevi.com.tr\/index.php\/wp-json\/wp\/v2\/product"}],"about":[{"href":"https:\/\/roveyayinevi.com.tr\/index.php\/wp-json\/wp\/v2\/types\/product"}],"wp:attachment":[{"href":"https:\/\/roveyayinevi.com.tr\/index.php\/wp-json\/wp\/v2\/media?parent=756408"}],"wp:term":[{"taxonomy":"product_brand","embeddable":true,"href":"https:\/\/roveyayinevi.com.tr\/index.php\/wp-json\/wp\/v2\/product_brand?post=756408"},{"taxonomy":"product_cat","embeddable":true,"href":"https:\/\/roveyayinevi.com.tr\/index.php\/wp-json\/wp\/v2\/product_cat?post=756408"},{"taxonomy":"product_tag","embeddable":true,"href":"https:\/\/roveyayinevi.com.tr\/index.php\/wp-json\/wp\/v2\/product_tag?post=756408"}],"curies":[{"name":"wp","href":"https:\/\/api.w.org\/{rel}","templated":true}]}}