{"id":756407,"date":"2025-08-28T07:06:59","date_gmt":"2025-08-28T04:06:59","guid":{"rendered":"https:\/\/roveyayinevi.com.tr\/index.php\/urun\/duasiz-ve-torensiz\/"},"modified":"2026-04-12T03:13:34","modified_gmt":"2026-04-12T00:13:34","slug":"duasiz-ve-torensiz","status":"publish","type":"product","link":"https:\/\/roveyayinevi.com.tr\/index.php\/urun\/duasiz-ve-torensiz\/","title":{"rendered":"Duas\u0131z ve T\u00f6rensiz"},"content":{"rendered":"<p>\u201cYola bakt\u0131m, yolda kald\u0131m, ne gitmeye cesaretim ne d\u00f6nmek i\u00e7in tesellim vard\u0131.\u201d Beyda Y\u0131ld\u0131z, Siirt\u2019ten Almanya\u2019ya uzanan gen\u00e7 bir \u00f6mr\u00fcn, merhemi olmayan derin bir yaran\u0131n, unutmak ve hat\u0131rlamak aras\u0131ndaki karl\u0131 yolun hik\u00e2yesini anlat\u0131yor Duas\u0131z ve T\u00f6rensiz\u2019de: Birbirinden ayr\u0131 d\u00fc\u015fen Neval ve Hasan\u2019\u0131n kalbinde k\u00f6k salan ve zamanla bir sarma\u015f\u0131k gibi dolanarak ya\u015fam\u0131n ta kendisine d\u00f6n\u00fc\u015fen b\u00fcy\u00fck yas\u0131n g\u00fcnlerini say\u0131yor. Ba\u015fka bir dilde b\u00fcy\u00fcmeye zorlanm\u0131\u015flar\u0131n, kayb\u0131n\u0131 ararken kaybolanlar\u0131n, hasretin ruhlarda b\u0131rakt\u0131\u011f\u0131 yak\u0131c\u0131 bo\u015flu\u011fun roman\u0131 bu; \u00f6l\u00fc topra\u011f\u0131 yiyenlerin roman\u0131. Sekine Ninem ye\u015fil nak\u0131\u015fl\u0131 elleriyle mezardan bir avu\u00e7 so\u011fuk toprak ald\u0131. Sarsak ad\u0131mlarla yan\u0131ma y\u00fcr\u00fcd\u00fc. Yakla\u015ft\u0131, yakla\u015ft\u0131, daha da yak- la\u015ft\u0131. \u00c7enemi iki eliyle tuttu. Avaz\u0131mla a\u00e7\u0131lan a\u011fz\u0131ma bir avu\u00e7 kara topra\u011f\u0131 t\u0131kt\u0131: \u201cBu senin \u00f6l\u00fc topra\u011f\u0131nd\u0131r. G\u0131d\u0131m g\u0131d\u0131m ye Nevalim, g\u0131d\u0131m g\u0131d\u0131m.\u201d<\/p>\n","protected":false},"excerpt":{"rendered":"<p>\u201cYola bakt\u0131m, yolda kald\u0131m, ne gitmeye cesaretim ne d\u00f6nmek i\u00e7in tesellim vard\u0131.\u201d Beyda Y\u0131ld\u0131z, Siirt\u2019ten Almanya\u2019ya uzanan gen\u00e7 bir \u00f6mr\u00fcn, merhemi olmayan derin bir yaran\u0131n, unutmak<span class=\"excerpt-hellip\"> [\u2026]<\/span><\/p>\n","protected":false},"featured_media":0,"template":"","meta":{"_monsterinsights_skip_tracking":false,"_monsterinsights_sitenote_active":false,"_monsterinsights_sitenote_note":"","_monsterinsights_sitenote_category":0},"product_brand":[],"product_cat":[12291,12711],"product_tag":[],"class_list":{"0":"post-756407","1":"product","2":"type-product","3":"status-publish","5":"product_cat-edebiyat","6":"product_cat-roman-oyku","7":"pa_cilt-ciltsiz","8":"pa_tur-kitap","9":"pa_yayinevi-everest-yayinlari","10":"pa_yazar-beyda-yildiz","12":"first","13":"instock","14":"sale","15":"shipping-taxable","16":"purchasable","17":"product-type-simple"},"_links":{"self":[{"href":"https:\/\/roveyayinevi.com.tr\/index.php\/wp-json\/wp\/v2\/product\/756407","targetHints":{"allow":["GET"]}}],"collection":[{"href":"https:\/\/roveyayinevi.com.tr\/index.php\/wp-json\/wp\/v2\/product"}],"about":[{"href":"https:\/\/roveyayinevi.com.tr\/index.php\/wp-json\/wp\/v2\/types\/product"}],"wp:attachment":[{"href":"https:\/\/roveyayinevi.com.tr\/index.php\/wp-json\/wp\/v2\/media?parent=756407"}],"wp:term":[{"taxonomy":"product_brand","embeddable":true,"href":"https:\/\/roveyayinevi.com.tr\/index.php\/wp-json\/wp\/v2\/product_brand?post=756407"},{"taxonomy":"product_cat","embeddable":true,"href":"https:\/\/roveyayinevi.com.tr\/index.php\/wp-json\/wp\/v2\/product_cat?post=756407"},{"taxonomy":"product_tag","embeddable":true,"href":"https:\/\/roveyayinevi.com.tr\/index.php\/wp-json\/wp\/v2\/product_tag?post=756407"}],"curies":[{"name":"wp","href":"https:\/\/api.w.org\/{rel}","templated":true}]}}