{"id":756406,"date":"2025-08-28T07:06:57","date_gmt":"2025-08-28T04:06:57","guid":{"rendered":"https:\/\/roveyayinevi.com.tr\/index.php\/urun\/manifest-gunlugu\/"},"modified":"2026-04-12T03:13:34","modified_gmt":"2026-04-12T00:13:34","slug":"manifest-gunlugu","status":"publish","type":"product","link":"https:\/\/roveyayinevi.com.tr\/index.php\/urun\/manifest-gunlugu\/","title":{"rendered":"Manifest G\u00fcnl\u00fc\u011f\u00fc"},"content":{"rendered":"<p>Hayat\u0131n\u0131n geri kalan\u0131n\u0131 zengin, doyumlu, ba\u015far\u0131l\u0131, mutlu ve anlaml\u0131 bir \u015fekilde ya\u015famak senin elinde. Zengin olarak ya\u015famay\u0131, hakiki a\u015fk\u0131, her t\u00fcrl\u00fc ba\u015far\u0131y\u0131 hayat\u0131na dahil etmeye karar verecek olan sensin. Bu g\u00fcnl\u00fck, Kuantum Tezah\u00fcr Alan\u0131\u2019nda ger\u00e7ekle\u015fmesine niyet etti\u011fin ne varsa, sana bunu sa\u011flamay\u0131 garanti eder, d\u00fczenli olarak uygulaman \u015fart\u0131yla. Ay\u015fe Tolga Kuantum Tezah\u00fcr Ustal\u0131\u011f\u0131 Ko\u00e7u <\/p>\n","protected":false},"excerpt":{"rendered":"<p>Hayat\u0131n\u0131n geri kalan\u0131n\u0131 zengin, doyumlu, ba\u015far\u0131l\u0131, mutlu ve anlaml\u0131 bir \u015fekilde ya\u015famak senin elinde. Zengin olarak ya\u015famay\u0131, hakiki a\u015fk\u0131, her t\u00fcrl\u00fc ba\u015far\u0131y\u0131 hayat\u0131na dahil etmeye karar<span class=\"excerpt-hellip\"> [\u2026]<\/span><\/p>\n","protected":false},"featured_media":0,"template":"","meta":{"_monsterinsights_skip_tracking":false,"_monsterinsights_sitenote_active":false,"_monsterinsights_sitenote_note":"","_monsterinsights_sitenote_category":0},"product_brand":[],"product_cat":[12364,12376],"product_tag":[],"class_list":{"0":"post-756406","1":"product","2":"type-product","3":"status-publish","5":"product_cat-genel-konular","6":"product_cat-kisisel-gelisim","7":"pa_cilt-ciltsiz","8":"pa_tur-kitap","9":"pa_yayinevi-destek-yayinlari","10":"pa_yazar-ayse-tolga","12":"first","13":"instock","14":"sale","15":"shipping-taxable","16":"purchasable","17":"product-type-simple"},"_links":{"self":[{"href":"https:\/\/roveyayinevi.com.tr\/index.php\/wp-json\/wp\/v2\/product\/756406","targetHints":{"allow":["GET"]}}],"collection":[{"href":"https:\/\/roveyayinevi.com.tr\/index.php\/wp-json\/wp\/v2\/product"}],"about":[{"href":"https:\/\/roveyayinevi.com.tr\/index.php\/wp-json\/wp\/v2\/types\/product"}],"wp:attachment":[{"href":"https:\/\/roveyayinevi.com.tr\/index.php\/wp-json\/wp\/v2\/media?parent=756406"}],"wp:term":[{"taxonomy":"product_brand","embeddable":true,"href":"https:\/\/roveyayinevi.com.tr\/index.php\/wp-json\/wp\/v2\/product_brand?post=756406"},{"taxonomy":"product_cat","embeddable":true,"href":"https:\/\/roveyayinevi.com.tr\/index.php\/wp-json\/wp\/v2\/product_cat?post=756406"},{"taxonomy":"product_tag","embeddable":true,"href":"https:\/\/roveyayinevi.com.tr\/index.php\/wp-json\/wp\/v2\/product_tag?post=756406"}],"curies":[{"name":"wp","href":"https:\/\/api.w.org\/{rel}","templated":true}]}}