{"id":756405,"date":"2025-08-28T07:06:56","date_gmt":"2025-08-28T04:06:56","guid":{"rendered":"https:\/\/roveyayinevi.com.tr\/index.php\/urun\/iyi-olus-gunlugu\/"},"modified":"2026-04-11T03:18:17","modified_gmt":"2026-04-11T00:18:17","slug":"iyi-olus-gunlugu","status":"publish","type":"product","link":"https:\/\/roveyayinevi.com.tr\/index.php\/urun\/iyi-olus-gunlugu\/","title":{"rendered":"\u0130yi Olu\u015f G\u00fcnl\u00fc\u011f\u00fc"},"content":{"rendered":"<p>Bu g\u00fcnl\u00fck; ba\u015ftan ba\u015flayanlara, yar\u0131m kalanlara, ad\u0131m atmaya mecali olmayanlara, yaln\u0131z y\u00fcr\u00fcmekten korkanlara, ilerlemek i\u00e7in sebep arayanlara ait. Bu g\u00fcnl\u00fck; kaynaklar\u0131n\u0131 ke\u015ffedebilmen, kendini besleyebilmen, her ko\u015fulda \u00e7i\u00e7ek a\u00e7abilmen i\u00e7in sana yard\u0131mc\u0131 olacak. Ne zaman ihtiya\u00e7 duyarsan yan\u0131nda duracak. Kayboldu\u011funda yoluna \u0131\u015f\u0131k tutacak. Daha iyi bir ya\u015fam i\u00e7in \u00e7\u0131kt\u0131\u011f\u0131n yolda, sana e\u015flik edecek. Herkes varm\u0131\u015f da sen yokmu\u015fsun, herkes tamm\u0131\u015f da sen yar\u0131mm\u0131\u015fs\u0131n, herkes yolu biliyormu\u015f da sen kaybolmu\u015fsun gibi hissetti\u011finde, yaln\u0131z olmad\u0131\u011f\u0131n\u0131 f\u0131s\u0131lday\u0131p kalbine konacak. <\/p>\n","protected":false},"excerpt":{"rendered":"<p>Bu g\u00fcnl\u00fck; ba\u015ftan ba\u015flayanlara, yar\u0131m kalanlara, ad\u0131m atmaya mecali olmayanlara, yaln\u0131z y\u00fcr\u00fcmekten korkanlara, ilerlemek i\u00e7in sebep arayanlara ait. Bu g\u00fcnl\u00fck; kaynaklar\u0131n\u0131 ke\u015ffedebilmen, kendini besleyebilmen, her ko\u015fulda<span class=\"excerpt-hellip\"> [\u2026]<\/span><\/p>\n","protected":false},"featured_media":0,"template":"","meta":{"_monsterinsights_skip_tracking":false,"_monsterinsights_sitenote_active":false,"_monsterinsights_sitenote_note":"","_monsterinsights_sitenote_category":0},"product_brand":[],"product_cat":[12364,12376],"product_tag":[],"class_list":{"0":"post-756405","1":"product","2":"type-product","3":"status-publish","5":"product_cat-genel-konular","6":"product_cat-kisisel-gelisim","7":"pa_cilt-ciltsiz","8":"pa_tur-kitap","9":"pa_yayinevi-destek-yayinlari","10":"pa_yazar-ceren-onurlu","12":"first","13":"instock","14":"sale","15":"shipping-taxable","16":"purchasable","17":"product-type-simple"},"_links":{"self":[{"href":"https:\/\/roveyayinevi.com.tr\/index.php\/wp-json\/wp\/v2\/product\/756405","targetHints":{"allow":["GET"]}}],"collection":[{"href":"https:\/\/roveyayinevi.com.tr\/index.php\/wp-json\/wp\/v2\/product"}],"about":[{"href":"https:\/\/roveyayinevi.com.tr\/index.php\/wp-json\/wp\/v2\/types\/product"}],"wp:attachment":[{"href":"https:\/\/roveyayinevi.com.tr\/index.php\/wp-json\/wp\/v2\/media?parent=756405"}],"wp:term":[{"taxonomy":"product_brand","embeddable":true,"href":"https:\/\/roveyayinevi.com.tr\/index.php\/wp-json\/wp\/v2\/product_brand?post=756405"},{"taxonomy":"product_cat","embeddable":true,"href":"https:\/\/roveyayinevi.com.tr\/index.php\/wp-json\/wp\/v2\/product_cat?post=756405"},{"taxonomy":"product_tag","embeddable":true,"href":"https:\/\/roveyayinevi.com.tr\/index.php\/wp-json\/wp\/v2\/product_tag?post=756405"}],"curies":[{"name":"wp","href":"https:\/\/api.w.org\/{rel}","templated":true}]}}