{"id":756404,"date":"2025-08-28T07:06:54","date_gmt":"2025-08-28T04:06:54","guid":{"rendered":"https:\/\/roveyayinevi.com.tr\/index.php\/urun\/hanako-ve-sedir-agaci\/"},"modified":"2026-04-16T03:09:34","modified_gmt":"2026-04-16T00:09:34","slug":"hanako-ve-sedir-agaci","status":"publish","type":"product","link":"https:\/\/roveyayinevi.com.tr\/index.php\/urun\/hanako-ve-sedir-agaci\/","title":{"rendered":"Hanako ve Sedir A\u011fac\u0131"},"content":{"rendered":"<p>Bir bal\u0131k\u00e7\u0131 k\u00f6y\u00fcnde ya\u015fayan K\u00fc\u00e7\u00fck Hanako, b\u00fcy\u00fckannesine destek olmak i\u00e7in her g\u00fcn kasabaya gidermi\u015f. Onu yolda kocaman bir sedir a\u011fac\u0131 kar\u015f\u0131larm\u0131\u015f. Hanako anlat\u0131r, sedir a\u011fac\u0131 da dinlermi\u015f. Hanako\u2019nun en yak\u0131n dostu, o sedir a\u011fac\u0131ym\u0131\u015f. Bir g\u00fcn, bu iki dost i\u00e7in veda vakti gelmi\u015f. Ama bu veda bir son de\u011filmi\u015f. \u00c7\u00fcnk\u00fc baz\u0131 masallar asl\u0131nda hi\u00e7 bitmezmi\u015f, Hanako ve Sedir A\u011fac\u0131 da o masallardan biriymi\u015f.<\/p>\n","protected":false},"excerpt":{"rendered":"<p>Bir bal\u0131k\u00e7\u0131 k\u00f6y\u00fcnde ya\u015fayan K\u00fc\u00e7\u00fck Hanako, b\u00fcy\u00fckannesine destek olmak i\u00e7in her g\u00fcn kasabaya gidermi\u015f. Onu yolda kocaman bir sedir a\u011fac\u0131 kar\u015f\u0131larm\u0131\u015f. Hanako anlat\u0131r, sedir a\u011fac\u0131 da<span class=\"excerpt-hellip\"> [\u2026]<\/span><\/p>\n","protected":false},"featured_media":0,"template":"","meta":{"_monsterinsights_skip_tracking":false,"_monsterinsights_sitenote_active":false,"_monsterinsights_sitenote_note":"","_monsterinsights_sitenote_category":0},"product_brand":[],"product_cat":[12274],"product_tag":[],"class_list":{"0":"post-756404","1":"product","2":"type-product","3":"status-publish","5":"product_cat-cocuk-ve-genclik-kitaplari","6":"pa_cilt-ciltsiz","7":"pa_tur-kitap","8":"pa_yayinevi-masalperest-ozel-urun","9":"pa_yazar-akasya-asilturkmen","11":"first","12":"instock","13":"sale","14":"shipping-taxable","15":"purchasable","16":"product-type-simple"},"_links":{"self":[{"href":"https:\/\/roveyayinevi.com.tr\/index.php\/wp-json\/wp\/v2\/product\/756404","targetHints":{"allow":["GET"]}}],"collection":[{"href":"https:\/\/roveyayinevi.com.tr\/index.php\/wp-json\/wp\/v2\/product"}],"about":[{"href":"https:\/\/roveyayinevi.com.tr\/index.php\/wp-json\/wp\/v2\/types\/product"}],"wp:attachment":[{"href":"https:\/\/roveyayinevi.com.tr\/index.php\/wp-json\/wp\/v2\/media?parent=756404"}],"wp:term":[{"taxonomy":"product_brand","embeddable":true,"href":"https:\/\/roveyayinevi.com.tr\/index.php\/wp-json\/wp\/v2\/product_brand?post=756404"},{"taxonomy":"product_cat","embeddable":true,"href":"https:\/\/roveyayinevi.com.tr\/index.php\/wp-json\/wp\/v2\/product_cat?post=756404"},{"taxonomy":"product_tag","embeddable":true,"href":"https:\/\/roveyayinevi.com.tr\/index.php\/wp-json\/wp\/v2\/product_tag?post=756404"}],"curies":[{"name":"wp","href":"https:\/\/api.w.org\/{rel}","templated":true}]}}