{"id":756402,"date":"2025-08-28T07:06:51","date_gmt":"2025-08-28T04:06:51","guid":{"rendered":"https:\/\/roveyayinevi.com.tr\/index.php\/urun\/afacan-besler-macera-pesinde\/"},"modified":"2026-04-16T03:09:34","modified_gmt":"2026-04-16T00:09:34","slug":"afacan-besler-macera-pesinde","status":"publish","type":"product","link":"https:\/\/roveyayinevi.com.tr\/index.php\/urun\/afacan-besler-macera-pesinde\/","title":{"rendered":"Afacan Be\u015fler Macera Pe\u015finde"},"content":{"rendered":"<p>Afacan Be\u015fler serisinin ikinci kitab\u0131nda Julian, Dick, Ann, George ve sevimli Timmy yeni bir maceraya at\u0131l\u0131yor. Gizemlerin pe\u015finden gitmeyi \u00e7ok seven grubumuz tesad\u00fcfen bulduklar\u0131 eski haritan\u0131n gizli bir ge\u00e7idin yerini g\u00f6sterdi\u011finden \u015f\u00fcpheleniyorlar. Tam ke\u015ffe \u00e7\u0131kacaklarken Quentin Amca\u2019n\u0131n \u00e7ok \u00f6nemli belgeleri ortadan kayboluyor ve ger\u00e7ek bir hazine av\u0131 ba\u015fl\u0131yor! George ve Timmy\u2019nin su\u00e7lunun kim oldu\u011funa dair baz\u0131 \u015f\u00fcpheleri var. Fakat grubun kalan\u0131n\u0131 ikna etmeleri hi\u00e7 de kolay olmayacak. <\/p>\n","protected":false},"excerpt":{"rendered":"<p>Afacan Be\u015fler serisinin ikinci kitab\u0131nda Julian, Dick, Ann, George ve sevimli Timmy yeni bir maceraya at\u0131l\u0131yor. Gizemlerin pe\u015finden gitmeyi \u00e7ok seven grubumuz tesad\u00fcfen bulduklar\u0131 eski haritan\u0131n<span class=\"excerpt-hellip\"> [\u2026]<\/span><\/p>\n","protected":false},"featured_media":0,"template":"","meta":{"_monsterinsights_skip_tracking":false,"_monsterinsights_sitenote_active":false,"_monsterinsights_sitenote_note":"","_monsterinsights_sitenote_category":0},"product_brand":[],"product_cat":[12274],"product_tag":[],"class_list":{"0":"post-756402","1":"product","2":"type-product","3":"status-publish","5":"product_cat-cocuk-ve-genclik-kitaplari","6":"pa_cilt-ciltsiz","7":"pa_tur-kitap","8":"pa_yayinevi-redhouse-kidz-yayinlari","9":"pa_yazar-enid-blyton","11":"first","12":"instock","13":"sale","14":"shipping-taxable","15":"purchasable","16":"product-type-simple"},"_links":{"self":[{"href":"https:\/\/roveyayinevi.com.tr\/index.php\/wp-json\/wp\/v2\/product\/756402","targetHints":{"allow":["GET"]}}],"collection":[{"href":"https:\/\/roveyayinevi.com.tr\/index.php\/wp-json\/wp\/v2\/product"}],"about":[{"href":"https:\/\/roveyayinevi.com.tr\/index.php\/wp-json\/wp\/v2\/types\/product"}],"wp:attachment":[{"href":"https:\/\/roveyayinevi.com.tr\/index.php\/wp-json\/wp\/v2\/media?parent=756402"}],"wp:term":[{"taxonomy":"product_brand","embeddable":true,"href":"https:\/\/roveyayinevi.com.tr\/index.php\/wp-json\/wp\/v2\/product_brand?post=756402"},{"taxonomy":"product_cat","embeddable":true,"href":"https:\/\/roveyayinevi.com.tr\/index.php\/wp-json\/wp\/v2\/product_cat?post=756402"},{"taxonomy":"product_tag","embeddable":true,"href":"https:\/\/roveyayinevi.com.tr\/index.php\/wp-json\/wp\/v2\/product_tag?post=756402"}],"curies":[{"name":"wp","href":"https:\/\/api.w.org\/{rel}","templated":true}]}}