{"id":756401,"date":"2025-08-28T07:06:50","date_gmt":"2025-08-28T04:06:50","guid":{"rendered":"https:\/\/roveyayinevi.com.tr\/index.php\/urun\/afacan-besler-define-adasinda\/"},"modified":"2026-04-16T03:09:34","modified_gmt":"2026-04-16T00:09:34","slug":"afacan-besler-define-adasinda","status":"publish","type":"product","link":"https:\/\/roveyayinevi.com.tr\/index.php\/urun\/afacan-besler-define-adasinda\/","title":{"rendered":"Afacan Be\u015fler Define Adas\u0131nda"},"content":{"rendered":"<p>Julian, Dick ve Ann karde\u015fler ilk kez tatillerini kuzen George ve k\u00f6pe\u011fi Timmy ile ge\u00e7irecekleri i\u00e7in \u00e7ok heyecanl\u0131lar. Daha \u00f6nce hep yaln\u0131z ba\u015f\u0131na oynayan George\u2019un da hayat\u0131 da kuzenlerinin geli\u015fiyle ba\u015ftan sonra de\u011fi\u015fecek ve \u00e7ok daha e\u011flenceli bir hal alacak. Birlikte Afacan Be\u015fler\u2019i olu\u015fturan bu k\u00fc\u00e7\u00fck grup, serinin ilk kitab\u0131nda Kirrin Adas\u0131\u2019n\u0131 ziyaret edecek ve kay\u0131p bir definenin pe\u015fine d\u00fc\u015fecekler. Fakat sonunda kendilerini eski bir kalenin karanl\u0131k ve t\u00fcyler \u00fcrpertici zindanlar\u0131nda bulacaklar. \u00dcstelik orada yaln\u0131z olmad\u0131klar\u0131 ortaya \u00e7\u0131kacak! <\/p>\n","protected":false},"excerpt":{"rendered":"<p>Julian, Dick ve Ann karde\u015fler ilk kez tatillerini kuzen George ve k\u00f6pe\u011fi Timmy ile ge\u00e7irecekleri i\u00e7in \u00e7ok heyecanl\u0131lar. Daha \u00f6nce hep yaln\u0131z ba\u015f\u0131na oynayan George\u2019un da<span class=\"excerpt-hellip\"> [\u2026]<\/span><\/p>\n","protected":false},"featured_media":0,"template":"","meta":{"_monsterinsights_skip_tracking":false,"_monsterinsights_sitenote_active":false,"_monsterinsights_sitenote_note":"","_monsterinsights_sitenote_category":0},"product_brand":[],"product_cat":[12274],"product_tag":[],"class_list":{"0":"post-756401","1":"product","2":"type-product","3":"status-publish","5":"product_cat-cocuk-ve-genclik-kitaplari","6":"pa_cilt-ciltsiz","7":"pa_tur-kitap","8":"pa_yayinevi-redhouse-kidz-yayinlari","9":"pa_yazar-enid-blyton","11":"first","12":"instock","13":"sale","14":"shipping-taxable","15":"purchasable","16":"product-type-simple"},"_links":{"self":[{"href":"https:\/\/roveyayinevi.com.tr\/index.php\/wp-json\/wp\/v2\/product\/756401","targetHints":{"allow":["GET"]}}],"collection":[{"href":"https:\/\/roveyayinevi.com.tr\/index.php\/wp-json\/wp\/v2\/product"}],"about":[{"href":"https:\/\/roveyayinevi.com.tr\/index.php\/wp-json\/wp\/v2\/types\/product"}],"wp:attachment":[{"href":"https:\/\/roveyayinevi.com.tr\/index.php\/wp-json\/wp\/v2\/media?parent=756401"}],"wp:term":[{"taxonomy":"product_brand","embeddable":true,"href":"https:\/\/roveyayinevi.com.tr\/index.php\/wp-json\/wp\/v2\/product_brand?post=756401"},{"taxonomy":"product_cat","embeddable":true,"href":"https:\/\/roveyayinevi.com.tr\/index.php\/wp-json\/wp\/v2\/product_cat?post=756401"},{"taxonomy":"product_tag","embeddable":true,"href":"https:\/\/roveyayinevi.com.tr\/index.php\/wp-json\/wp\/v2\/product_tag?post=756401"}],"curies":[{"name":"wp","href":"https:\/\/api.w.org\/{rel}","templated":true}]}}