{"id":756400,"date":"2025-08-28T07:06:48","date_gmt":"2025-08-28T04:06:48","guid":{"rendered":"https:\/\/roveyayinevi.com.tr\/index.php\/urun\/afacan-besler-buyuk-kacis\/"},"modified":"2026-04-16T03:09:34","modified_gmt":"2026-04-16T00:09:34","slug":"afacan-besler-buyuk-kacis","status":"publish","type":"product","link":"https:\/\/roveyayinevi.com.tr\/index.php\/urun\/afacan-besler-buyuk-kacis\/","title":{"rendered":"Afacan Be\u015fler B\u00fcy\u00fck Ka\u00e7\u0131\u015f"},"content":{"rendered":"<p>Gizemli maceralar Afacan Be\u015fler&#8217;in pe\u015fini b\u0131rakm\u0131yor. Serinin \u00fc\u00e7\u00fcnc\u00fc kitab\u0131nda Fanny Yenge hastalan\u0131yor ve Quentin Amca ile bir s\u00fcreli\u011fine uzak bir b\u00f6lgedeki bir hastanede kalmaya gidiyorlar. \u00c7ocuklarla ilgilenmek i\u00e7in eve ge\u00e7ici olarak yerle\u015fen Stick ailesi ise sevimsiz tav\u0131rlar\u0131yla Afacan Be\u015fler\u2019i huzursuz ediyor. \u00c7areyi Kirrin Adas\u0131\u2019na ka\u00e7makta bulan George\u2019un pe\u015fine di\u011ferleri de tak\u0131l\u0131nca grubumuz kendilerini adada gizemli bir maceran\u0131n i\u00e7inde buluyorlar. Enkazda rastlad\u0131klar\u0131 s\u0131ms\u0131k\u0131 kilitli siyah sand\u0131k ve gece yar\u0131s\u0131 duyduklar\u0131 t\u00fcyler \u00fcrpertici \u00e7\u0131\u011fl\u0131kla gizem art\u0131yor. Adada onlardan ba\u015fka kimler var ve neyin pe\u015findeler? <\/p>\n","protected":false},"excerpt":{"rendered":"<p>Gizemli maceralar Afacan Be\u015fler&#8217;in pe\u015fini b\u0131rakm\u0131yor. Serinin \u00fc\u00e7\u00fcnc\u00fc kitab\u0131nda Fanny Yenge hastalan\u0131yor ve Quentin Amca ile bir s\u00fcreli\u011fine uzak bir b\u00f6lgedeki bir hastanede kalmaya gidiyorlar. \u00c7ocuklarla<span class=\"excerpt-hellip\"> [\u2026]<\/span><\/p>\n","protected":false},"featured_media":0,"template":"","meta":{"_monsterinsights_skip_tracking":false,"_monsterinsights_sitenote_active":false,"_monsterinsights_sitenote_note":"","_monsterinsights_sitenote_category":0},"product_brand":[],"product_cat":[12274],"product_tag":[],"class_list":{"0":"post-756400","1":"product","2":"type-product","3":"status-publish","5":"product_cat-cocuk-ve-genclik-kitaplari","6":"pa_cilt-ciltsiz","7":"pa_tur-kitap","8":"pa_yayinevi-redhouse-kidz-yayinlari","9":"pa_yazar-enid-blyton","11":"first","12":"instock","13":"sale","14":"shipping-taxable","15":"purchasable","16":"product-type-simple"},"_links":{"self":[{"href":"https:\/\/roveyayinevi.com.tr\/index.php\/wp-json\/wp\/v2\/product\/756400","targetHints":{"allow":["GET"]}}],"collection":[{"href":"https:\/\/roveyayinevi.com.tr\/index.php\/wp-json\/wp\/v2\/product"}],"about":[{"href":"https:\/\/roveyayinevi.com.tr\/index.php\/wp-json\/wp\/v2\/types\/product"}],"wp:attachment":[{"href":"https:\/\/roveyayinevi.com.tr\/index.php\/wp-json\/wp\/v2\/media?parent=756400"}],"wp:term":[{"taxonomy":"product_brand","embeddable":true,"href":"https:\/\/roveyayinevi.com.tr\/index.php\/wp-json\/wp\/v2\/product_brand?post=756400"},{"taxonomy":"product_cat","embeddable":true,"href":"https:\/\/roveyayinevi.com.tr\/index.php\/wp-json\/wp\/v2\/product_cat?post=756400"},{"taxonomy":"product_tag","embeddable":true,"href":"https:\/\/roveyayinevi.com.tr\/index.php\/wp-json\/wp\/v2\/product_tag?post=756400"}],"curies":[{"name":"wp","href":"https:\/\/api.w.org\/{rel}","templated":true}]}}