{"id":756398,"date":"2025-08-28T07:06:46","date_gmt":"2025-08-28T04:06:46","guid":{"rendered":"https:\/\/roveyayinevi.com.tr\/index.php\/urun\/gunumuz-turkcesiyle-cevdet-tarihi-cilt-1\/"},"modified":"2026-03-31T12:41:36","modified_gmt":"2026-03-31T09:41:36","slug":"gunumuz-turkcesiyle-cevdet-tarihi-cilt-1","status":"publish","type":"product","link":"https:\/\/roveyayinevi.com.tr\/index.php\/urun\/gunumuz-turkcesiyle-cevdet-tarihi-cilt-1\/","title":{"rendered":"G\u00fcn\u00fcm\u00fcz T\u00fcrk\u00e7esiyle Cevdet Tarihi Cilt 1"},"content":{"rendered":"<p>Modern T\u00fcrk tarih\u00e7ili\u011finin kurucusu Ahmet Cevdet Pa\u015fa&#8217;n\u0131n kaleme alm\u0131\u015f oldu\u011fu Cevdet Tarihi, 1774 K\u00fc\u00e7\u00fck Kaynarca Anla\u015fmas\u0131 ile 1826&#8217;da Yeni\u00e7eri Oca\u011f\u0131&#8217;n\u0131n ortadan kald\u0131r\u0131lmas\u0131na kadar olan s\u00fcreci anlatan bir vakan\u00fcvis tarihidir. Ancak ele ald\u0131\u011f\u0131 meseleler ve bu mesele ve olaylar\u0131 anlat\u0131m tarz\u0131 a\u00e7\u0131s\u0131ndan, kendisinden \u00f6nceki hi\u00e7bir vakan\u00fcvise benzemez. \u0130bn Haldun&#8217;un rehberli\u011finde, felsefesi olan ilk tarih\u00e7idir o. Cevdet Tarihi&#8217;nin elinizde bulunan birinci cildi, Ahmet Cevdet Pa\u015fa&#8217;n\u0131n yazd\u0131\u011f\u0131 tarih kitab\u0131na bir giri\u015f, bir &#8216;mukaddime&#8217; niteli\u011findedir. Kulland\u0131\u011f\u0131 kaynaklar\u0131, tarih ilmi hakk\u0131ndaki g\u00f6r\u00fc\u015flerini, \u00f6zet h\u00e2linde kendi zaman\u0131na kadarki \u0130slam ve Avrupa tarihini anlat\u0131r. 1774 tarihine dek Osmanl\u0131 Devleti&#8217;nin ge\u00e7irdi\u011fi t\u00fcm a\u015famalar\u0131 ve i\u00e7ine girdi\u011fi \u00e7\u0131kmazlar\u0131 konu edinir. Okurlar\u0131n\u0131, ayr\u0131nt\u0131l\u0131 olarak anlataca\u011f\u0131 d\u00f6neme haz\u0131rlar. Sapiens Yay\u0131nlar\u0131, bu b\u00fcy\u00fck hukuk\u00e7u, devlet adam\u0131 ve tarih\u00e7inin dev eserini gururla sunar. <\/p>\n","protected":false},"excerpt":{"rendered":"<p>Modern T\u00fcrk tarih\u00e7ili\u011finin kurucusu Ahmet Cevdet Pa\u015fa&#8217;n\u0131n kaleme alm\u0131\u015f oldu\u011fu Cevdet Tarihi, 1774 K\u00fc\u00e7\u00fck Kaynarca Anla\u015fmas\u0131 ile 1826&#8217;da Yeni\u00e7eri Oca\u011f\u0131&#8217;n\u0131n ortadan kald\u0131r\u0131lmas\u0131na kadar olan s\u00fcreci anlatan<span class=\"excerpt-hellip\"> [\u2026]<\/span><\/p>\n","protected":false},"featured_media":0,"template":"","meta":{"_monsterinsights_skip_tracking":false,"_monsterinsights_sitenote_active":false,"_monsterinsights_sitenote_note":"","_monsterinsights_sitenote_category":0},"product_brand":[],"product_cat":[12304],"product_tag":[],"class_list":{"0":"post-756398","1":"product","2":"type-product","3":"status-publish","5":"product_cat-tarih","6":"pa_cilt-ciltsiz","7":"pa_tur-kitap","8":"pa_yayinevi-sapiens-yayinlari","9":"pa_yazar-ahmet-cevdet-pasa","11":"first","12":"instock","13":"sale","14":"shipping-taxable","15":"purchasable","16":"product-type-simple"},"_links":{"self":[{"href":"https:\/\/roveyayinevi.com.tr\/index.php\/wp-json\/wp\/v2\/product\/756398","targetHints":{"allow":["GET"]}}],"collection":[{"href":"https:\/\/roveyayinevi.com.tr\/index.php\/wp-json\/wp\/v2\/product"}],"about":[{"href":"https:\/\/roveyayinevi.com.tr\/index.php\/wp-json\/wp\/v2\/types\/product"}],"wp:attachment":[{"href":"https:\/\/roveyayinevi.com.tr\/index.php\/wp-json\/wp\/v2\/media?parent=756398"}],"wp:term":[{"taxonomy":"product_brand","embeddable":true,"href":"https:\/\/roveyayinevi.com.tr\/index.php\/wp-json\/wp\/v2\/product_brand?post=756398"},{"taxonomy":"product_cat","embeddable":true,"href":"https:\/\/roveyayinevi.com.tr\/index.php\/wp-json\/wp\/v2\/product_cat?post=756398"},{"taxonomy":"product_tag","embeddable":true,"href":"https:\/\/roveyayinevi.com.tr\/index.php\/wp-json\/wp\/v2\/product_tag?post=756398"}],"curies":[{"name":"wp","href":"https:\/\/api.w.org\/{rel}","templated":true}]}}