{"id":756397,"date":"2025-08-28T07:06:44","date_gmt":"2025-08-28T04:06:44","guid":{"rendered":"https:\/\/roveyayinevi.com.tr\/index.php\/urun\/kutahyadan-gulucuk-esintileri\/"},"modified":"2026-04-16T03:09:34","modified_gmt":"2026-04-16T00:09:34","slug":"kutahyadan-gulucuk-esintileri","status":"publish","type":"product","link":"https:\/\/roveyayinevi.com.tr\/index.php\/urun\/kutahyadan-gulucuk-esintileri\/","title":{"rendered":"K\u00fctahya&#8217;dan G\u00fcl\u00fcc\u00fck Esintileri"},"content":{"rendered":"<p>Anadolu k\u00fclt\u00fcr\u00fcm\u00fcz\u00fcn \u00f6nemli bir zenginli\u011fi olan bu f\u0131kra k\u00fclt\u00fcr\u00fc ad\u0131na, ben Salih ERDO\u011eMU\u015e olarak \u0130lkokul g\u00fcnlerinden itibaren ilgimi \u00e7eken olaylar\u0131n konular\u0131n\u0131 yo\u011furarak \u015fiirle\u015ftirme ve f\u0131krala\u015ft\u0131rma \u00e7abas\u0131yla \u00fcretti\u011fim \u015fimdilik 650\u2019nin \u00fczerindeki de\u011ferleri toplayarak yazm\u0131\u015f bulunmaktay\u0131m.   Yaz\u0131lan \u015fiir ve f\u0131kra s\u00f6zlerinden hi\u00e7birinde, ki\u015fileri veya makamlar\u0131 hedef almad\u0131\u011f\u0131m\u0131 belirtmekle birlikte, as\u0131l amac\u0131m insanlar\u0131 g\u00fcld\u00fcrebilmek ve onlar\u0131n mutlu ne\u015feli vakit ge\u00e7irmelerine katk\u0131da bulunabilmektir.   \u00c7\u00fcnk\u00fc mizah nas\u0131l g\u00f6r\u00fcn\u00fcrse g\u00f6r\u00fcns\u00fcn, insan\u0131n g\u00fclme ve d\u00fc\u015f\u00fcnme \u00f6zelli\u011fi, b\u00fct\u00fcn yasaklar\u0131 deldi\u011finden, kitab\u0131m\u0131n ismini K\u00dcTAHYA\u2019DAN G\u00dcL\u00dcC\u00dcK ES\u0130NT\u0130LER\u0130 yazd\u0131m. <\/p>\n","protected":false},"excerpt":{"rendered":"<p>Anadolu k\u00fclt\u00fcr\u00fcm\u00fcz\u00fcn \u00f6nemli bir zenginli\u011fi olan bu f\u0131kra k\u00fclt\u00fcr\u00fc ad\u0131na, ben Salih ERDO\u011eMU\u015e olarak \u0130lkokul g\u00fcnlerinden itibaren ilgimi \u00e7eken olaylar\u0131n konular\u0131n\u0131 yo\u011furarak \u015fiirle\u015ftirme ve f\u0131krala\u015ft\u0131rma \u00e7abas\u0131yla<span class=\"excerpt-hellip\"> [\u2026]<\/span><\/p>\n","protected":false},"featured_media":0,"template":"","meta":{"_monsterinsights_skip_tracking":false,"_monsterinsights_sitenote_active":false,"_monsterinsights_sitenote_note":"","_monsterinsights_sitenote_category":0},"product_brand":[],"product_cat":[12291,103133],"product_tag":[],"class_list":{"0":"post-756397","1":"product","2":"type-product","3":"status-publish","5":"product_cat-edebiyat","6":"product_cat-fikra","7":"pa_cilt-ciltsiz","8":"pa_tur-kitap","9":"pa_yayinevi-gulnar-yayinlari","10":"pa_yazar-salih-erdogmus","12":"first","13":"instock","14":"sale","15":"shipping-taxable","16":"purchasable","17":"product-type-simple"},"_links":{"self":[{"href":"https:\/\/roveyayinevi.com.tr\/index.php\/wp-json\/wp\/v2\/product\/756397","targetHints":{"allow":["GET"]}}],"collection":[{"href":"https:\/\/roveyayinevi.com.tr\/index.php\/wp-json\/wp\/v2\/product"}],"about":[{"href":"https:\/\/roveyayinevi.com.tr\/index.php\/wp-json\/wp\/v2\/types\/product"}],"wp:attachment":[{"href":"https:\/\/roveyayinevi.com.tr\/index.php\/wp-json\/wp\/v2\/media?parent=756397"}],"wp:term":[{"taxonomy":"product_brand","embeddable":true,"href":"https:\/\/roveyayinevi.com.tr\/index.php\/wp-json\/wp\/v2\/product_brand?post=756397"},{"taxonomy":"product_cat","embeddable":true,"href":"https:\/\/roveyayinevi.com.tr\/index.php\/wp-json\/wp\/v2\/product_cat?post=756397"},{"taxonomy":"product_tag","embeddable":true,"href":"https:\/\/roveyayinevi.com.tr\/index.php\/wp-json\/wp\/v2\/product_tag?post=756397"}],"curies":[{"name":"wp","href":"https:\/\/api.w.org\/{rel}","templated":true}]}}