{"id":756393,"date":"2025-08-28T07:06:37","date_gmt":"2025-08-28T04:06:37","guid":{"rendered":"https:\/\/roveyayinevi.com.tr\/index.php\/urun\/kizil-panthera\/"},"modified":"2026-04-16T03:09:34","modified_gmt":"2026-04-16T00:09:34","slug":"kizil-panthera","status":"publish","type":"product","link":"https:\/\/roveyayinevi.com.tr\/index.php\/urun\/kizil-panthera\/","title":{"rendered":"K\u0131z\u0131l Panthera"},"content":{"rendered":"<p>\u201c\u0130nsan; ya\u015famak i\u00e7in iyi \u015feylere ihtiya\u00e7 duydu\u011funda, an\u0131lar\u0131ndan beslenirdi\u201d   &#8220;Hay\u0131r Matt. Yapamazs\u0131n\u0131z. Sizler, iyili\u011fi ve k\u00f6t\u00fcl\u00fc\u011f\u00fc i\u00e7inde bar\u0131nd\u0131rabilen varl\u0131klars\u0131n\u0131z. Baz\u0131lar\u0131n\u0131z i\u00e7in bu, sadece k\u00f6t\u00fcl\u00fck olsa da yapamazs\u0131n\u0131z. Varolu\u015funuzdan beri sava\u015f\u0131yorsunuz. Gerek kendi i\u00e7inizde gerekse di\u011fer t\u00fcrler aras\u0131nda. Hatta do\u011fayla ve kendi do\u011fan\u0131zla. Puslu aynalar\u0131n\u0131za bakt\u0131\u011f\u0131n\u0131zda, kendinizi hayranl\u0131kla izleseniz de kendinizden ve g\u00f6rd\u00fc\u011f\u00fcn\u00fcz bedenden nefret ediyorsunuz. Onunla bile sava\u015f\u0131yorsunuz. Kendinize bile tahamm\u00fcl edemezken, di\u011ferlerine hi\u00e7 edemezsiniz.\u201d   \u201cYapt\u0131\u011f\u0131n\u0131z hi\u00e7bir \u015fey i\u00e7in kendinizi sorumlu tutmuyorsunuz. G\u00fczel \u015feyleri \u00f6d\u00fcl almak i\u00e7in yap\u0131yor, k\u00f6t\u00fc \u015feyleri ceza almamak i\u00e7in yapm\u0131yorsunuz! \u0130\u00e7inizde sahte huzurlar yarat\u0131p, kendinizi iyi hissetmeye \u00e7al\u0131\u015f\u0131yorsunuz. Daha kim oldu\u011funuzu veya ne istedi\u011finizi bile bilmiyorsunuz!\u201d    Ba\u015f\u0131n\u0131 g\u00f6\u011fe kald\u0131r\u0131p derin bir nefes ald\u0131 ihtiyar. &#8220;Hayat&#8221; diye f\u0131s\u0131ldad\u0131. &#8220;Yapt\u0131klar\u0131n\u0131z, yapacaklar\u0131n\u0131z ve ba\u015fkalar\u0131n\u0131n yapt\u0131klar\u0131, birbirlerine ne kadar ba\u011fl\u0131 oldu\u011funuzu g\u00f6rebiliyor musunuz? A\u011fa\u00e7lar\u0131n aras\u0131nda \u00f6r\u00fclm\u00fc\u015f dev \u00f6r\u00fcmcek a\u011flar\u0131 gibi, birbirimize o kadar ba\u011fl\u0131y\u0131z ki bunu fark bile edemiyoruz. Bir Kuntras, bir T\u00ffurt ve ya\u015fl\u0131 bir ihtiyar! Bir g\u00fcn orman\u0131n kenar\u0131nda konu\u015fur! Hah! Tam taverna \u00f6yk\u00fcleri gibi de\u011fil mi\u201d<\/p>\n","protected":false},"excerpt":{"rendered":"<p>\u201c\u0130nsan; ya\u015famak i\u00e7in iyi \u015feylere ihtiya\u00e7 duydu\u011funda, an\u0131lar\u0131ndan beslenirdi\u201d &#8220;Hay\u0131r Matt. Yapamazs\u0131n\u0131z. Sizler, iyili\u011fi ve k\u00f6t\u00fcl\u00fc\u011f\u00fc i\u00e7inde bar\u0131nd\u0131rabilen varl\u0131klars\u0131n\u0131z. Baz\u0131lar\u0131n\u0131z i\u00e7in bu, sadece k\u00f6t\u00fcl\u00fck olsa da<span class=\"excerpt-hellip\"> [\u2026]<\/span><\/p>\n","protected":false},"featured_media":0,"template":"","meta":{"_monsterinsights_skip_tracking":false,"_monsterinsights_sitenote_active":false,"_monsterinsights_sitenote_note":"","_monsterinsights_sitenote_category":0},"product_brand":[],"product_cat":[12291,14777],"product_tag":[],"class_list":{"0":"post-756393","1":"product","2":"type-product","3":"status-publish","5":"product_cat-edebiyat","6":"product_cat-fantastik","7":"pa_cilt-ciltsiz","8":"pa_tur-kitap","9":"pa_yayinevi-elpis-yayinlari","10":"pa_yazar-alperen-anik","12":"first","13":"instock","14":"sale","15":"shipping-taxable","16":"purchasable","17":"product-type-simple"},"_links":{"self":[{"href":"https:\/\/roveyayinevi.com.tr\/index.php\/wp-json\/wp\/v2\/product\/756393","targetHints":{"allow":["GET"]}}],"collection":[{"href":"https:\/\/roveyayinevi.com.tr\/index.php\/wp-json\/wp\/v2\/product"}],"about":[{"href":"https:\/\/roveyayinevi.com.tr\/index.php\/wp-json\/wp\/v2\/types\/product"}],"wp:attachment":[{"href":"https:\/\/roveyayinevi.com.tr\/index.php\/wp-json\/wp\/v2\/media?parent=756393"}],"wp:term":[{"taxonomy":"product_brand","embeddable":true,"href":"https:\/\/roveyayinevi.com.tr\/index.php\/wp-json\/wp\/v2\/product_brand?post=756393"},{"taxonomy":"product_cat","embeddable":true,"href":"https:\/\/roveyayinevi.com.tr\/index.php\/wp-json\/wp\/v2\/product_cat?post=756393"},{"taxonomy":"product_tag","embeddable":true,"href":"https:\/\/roveyayinevi.com.tr\/index.php\/wp-json\/wp\/v2\/product_tag?post=756393"}],"curies":[{"name":"wp","href":"https:\/\/api.w.org\/{rel}","templated":true}]}}