{"id":756390,"date":"2025-08-28T07:06:32","date_gmt":"2025-08-28T04:06:32","guid":{"rendered":"https:\/\/roveyayinevi.com.tr\/index.php\/urun\/ekonomi-politikasi\/"},"modified":"2026-04-16T03:09:34","modified_gmt":"2026-04-16T00:09:34","slug":"ekonomi-politikasi","status":"publish","type":"product","link":"https:\/\/roveyayinevi.com.tr\/index.php\/urun\/ekonomi-politikasi\/","title":{"rendered":"Ekonomi Politikas\u0131"},"content":{"rendered":"<p>\u0130\u00e7indekiler     \u00b7         PARA VE MAL\u0130YE POL\u0130T\u0130KASI   \u00b7         ULUSLARARASI T\u0130CARETTE YEN\u0130 YAKLA\u015eIMLAR: \u00c7\u0130NABD T\u0130CARET\u0130NDE TEKNO-M\u0130LL\u0130YET\u00c7\u0130L\u0130K   \u00b7         SANAY\u0130 POL\u0130T\u0130KALARININ TASARIMI, UYGULANMASI VE ETK\u0130LER\u0130   \u00b7         T\u00dcRK\u0130YE\u2019N\u0130N DI\u015eA BA\u011eIMLILI\u011eINI AZALTMA UYGULAMALARI BA\u011eLAMINDA YEN\u0130LENEB\u0130L\u0130R ENERJ\u0130DE D\u00d6N\u00dc\u015e\u00dcM \u00c7ABALARI   \u00b7         TARIM POL\u0130T\u0130KALARI   \u00b7         K\u00dcRESELLE\u015eMEDEN G\u00dcN\u00dcM\u00dcZE REFAH DEVLET\u0130N\u0130N DE\u011e\u0130\u015e\u0130M\u0130: G\u00dcNEY AVRUPA \u00dcLKELER\u0130 VE T\u00dcRK\u0130YE   \u00b7         EKONOM\u0130K KALKINMA   \u00b7         S\u00dcRD\u00dcR\u00dcLEB\u0130L\u0130R KALKINMA POL\u0130T\u0130KALARI     \u00b7         VERG\u0130 POL\u0130T\u0130KALARI BA\u011eLAMINDA VERG\u0130 EGEMENL\u0130\u011e\u0130N\u0130 ETK\u0130LEYEN AKT\u00d6RLER VE T\u00dcRK\u0130YE <\/p>\n","protected":false},"excerpt":{"rendered":"<p>\u0130\u00e7indekiler \u00b7 PARA VE MAL\u0130YE POL\u0130T\u0130KASI \u00b7 ULUSLARARASI T\u0130CARETTE YEN\u0130 YAKLA\u015eIMLAR: \u00c7\u0130NABD T\u0130CARET\u0130NDE TEKNO-M\u0130LL\u0130YET\u00c7\u0130L\u0130K \u00b7 SANAY\u0130 POL\u0130T\u0130KALARININ TASARIMI, UYGULANMASI VE ETK\u0130LER\u0130 \u00b7 T\u00dcRK\u0130YE\u2019N\u0130N DI\u015eA BA\u011eIMLILI\u011eINI AZALTMA<span class=\"excerpt-hellip\"> [\u2026]<\/span><\/p>\n","protected":false},"featured_media":0,"template":"","meta":{"_monsterinsights_skip_tracking":false,"_monsterinsights_sitenote_active":false,"_monsterinsights_sitenote_note":"","_monsterinsights_sitenote_category":0},"product_brand":[],"product_cat":[13043],"product_tag":[],"class_list":{"0":"post-756390","1":"product","2":"type-product","3":"status-publish","5":"product_cat-ekonomi","6":"pa_cilt-ciltsiz","7":"pa_tur-kitap","8":"pa_yayinevi-gazi-kitabevi","9":"pa_yazar-kolektif","11":"first","12":"instock","13":"sale","14":"shipping-taxable","15":"purchasable","16":"product-type-simple"},"_links":{"self":[{"href":"https:\/\/roveyayinevi.com.tr\/index.php\/wp-json\/wp\/v2\/product\/756390","targetHints":{"allow":["GET"]}}],"collection":[{"href":"https:\/\/roveyayinevi.com.tr\/index.php\/wp-json\/wp\/v2\/product"}],"about":[{"href":"https:\/\/roveyayinevi.com.tr\/index.php\/wp-json\/wp\/v2\/types\/product"}],"wp:attachment":[{"href":"https:\/\/roveyayinevi.com.tr\/index.php\/wp-json\/wp\/v2\/media?parent=756390"}],"wp:term":[{"taxonomy":"product_brand","embeddable":true,"href":"https:\/\/roveyayinevi.com.tr\/index.php\/wp-json\/wp\/v2\/product_brand?post=756390"},{"taxonomy":"product_cat","embeddable":true,"href":"https:\/\/roveyayinevi.com.tr\/index.php\/wp-json\/wp\/v2\/product_cat?post=756390"},{"taxonomy":"product_tag","embeddable":true,"href":"https:\/\/roveyayinevi.com.tr\/index.php\/wp-json\/wp\/v2\/product_tag?post=756390"}],"curies":[{"name":"wp","href":"https:\/\/api.w.org\/{rel}","templated":true}]}}