{"id":756389,"date":"2025-08-28T07:06:30","date_gmt":"2025-08-28T04:06:30","guid":{"rendered":"https:\/\/roveyayinevi.com.tr\/index.php\/urun\/carissima-sevgilim\/"},"modified":"2026-04-16T03:09:34","modified_gmt":"2026-04-16T00:09:34","slug":"carissima-sevgilim","status":"publish","type":"product","link":"https:\/\/roveyayinevi.com.tr\/index.php\/urun\/carissima-sevgilim\/","title":{"rendered":"Carissima Sevgilim"},"content":{"rendered":"<p>Carissima Sevgilim; Gazeteci ve Yazar Mine G. K\u0131r\u0131kkanat ile dil e\u011fitmenli\u011fi, yemek programlar\u0131 ve k\u00f6\u015fe yazarl\u0131\u011f\u0131 da yapan Yazar Donetalla Piatti\u2019nin birbirlerine yazd\u0131klar\u0131 mektuplardan olu\u015fuyor.  Dertlerin ve g\u00fczel an\u0131lar\u0131n payla\u015f\u0131ld\u0131\u011f\u0131 bu mektuplar, derin bir dostlu\u011fun izd\u00fc\u015f\u00fcm\u00fc. Hem ayn\u0131 hem farkl\u0131 \u00fclkelerde ya\u015fam\u0131\u015f olan bu iki kad\u0131n\u0131n mektuplar\u0131n\u0131 okurken \u0130stanbul, Paris, Milano, Floransa ve Roma\u2019da gezineceksiniz. \u0130ki kad\u0131n\u0131n ya\u015famlar\u0131na, kayg\u0131lar\u0131 ve sevin\u00e7lerine tan\u0131kl\u0131k edece\u011finiz bu mektuplarda, \u00f6zel payla\u015f\u0131mlar\u0131n yan\u0131 s\u0131ra d\u00fcnyan\u0131n ve \u00fclkemizin sorunlar\u0131na ili\u015fkin izlenimler ve de\u011ferlendirmeler de bulacaks\u0131n\u0131z. \u201c\u0130ki kad\u0131n\u0131n, d\u00fcnya, al\u00e7akl\u0131klar, yemekler, iyilikler, a\u015fklar, komiklikler, insanl\u0131k halleri mektuplar\u0131ndan olu\u015fuyor bu kitap. Seveceksiniz. \u00c7\u00fcnk\u00fc tan\u0131rsan\u0131z, ikisini de \u00e7ok seveceksiniz.\u201d (Feryal Pere) <\/p>\n","protected":false},"excerpt":{"rendered":"<p>Carissima Sevgilim; Gazeteci ve Yazar Mine G. K\u0131r\u0131kkanat ile dil e\u011fitmenli\u011fi, yemek programlar\u0131 ve k\u00f6\u015fe yazarl\u0131\u011f\u0131 da yapan Yazar Donetalla Piatti\u2019nin birbirlerine yazd\u0131klar\u0131 mektuplardan olu\u015fuyor. Dertlerin<span class=\"excerpt-hellip\"> [\u2026]<\/span><\/p>\n","protected":false},"featured_media":0,"template":"","meta":{"_monsterinsights_skip_tracking":false,"_monsterinsights_sitenote_active":false,"_monsterinsights_sitenote_note":"","_monsterinsights_sitenote_category":0},"product_brand":[],"product_cat":[13701,12291],"product_tag":[],"class_list":{"0":"post-756389","1":"product","2":"type-product","3":"status-publish","5":"product_cat-ani-mektup-gunluk","6":"product_cat-edebiyat","7":"pa_cilt-ciltsiz","8":"pa_tur-kitap","9":"pa_yayinevi-cumhuriyet-kitaplari","10":"pa_yazar-mine-g-kirikkanat-donatella-piatti","12":"first","13":"instock","14":"sale","15":"shipping-taxable","16":"purchasable","17":"product-type-simple"},"_links":{"self":[{"href":"https:\/\/roveyayinevi.com.tr\/index.php\/wp-json\/wp\/v2\/product\/756389","targetHints":{"allow":["GET"]}}],"collection":[{"href":"https:\/\/roveyayinevi.com.tr\/index.php\/wp-json\/wp\/v2\/product"}],"about":[{"href":"https:\/\/roveyayinevi.com.tr\/index.php\/wp-json\/wp\/v2\/types\/product"}],"wp:attachment":[{"href":"https:\/\/roveyayinevi.com.tr\/index.php\/wp-json\/wp\/v2\/media?parent=756389"}],"wp:term":[{"taxonomy":"product_brand","embeddable":true,"href":"https:\/\/roveyayinevi.com.tr\/index.php\/wp-json\/wp\/v2\/product_brand?post=756389"},{"taxonomy":"product_cat","embeddable":true,"href":"https:\/\/roveyayinevi.com.tr\/index.php\/wp-json\/wp\/v2\/product_cat?post=756389"},{"taxonomy":"product_tag","embeddable":true,"href":"https:\/\/roveyayinevi.com.tr\/index.php\/wp-json\/wp\/v2\/product_tag?post=756389"}],"curies":[{"name":"wp","href":"https:\/\/api.w.org\/{rel}","templated":true}]}}