{"id":756387,"date":"2025-08-28T07:06:27","date_gmt":"2025-08-28T04:06:27","guid":{"rendered":"https:\/\/roveyayinevi.com.tr\/index.php\/urun\/vefat-ve-tesekkur\/"},"modified":"2026-04-16T03:09:34","modified_gmt":"2026-04-16T00:09:34","slug":"vefat-ve-tesekkur","status":"publish","type":"product","link":"https:\/\/roveyayinevi.com.tr\/index.php\/urun\/vefat-ve-tesekkur\/","title":{"rendered":"Vefat ve Te\u015fekk\u00fcr"},"content":{"rendered":"<p>ben yakup, yakup mu dedim, hay\u0131r yusuf uzad\u0131m uzand\u0131\u011f\u0131m yere; ben, kendime de   s\u00f6yledim yusuf\u2019a bunu: ben, yani yakup\u2019la; d\u00fc\u015ferken suya!   &#8230;   be\u015finci kat\u0131n balkonunda, balkondan bile b\u00fcy\u00fck bir saks\u0131ya ektim kendimi- insan ellisinde, d\u00fc\u015f\u00fcyor i\u015fte! <\/p>\n","protected":false},"excerpt":{"rendered":"<p>ben yakup, yakup mu dedim, hay\u0131r yusuf uzad\u0131m uzand\u0131\u011f\u0131m yere; ben, kendime de s\u00f6yledim yusuf\u2019a bunu: ben, yani yakup\u2019la; d\u00fc\u015ferken suya! &#8230; be\u015finci kat\u0131n balkonunda, balkondan<span class=\"excerpt-hellip\"> [\u2026]<\/span><\/p>\n","protected":false},"featured_media":0,"template":"","meta":{"_monsterinsights_skip_tracking":false,"_monsterinsights_sitenote_active":false,"_monsterinsights_sitenote_note":"","_monsterinsights_sitenote_category":0},"product_brand":[],"product_cat":[12291,12509],"product_tag":[],"class_list":{"0":"post-756387","1":"product","2":"type-product","3":"status-publish","5":"product_cat-edebiyat","6":"product_cat-siir","7":"pa_cilt-ciltsiz","8":"pa_tur-kitap","9":"pa_yayinevi-medakitap-yayinlari","10":"pa_yazar-ali-hikmet-eren","12":"first","13":"instock","14":"sale","15":"shipping-taxable","16":"purchasable","17":"product-type-simple"},"_links":{"self":[{"href":"https:\/\/roveyayinevi.com.tr\/index.php\/wp-json\/wp\/v2\/product\/756387","targetHints":{"allow":["GET"]}}],"collection":[{"href":"https:\/\/roveyayinevi.com.tr\/index.php\/wp-json\/wp\/v2\/product"}],"about":[{"href":"https:\/\/roveyayinevi.com.tr\/index.php\/wp-json\/wp\/v2\/types\/product"}],"wp:attachment":[{"href":"https:\/\/roveyayinevi.com.tr\/index.php\/wp-json\/wp\/v2\/media?parent=756387"}],"wp:term":[{"taxonomy":"product_brand","embeddable":true,"href":"https:\/\/roveyayinevi.com.tr\/index.php\/wp-json\/wp\/v2\/product_brand?post=756387"},{"taxonomy":"product_cat","embeddable":true,"href":"https:\/\/roveyayinevi.com.tr\/index.php\/wp-json\/wp\/v2\/product_cat?post=756387"},{"taxonomy":"product_tag","embeddable":true,"href":"https:\/\/roveyayinevi.com.tr\/index.php\/wp-json\/wp\/v2\/product_tag?post=756387"}],"curies":[{"name":"wp","href":"https:\/\/api.w.org\/{rel}","templated":true}]}}