{"id":756386,"date":"2025-08-28T07:06:25","date_gmt":"2025-08-28T04:06:25","guid":{"rendered":"https:\/\/roveyayinevi.com.tr\/index.php\/urun\/koca-kafa-nate-bangir-bangir\/"},"modified":"2026-04-16T03:09:34","modified_gmt":"2026-04-16T00:09:34","slug":"koca-kafa-nate-bangir-bangir","status":"publish","type":"product","link":"https:\/\/roveyayinevi.com.tr\/index.php\/urun\/koca-kafa-nate-bangir-bangir\/","title":{"rendered":"Koca Kafa Nate Bang\u0131r Bang\u0131r"},"content":{"rendered":"<p>Koca Kafa Nate, on bir ya\u015f\u0131nda ve BANGIR BANGIR ya\u015f\u0131yor.Ba\u015fka t\u00fcrl\u00fcs\u00fc de hi\u00e7 ho\u015funa gitmezdi zaten! Arkada\u015flar\u0131 m\u00fczik gruplar\u0131n\u0131n vokali olmas\u0131na asla izin vermese de Nate rock y\u0131ld\u0131z\u0131 olman\u0131n yolunu nas\u0131lsa bir \u015fekilde bulur.\u00c7\u00fcnk\u00fc o, bu sayfalar\u0131n y\u0131ld\u0131z\u0131!<\/p>\n","protected":false},"excerpt":{"rendered":"<p>Koca Kafa Nate, on bir ya\u015f\u0131nda ve BANGIR BANGIR ya\u015f\u0131yor.Ba\u015fka t\u00fcrl\u00fcs\u00fc de hi\u00e7 ho\u015funa gitmezdi zaten! Arkada\u015flar\u0131 m\u00fczik gruplar\u0131n\u0131n vokali olmas\u0131na asla izin vermese de Nate<span class=\"excerpt-hellip\"> [\u2026]<\/span><\/p>\n","protected":false},"featured_media":0,"template":"","meta":{"_monsterinsights_skip_tracking":false,"_monsterinsights_sitenote_active":false,"_monsterinsights_sitenote_note":"","_monsterinsights_sitenote_category":0},"product_brand":[],"product_cat":[12689,12274],"product_tag":[],"class_list":{"0":"post-756386","1":"product","2":"type-product","3":"status-publish","5":"product_cat-cizgi-roman-cocuk-ve-genclik-kitaplari","6":"product_cat-cocuk-ve-genclik-kitaplari","7":"pa_cilt-ciltsiz","8":"pa_tur-kitap","9":"pa_yayinevi-epsilon-yayinlari","10":"pa_yazar-lincoln-peirce","12":"first","13":"instock","14":"sale","15":"shipping-taxable","16":"purchasable","17":"product-type-simple"},"_links":{"self":[{"href":"https:\/\/roveyayinevi.com.tr\/index.php\/wp-json\/wp\/v2\/product\/756386","targetHints":{"allow":["GET"]}}],"collection":[{"href":"https:\/\/roveyayinevi.com.tr\/index.php\/wp-json\/wp\/v2\/product"}],"about":[{"href":"https:\/\/roveyayinevi.com.tr\/index.php\/wp-json\/wp\/v2\/types\/product"}],"wp:attachment":[{"href":"https:\/\/roveyayinevi.com.tr\/index.php\/wp-json\/wp\/v2\/media?parent=756386"}],"wp:term":[{"taxonomy":"product_brand","embeddable":true,"href":"https:\/\/roveyayinevi.com.tr\/index.php\/wp-json\/wp\/v2\/product_brand?post=756386"},{"taxonomy":"product_cat","embeddable":true,"href":"https:\/\/roveyayinevi.com.tr\/index.php\/wp-json\/wp\/v2\/product_cat?post=756386"},{"taxonomy":"product_tag","embeddable":true,"href":"https:\/\/roveyayinevi.com.tr\/index.php\/wp-json\/wp\/v2\/product_tag?post=756386"}],"curies":[{"name":"wp","href":"https:\/\/api.w.org\/{rel}","templated":true}]}}