{"id":756383,"date":"2025-08-28T07:06:19","date_gmt":"2025-08-28T04:06:19","guid":{"rendered":"https:\/\/roveyayinevi.com.tr\/index.php\/urun\/kim-oldugunu-hatirla\/"},"modified":"2026-03-17T03:17:07","modified_gmt":"2026-03-17T00:17:07","slug":"kim-oldugunu-hatirla","status":"publish","type":"product","link":"https:\/\/roveyayinevi.com.tr\/index.php\/urun\/kim-oldugunu-hatirla\/","title":{"rendered":"Kim Oldu\u011funu Hat\u0131rla!"},"content":{"rendered":"<p>Ki\u015fisel Geli\u015fim Uzman\u0131 \u00c7a\u011fla Joy, 131 farkl\u0131 yaz\u0131dan olu\u015fan eserinde, insan\u0131n kendini bulmas\u0131n\u0131n ve daha g\u00fc\u00e7l\u00fc bir bi\u00e7imde hayata tutunabilmesinin yollar\u0131n\u0131 g\u00f6steriyor bize.   \u201cBug\u00fcn kendin i\u00e7in bir tohum ek. Ne kadar b\u00fcy\u00fcyece\u011fini asla bilemezsin\u2026\u201d   \u201cHer \u015feyin \u00fcst\u00fcne gelip seni dayanamayaca\u011f\u0131n bir noktaya getirdi\u011finde sak\u0131n pes etme, \u00e7\u00fcnk\u00fc oras\u0131 kaderinin de\u011fi\u015fece\u011fi yerdir.&#8221;   \u201cKim oldu\u011fumuzu \u00f6\u011frenmek i\u00e7in, \u00d6nce K\u0130M OLMADI\u011eIMIZI ve K\u0130M OLMAYACA\u011eIMIZI deneyimleriz.\u201d   \u201cHayat \u00f6z sevgin ve \u00f6z sayg\u0131n\u0131n bir yans\u0131mas\u0131d\u0131r. Ve unutma!\u201d   \u201cDers, sen \u00f6\u011frenene kadar devam eder.\u201d   \u201cHayat\u0131n\u0131 kendi renklerinle boyamay\u0131 \u00f6\u011fren. Ve ba\u015frol\u00fc kimseye verme.\u201d <\/p>\n","protected":false},"excerpt":{"rendered":"<p>Ki\u015fisel Geli\u015fim Uzman\u0131 \u00c7a\u011fla Joy, 131 farkl\u0131 yaz\u0131dan olu\u015fan eserinde, insan\u0131n kendini bulmas\u0131n\u0131n ve daha g\u00fc\u00e7l\u00fc bir bi\u00e7imde hayata tutunabilmesinin yollar\u0131n\u0131 g\u00f6steriyor bize. \u201cBug\u00fcn kendin i\u00e7in<span class=\"excerpt-hellip\"> [\u2026]<\/span><\/p>\n","protected":false},"featured_media":0,"template":"","meta":{"_monsterinsights_skip_tracking":false,"_monsterinsights_sitenote_active":false,"_monsterinsights_sitenote_note":"","_monsterinsights_sitenote_category":0},"product_brand":[],"product_cat":[12364,12376],"product_tag":[],"class_list":{"0":"post-756383","1":"product","2":"type-product","3":"status-publish","5":"product_cat-genel-konular","6":"product_cat-kisisel-gelisim","7":"pa_cilt-ciltsiz","8":"pa_tur-kitap","9":"pa_yayinevi-myrina-yayinlari","10":"pa_yazar-cagla-joy","12":"first","13":"instock","14":"sale","15":"shipping-taxable","16":"purchasable","17":"product-type-simple"},"_links":{"self":[{"href":"https:\/\/roveyayinevi.com.tr\/index.php\/wp-json\/wp\/v2\/product\/756383","targetHints":{"allow":["GET"]}}],"collection":[{"href":"https:\/\/roveyayinevi.com.tr\/index.php\/wp-json\/wp\/v2\/product"}],"about":[{"href":"https:\/\/roveyayinevi.com.tr\/index.php\/wp-json\/wp\/v2\/types\/product"}],"wp:attachment":[{"href":"https:\/\/roveyayinevi.com.tr\/index.php\/wp-json\/wp\/v2\/media?parent=756383"}],"wp:term":[{"taxonomy":"product_brand","embeddable":true,"href":"https:\/\/roveyayinevi.com.tr\/index.php\/wp-json\/wp\/v2\/product_brand?post=756383"},{"taxonomy":"product_cat","embeddable":true,"href":"https:\/\/roveyayinevi.com.tr\/index.php\/wp-json\/wp\/v2\/product_cat?post=756383"},{"taxonomy":"product_tag","embeddable":true,"href":"https:\/\/roveyayinevi.com.tr\/index.php\/wp-json\/wp\/v2\/product_tag?post=756383"}],"curies":[{"name":"wp","href":"https:\/\/api.w.org\/{rel}","templated":true}]}}