{"id":756371,"date":"2025-08-28T07:05:58","date_gmt":"2025-08-28T04:05:58","guid":{"rendered":"https:\/\/roveyayinevi.com.tr\/index.php\/urun\/disney-fantastik-maceralar-serisi-4-kitap\/"},"modified":"2026-04-16T03:09:34","modified_gmt":"2026-04-16T00:09:34","slug":"disney-fantastik-maceralar-serisi-4-kitap","status":"publish","type":"product","link":"https:\/\/roveyayinevi.com.tr\/index.php\/urun\/disney-fantastik-maceralar-serisi-4-kitap\/","title":{"rendered":"Disney Fantastik Maceralar Serisi 4 Kitap"},"content":{"rendered":"<p>Disney\u2019in en \u00e7ok sevilen En G\u00fczel Maceralar serisine bir yeni Set daha eklendi: Disney Fantastik Maceralar Serisi Disney d\u00fcnyas\u0131n\u0131n sevilen kahramanlar\u0131 en gizemli \u00e7izgi \u00f6yk\u00fclerde ba\u015frolde Vah\u015fi Bat\u0131 , Dedektif ,Canavarlar ve Yarat\u0131klar Disney Fantastik Maceralar Serisi 4 Kitap   \u00d8  9786254235863 &#8211; Disney En G\u00fczel Maceralar Vah\u015fi Bat\u0131 \u00d8  9786254235801 &#8211; Disney En G\u00fczel Maceralar Dedektif \u00d8  9786254235849 &#8211; Disney En G\u00fczel Maceralar Canavarlar \u00d8  9786254235870 &#8211; Disney En G\u00fczel Maceralar Yarat\u0131klar<\/p>\n","protected":false},"excerpt":{"rendered":"<p>Disney\u2019in en \u00e7ok sevilen En G\u00fczel Maceralar serisine bir yeni Set daha eklendi: Disney Fantastik Maceralar Serisi Disney d\u00fcnyas\u0131n\u0131n sevilen kahramanlar\u0131 en gizemli \u00e7izgi \u00f6yk\u00fclerde ba\u015frolde<span class=\"excerpt-hellip\"> [\u2026]<\/span><\/p>\n","protected":false},"featured_media":0,"template":"","meta":{"_monsterinsights_skip_tracking":false,"_monsterinsights_sitenote_active":false,"_monsterinsights_sitenote_note":"","_monsterinsights_sitenote_category":0},"product_brand":[],"product_cat":[12416,12291],"product_tag":[],"class_list":{"0":"post-756371","1":"product","2":"type-product","3":"status-publish","5":"product_cat-cizgi-roman","6":"product_cat-edebiyat","7":"pa_cilt-ciltsiz","8":"pa_tur-kitap","9":"pa_yayinevi-beta-kids","10":"pa_yazar-kolektif","12":"first","13":"instock","14":"sale","15":"shipping-taxable","16":"purchasable","17":"product-type-simple"},"_links":{"self":[{"href":"https:\/\/roveyayinevi.com.tr\/index.php\/wp-json\/wp\/v2\/product\/756371","targetHints":{"allow":["GET"]}}],"collection":[{"href":"https:\/\/roveyayinevi.com.tr\/index.php\/wp-json\/wp\/v2\/product"}],"about":[{"href":"https:\/\/roveyayinevi.com.tr\/index.php\/wp-json\/wp\/v2\/types\/product"}],"wp:attachment":[{"href":"https:\/\/roveyayinevi.com.tr\/index.php\/wp-json\/wp\/v2\/media?parent=756371"}],"wp:term":[{"taxonomy":"product_brand","embeddable":true,"href":"https:\/\/roveyayinevi.com.tr\/index.php\/wp-json\/wp\/v2\/product_brand?post=756371"},{"taxonomy":"product_cat","embeddable":true,"href":"https:\/\/roveyayinevi.com.tr\/index.php\/wp-json\/wp\/v2\/product_cat?post=756371"},{"taxonomy":"product_tag","embeddable":true,"href":"https:\/\/roveyayinevi.com.tr\/index.php\/wp-json\/wp\/v2\/product_tag?post=756371"}],"curies":[{"name":"wp","href":"https:\/\/api.w.org\/{rel}","templated":true}]}}