{"id":756370,"date":"2025-08-28T07:05:56","date_gmt":"2025-08-28T04:05:56","guid":{"rendered":"https:\/\/roveyayinevi.com.tr\/index.php\/urun\/disney-en-guzel-maceralar-sanat-mitoloji-antik-misir-seti-3-kitap\/"},"modified":"2026-04-16T03:09:34","modified_gmt":"2026-04-16T00:09:34","slug":"disney-en-guzel-maceralar-sanat-mitoloji-antik-misir-seti-3-kitap","status":"publish","type":"product","link":"https:\/\/roveyayinevi.com.tr\/index.php\/urun\/disney-en-guzel-maceralar-sanat-mitoloji-antik-misir-seti-3-kitap\/","title":{"rendered":"Disney En G\u00fczel Maceralar Sanat + Mitoloji + Antik M\u0131s\u0131r Seti 3 Kitap"},"content":{"rendered":"<p>Disney\u2019in en \u00e7ok sevilen En G\u00fczel Maceralar serisine bir yeni Set daha eklendi: Disney En G\u00fczel Maceralar Sanat + Mitoloji + Antik M\u0131s\u0131r Seti Disney d\u00fcnyas\u0131n\u0131n sevilen kahramanlar\u0131 en gizemli \u00e7izgi \u00f6yk\u00fclerde ba\u015frolde Sanat , Mitoloji! Ve Antik M\u0131s\u0131r Disney En G\u00fczel Maceralar Sanat + Mitoloji + Antik M\u0131s\u0131r Seti 3 Kitap   \u00d8  9786254235832 &#8211; Disney En G\u00fczel Maceralar Sanat \u00d8  9786254235818 &#8211; Disney En G\u00fczel Maceralar Mitoloji \u00d8  9786254235931 &#8211; Disney En G\u00fczel Maceralar Antik M\u0131s\u0131r <\/p>\n","protected":false},"excerpt":{"rendered":"<p>Disney\u2019in en \u00e7ok sevilen En G\u00fczel Maceralar serisine bir yeni Set daha eklendi: Disney En G\u00fczel Maceralar Sanat + Mitoloji + Antik M\u0131s\u0131r Seti Disney d\u00fcnyas\u0131n\u0131n<span class=\"excerpt-hellip\"> [\u2026]<\/span><\/p>\n","protected":false},"featured_media":0,"template":"","meta":{"_monsterinsights_skip_tracking":false,"_monsterinsights_sitenote_active":false,"_monsterinsights_sitenote_note":"","_monsterinsights_sitenote_category":0},"product_brand":[],"product_cat":[12416,12291],"product_tag":[],"class_list":{"0":"post-756370","1":"product","2":"type-product","3":"status-publish","5":"product_cat-cizgi-roman","6":"product_cat-edebiyat","7":"pa_cilt-ciltsiz","8":"pa_tur-kitap","9":"pa_yayinevi-beta-kids","10":"pa_yazar-kolektif","12":"first","13":"instock","14":"sale","15":"shipping-taxable","16":"purchasable","17":"product-type-simple"},"_links":{"self":[{"href":"https:\/\/roveyayinevi.com.tr\/index.php\/wp-json\/wp\/v2\/product\/756370","targetHints":{"allow":["GET"]}}],"collection":[{"href":"https:\/\/roveyayinevi.com.tr\/index.php\/wp-json\/wp\/v2\/product"}],"about":[{"href":"https:\/\/roveyayinevi.com.tr\/index.php\/wp-json\/wp\/v2\/types\/product"}],"wp:attachment":[{"href":"https:\/\/roveyayinevi.com.tr\/index.php\/wp-json\/wp\/v2\/media?parent=756370"}],"wp:term":[{"taxonomy":"product_brand","embeddable":true,"href":"https:\/\/roveyayinevi.com.tr\/index.php\/wp-json\/wp\/v2\/product_brand?post=756370"},{"taxonomy":"product_cat","embeddable":true,"href":"https:\/\/roveyayinevi.com.tr\/index.php\/wp-json\/wp\/v2\/product_cat?post=756370"},{"taxonomy":"product_tag","embeddable":true,"href":"https:\/\/roveyayinevi.com.tr\/index.php\/wp-json\/wp\/v2\/product_tag?post=756370"}],"curies":[{"name":"wp","href":"https:\/\/api.w.org\/{rel}","templated":true}]}}