{"id":756369,"date":"2025-08-28T07:05:54","date_gmt":"2025-08-28T04:05:54","guid":{"rendered":"https:\/\/roveyayinevi.com.tr\/index.php\/urun\/turkiyenin-dogusu\/"},"modified":"2026-04-16T03:09:34","modified_gmt":"2026-04-16T00:09:34","slug":"turkiyenin-dogusu","status":"publish","type":"product","link":"https:\/\/roveyayinevi.com.tr\/index.php\/urun\/turkiyenin-dogusu\/","title":{"rendered":"T\u00fcrkiye&#8217;nin Do\u011fu\u015fu"},"content":{"rendered":"<p>D\u00fcnya tarihinde neticeleri g\u00fcn\u00fcm\u00fcz\u00fc \u015fekillendiren pek az zafer vard\u0131r. Bunlardan \u015f\u00fcphesiz ki en \u00f6nde geleni Sel\u00e7uklu Sultan\u0131 Alp Arslan\u2019\u0131n Malazgirt\u2019te rakibi Bizans \u0130mparatoru Romanos Diogenes\u2019e kar\u015f\u0131 kazand\u0131\u011f\u0131 e\u015fsiz utkudur. Bu ba\u015far\u0131 Bizans \u0130mparatorlu\u011fu\u2019nun do\u011fu savunma sistemini bir anda yok etti ve bu ortamdan istifade eden \u00e7e\u015fitli T\u00fcrk komutanlar\u0131n\u0131n Anadolu i\u00e7lerinde tutunmalar\u0131na imk\u00e2n tan\u0131d\u0131. Daha \u00f6nce \u00fczerlerine Bizans ordusunun gelmesiyle geriye do\u011fru \u00e7ekilen komutanlar, Malazgirt\u2019te Bizans ordusunun belkemi\u011finin k\u0131r\u0131lmas\u0131 neticesinde Anadolu\u2019dan \u00e7\u0131kar\u0131lamaz yeni bir konum elde ettiler. Bu, beraberinde Anadolu\u2019ya yo\u011fun bir T\u00fcrk g\u00f6\u00e7\u00fcn\u00fcn ba\u015flamas\u0131n\u0131 da te\u015fvik etti ve \u00fclke, tarihte hi\u00e7bir d\u00f6nemde g\u00f6rmedi\u011fi h\u0131zl\u0131 bir kimlik de\u011fi\u015fimi s\u00fcrecine b\u00f6ylece girmi\u015f oldu. Elbette zaman i\u00e7erisinde Bizans \u0130mparatorlu\u011fu\u2019nun g\u00fc\u00e7 kazand\u0131\u011f\u0131 d\u00f6nemler oldu. Sel\u00e7uklular ba\u015fkentleri \u0130znik\u2019i kaybettiler ve Bizans ordular\u0131 Konya\u2019y\u0131 hedef alan iddial\u0131 seferlere giri\u015febildiler. Ancak Malazgirt\u2019in ortaya \u00e7\u0131kard\u0131\u011f\u0131 o tarih\u00ee k\u0131r\u0131lma her zaman belirleyici olmay\u0131 s\u00fcrd\u00fcrd\u00fc. Art\u0131k Anadolu\u2019da sadece siyasi de\u011fil, ayn\u0131 zamanda demografik olarak da \u00fcst\u00fcnl\u00fckle kendisini hissettiren bir T\u00fcrk ger\u00e7e\u011fi vard\u0131. Ancak bunu hissedenler sadece Bizansl\u0131lar de\u011fildi.1. Ha\u00e7l\u0131 Seferi\u2019nin ba\u015flad\u0131\u011f\u0131 s\u0131rada Avrupa\u2019da Anadolu\u2019nun, yeni sahiplerine izafeten, T\u00fcrkiye ad\u0131yla an\u0131lmaya ba\u015flanmas\u0131 ve zaman i\u00e7erisinde adland\u0131rman\u0131n kapsam\u0131n\u0131n geni\u015flemesi, bu tarih\u00ee co\u011frafyada ya\u015fanan siyasi d\u00f6n\u00fc\u015f\u00fcm\u00fcn ve kimlik de\u011fi\u015fiminin en a\u00e7\u0131k g\u00f6stergelerinden birisidir.Altay Tayfun \u00d6zcan bu kitab\u0131nda Anadolu\u2019daki T\u00fcrk egemenli\u011finin ilk a\u015famas\u0131nda ya\u015fananlar ile \u00fclkenin T\u00fcrkle\u015fme s\u00fcrecini ele al\u0131nmakla kalm\u0131yor, ayn\u0131 zamanda T\u00fcrkiye tabirinin yayg\u0131nla\u015fma a\u015famalar\u0131n\u0131 da okuyucuya sunuyor.<\/p>\n","protected":false},"excerpt":{"rendered":"<p>D\u00fcnya tarihinde neticeleri g\u00fcn\u00fcm\u00fcz\u00fc \u015fekillendiren pek az zafer vard\u0131r. Bunlardan \u015f\u00fcphesiz ki en \u00f6nde geleni Sel\u00e7uklu Sultan\u0131 Alp Arslan\u2019\u0131n Malazgirt\u2019te rakibi Bizans \u0130mparatoru Romanos Diogenes\u2019e kar\u015f\u0131<span class=\"excerpt-hellip\"> [\u2026]<\/span><\/p>\n","protected":false},"featured_media":0,"template":"","meta":{"_monsterinsights_skip_tracking":false,"_monsterinsights_sitenote_active":false,"_monsterinsights_sitenote_note":"","_monsterinsights_sitenote_category":0},"product_brand":[],"product_cat":[12304,13650],"product_tag":[],"class_list":{"0":"post-756369","1":"product","2":"type-product","3":"status-publish","5":"product_cat-tarih","6":"product_cat-turk-tarihi-arastirmalari","7":"pa_cilt-ciltsiz","8":"pa_tur-kitap","9":"pa_yayinevi-otuken-nesriyat","10":"pa_yazar-altay-tayfun-ozcan","12":"first","13":"instock","14":"sale","15":"shipping-taxable","16":"purchasable","17":"product-type-simple"},"_links":{"self":[{"href":"https:\/\/roveyayinevi.com.tr\/index.php\/wp-json\/wp\/v2\/product\/756369","targetHints":{"allow":["GET"]}}],"collection":[{"href":"https:\/\/roveyayinevi.com.tr\/index.php\/wp-json\/wp\/v2\/product"}],"about":[{"href":"https:\/\/roveyayinevi.com.tr\/index.php\/wp-json\/wp\/v2\/types\/product"}],"wp:attachment":[{"href":"https:\/\/roveyayinevi.com.tr\/index.php\/wp-json\/wp\/v2\/media?parent=756369"}],"wp:term":[{"taxonomy":"product_brand","embeddable":true,"href":"https:\/\/roveyayinevi.com.tr\/index.php\/wp-json\/wp\/v2\/product_brand?post=756369"},{"taxonomy":"product_cat","embeddable":true,"href":"https:\/\/roveyayinevi.com.tr\/index.php\/wp-json\/wp\/v2\/product_cat?post=756369"},{"taxonomy":"product_tag","embeddable":true,"href":"https:\/\/roveyayinevi.com.tr\/index.php\/wp-json\/wp\/v2\/product_tag?post=756369"}],"curies":[{"name":"wp","href":"https:\/\/api.w.org\/{rel}","templated":true}]}}