{"id":756364,"date":"2025-08-28T07:05:46","date_gmt":"2025-08-28T04:05:46","guid":{"rendered":"https:\/\/roveyayinevi.com.tr\/index.php\/urun\/viyola-ve-piyano-icin-turku-albumu-1\/"},"modified":"2026-04-16T03:09:33","modified_gmt":"2026-04-16T00:09:33","slug":"viyola-ve-piyano-icin-turku-albumu-1","status":"publish","type":"product","link":"https:\/\/roveyayinevi.com.tr\/index.php\/urun\/viyola-ve-piyano-icin-turku-albumu-1\/","title":{"rendered":"Viyola ve Piyano i\u00e7in T\u00fcrk\u00fc Alb\u00fcm\u00fc -1"},"content":{"rendered":"<p>Gazi \u00dcniversitesi, Gazi E\u011fitim Fak\u00fcltesi, G\u00fczel Sanatlar E\u011fitimi B\u00f6l\u00fcm\u00fc, M\u00fczik E\u011fitimi Anabilim Dal\u0131\u2019nda \u00f6\u011fretim eleman\u0131 olarak g\u00f6rev yapmakta olan ve mesai arkada\u015f\u0131 olmaktan gurur duydu\u011fum de\u011ferli meslekta\u015flar\u0131m \u00d6mer Bilgehan SONSEL ve \u00c7a\u011fla SER\u0130N \u00d6ZPARLAK\u2019\u0131, \u201cViyola ve Piyano i\u00e7in T\u00fcrk\u00fc Alb\u00fcm\u00fc &#8211; I\u201d \u00e7al\u0131\u015fmalar\u0131ndan \u00f6t\u00fcr\u00fc tebrik ederim.   Eserlerin viyola ve piyano ekseninde kompozisyonunun yap\u0131ld\u0131\u011f\u0131 alb\u00fcmde, farkl\u0131 y\u00f6relere ili\u015fkin T\u00fcrk m\u00fczik k\u00fclt\u00fcr\u00fcn\u00fcn yans\u0131malar\u0131ndan olu\u015fan \u00e7oksesli sekiz t\u00fcrk\u00fc d\u00fczenlemesine yer verilmi\u015f olup; s\u00f6z konusu \u00e7al\u0131\u015fmaya yan\u0131 s\u0131ra i\u015fitsel kayd\u0131n\u0131n da eklenmi\u015f olmas\u0131, viyola e\u011fitimi ve \u00f6\u011fretimi a\u00e7\u0131s\u0131ndan ayr\u0131ca \u00f6nem arz etmektedir. D\u00fczenlemelerde viyolan\u0131n kendine has t\u0131n\u0131sal b\u00fct\u00fcnl\u00fc\u011f\u00fcn\u00fcn ortaya \u00e7\u0131kmas\u0131 bak\u0131m\u0131ndan ise karakteristik olan registerler \u00f6n planda tutulmu\u015f; temel beceri ve teknikleri kazanm\u0131\u015f olan t\u00fcm viyola \u00f6\u011frencilerin \u00e7alabilmesine y\u00f6nelik olmas\u0131na da ayr\u0131ca \u00f6zen g\u00f6sterilmi\u015ftir.   Piyano e\u015fliklemede kullan\u0131lan besteleme y\u00f6ntem, teknik ve stillerin ise piyanistik anlamda ba\u015far\u0131l\u0131 oldu\u011fu alb\u00fcmde; t\u00fcrk\u00fclerimizin karakteristik olarak \u00f6z\u00fcn\u00fc yitirmemesi a\u00e7\u0131s\u0131ndan, \u00e7okseslilik yakla\u015f\u0131m\u0131 olarak genellikle \u0130lerici\u2019ye ait olan d\u00f6rtl\u00fc armoni sisteminin kullan\u0131lmas\u0131 \u00e7ok anlaml\u0131d\u0131r. Prof. Dr. Aytekin ALBUZ * * * Halk ezgilerinin tampere sisteme uyarlan\u0131p viyola e\u011fitimine kazand\u0131r\u0131lmas\u0131, \u00f6zengen ve mesleki m\u00fczik e\u011fitiminin \u00e7e\u015fitli kademelerinde \u00f6\u011fretici ve kuvvetlendirici rol oynamaktad\u0131r. Sonsel ve Serin \u00d6zparlak&#8217;\u0131n haz\u0131rlad\u0131\u011f\u0131 &#8220;Viyola ve Piyano i\u00e7in T\u00fcrk\u00fc Alb\u00fcm\u00fc&#8221; kitab\u0131n\u0131n e\u011fitim m\u00fczi\u011fine olumlu katk\u0131lar sa\u011flamas\u0131 dile\u011fi ile&#8230; Prof. Dr. Bige Bediz KINIKLI       * * * Viyola e\u011fitiminde halk ezgilerine dayal\u0131 kaynak eksikli\u011fini gidermek amac\u0131yla haz\u0131rlanan &#8220;Viyola ve Piyano i\u00e7in T\u00fcrk\u00fc Alb\u00fcm\u00fc&#8221;n\u00fcn ba\u015fta m\u00fczik e\u011fitimi anabilim dallar\u0131 ve g\u00fczel sanatlar fak\u00fclteleri olmak \u00fczere viyola \u00f6\u011frencilerine ve e\u011fitimcilerine faydal\u0131 olmas\u0131 dile\u011fi ile&#8230; Prof. Betil BA\u015eE\u011eMEZLER <\/p>\n","protected":false},"excerpt":{"rendered":"<p>Gazi \u00dcniversitesi, Gazi E\u011fitim Fak\u00fcltesi, G\u00fczel Sanatlar E\u011fitimi B\u00f6l\u00fcm\u00fc, M\u00fczik E\u011fitimi Anabilim Dal\u0131\u2019nda \u00f6\u011fretim eleman\u0131 olarak g\u00f6rev yapmakta olan ve mesai arkada\u015f\u0131 olmaktan gurur duydu\u011fum de\u011ferli<span class=\"excerpt-hellip\"> [\u2026]<\/span><\/p>\n","protected":false},"featured_media":0,"template":"","meta":{"_monsterinsights_skip_tracking":false,"_monsterinsights_sitenote_active":false,"_monsterinsights_sitenote_note":"","_monsterinsights_sitenote_category":0},"product_brand":[],"product_cat":[14556],"product_tag":[],"class_list":{"0":"post-756364","1":"product","2":"type-product","3":"status-publish","5":"product_cat-muzik","6":"pa_cilt-ciltsiz","7":"pa_tur-kitap","8":"pa_yayinevi-muzik-egitimi-yayinlari","9":"pa_yazar-bilgehan-sonsel-cagla-serin-ozparlak","11":"first","12":"instock","13":"sale","14":"shipping-taxable","15":"purchasable","16":"product-type-simple"},"_links":{"self":[{"href":"https:\/\/roveyayinevi.com.tr\/index.php\/wp-json\/wp\/v2\/product\/756364","targetHints":{"allow":["GET"]}}],"collection":[{"href":"https:\/\/roveyayinevi.com.tr\/index.php\/wp-json\/wp\/v2\/product"}],"about":[{"href":"https:\/\/roveyayinevi.com.tr\/index.php\/wp-json\/wp\/v2\/types\/product"}],"wp:attachment":[{"href":"https:\/\/roveyayinevi.com.tr\/index.php\/wp-json\/wp\/v2\/media?parent=756364"}],"wp:term":[{"taxonomy":"product_brand","embeddable":true,"href":"https:\/\/roveyayinevi.com.tr\/index.php\/wp-json\/wp\/v2\/product_brand?post=756364"},{"taxonomy":"product_cat","embeddable":true,"href":"https:\/\/roveyayinevi.com.tr\/index.php\/wp-json\/wp\/v2\/product_cat?post=756364"},{"taxonomy":"product_tag","embeddable":true,"href":"https:\/\/roveyayinevi.com.tr\/index.php\/wp-json\/wp\/v2\/product_tag?post=756364"}],"curies":[{"name":"wp","href":"https:\/\/api.w.org\/{rel}","templated":true}]}}