{"id":756363,"date":"2025-08-28T07:05:44","date_gmt":"2025-08-28T04:05:44","guid":{"rendered":"https:\/\/roveyayinevi.com.tr\/index.php\/urun\/demircinin-kizi\/"},"modified":"2026-04-08T03:17:29","modified_gmt":"2026-04-08T00:17:29","slug":"demircinin-kizi","status":"publish","type":"product","link":"https:\/\/roveyayinevi.com.tr\/index.php\/urun\/demircinin-kizi\/","title":{"rendered":"Demircinin K\u0131z\u0131"},"content":{"rendered":"<p>Karar vermeliydi \u015einasi. Ya demircinin o\u011flu demirci olarak kalacak ya da kabu\u011fundan kurtulup \u00fczerindeki t\u00fcm y\u00fcklerini bir kenara b\u0131rak\u0131p yeniden do\u011facakt\u0131. Neden ve kimden \u00e7ekinmeliydi? Kendisinin cesaret edemedi\u011fine elin k\u0131z\u0131 cesaret etmi\u015f, onu yeme\u011fe davet etmi\u015fti. Ho\u015f, bor\u00e7lu oldu\u011funu s\u00f6ylese de ona bunu yapt\u0131ran ku\u015fkusuz \u00f6z g\u00fcveniydi. \u00d6l\u00fcm yoktu ya sonunda. Her gitti\u011fi kap\u0131dan demircinin o\u011flu diye geri \u00e7evrilmi\u015fti. Surat\u0131na kapanan kap\u0131 ha be\u015f olmu\u015f ha alt\u0131 ne fark ederdi. \u00c7oktan gelen, masada bekleyen sipari\u015flere bakmaktan da s\u0131k\u0131lm\u0131\u015ft\u0131. A\u00e7\u0131lmaya, her \u015feyi s\u00f6ylemeye sevdas\u0131n\u0131 dillendirmeye karar verdi. Garip olan ise Seher \u00f6\u011fretmenden de ses \u00e7\u0131kmamas\u0131yd\u0131. Kafas\u0131n\u0131 kald\u0131rd\u0131 \u015einasi. Seher \u00f6\u011fretmen, \u00f6ylece durmu\u015f, ona bak\u0131yordu. G\u00f6z g\u00f6ze geldiler. Hep uzaklardan bakt\u0131\u011f\u0131 yan\u0131ndan ge\u00e7tikten sonra arkas\u0131ndan seyre dald\u0131\u011f\u0131 y\u00fczle kar\u015f\u0131 kar\u015f\u0131yayd\u0131. Y\u00fcz\u00fcne d\u00fc\u015fm\u00fc\u015f kumral sa\u00e7lar\u0131n\u0131n aras\u0131ndan g\u00f6zlerini g\u00f6rd\u00fc. G\u00f6z renklerinden hi\u00e7 anlamazd\u0131. Bug\u00fcne kadar hi\u00e7bir k\u0131z\u0131n g\u00f6zlerine b\u00f6yle bakmam\u0131\u015ft\u0131. Baharda dingin akan Posof \u00c7ay\u0131\u2019na benziyordu. \u00c7ivit mavisi g\u00f6zlerde k\u00e2\u011f\u0131ttan yapma kay\u0131k misali Secedil Da\u011f\u0131\u2019ndan sal\u0131na sal\u0131na Hazar Denizi\u2019ne do\u011fru g\u00f6zlerinde kaybolup gitti. Bu kadar\u0131 yeterdi.<\/p>\n","protected":false},"excerpt":{"rendered":"<p>Karar vermeliydi \u015einasi. Ya demircinin o\u011flu demirci olarak kalacak ya da kabu\u011fundan kurtulup \u00fczerindeki t\u00fcm y\u00fcklerini bir kenara b\u0131rak\u0131p yeniden do\u011facakt\u0131. Neden ve kimden \u00e7ekinmeliydi? Kendisinin<span class=\"excerpt-hellip\"> [\u2026]<\/span><\/p>\n","protected":false},"featured_media":0,"template":"","meta":{"_monsterinsights_skip_tracking":false,"_monsterinsights_sitenote_active":false,"_monsterinsights_sitenote_note":"","_monsterinsights_sitenote_category":0},"product_brand":[],"product_cat":[12291,12711],"product_tag":[],"class_list":{"0":"post-756363","1":"product","2":"type-product","3":"status-publish","5":"product_cat-edebiyat","6":"product_cat-roman-oyku","7":"pa_cilt-ciltsiz","8":"pa_tur-kitap","9":"pa_yayinevi-lirik-yayincilik","10":"pa_yazar-erhan-ozkan","12":"first","13":"instock","14":"sale","15":"shipping-taxable","16":"purchasable","17":"product-type-simple"},"_links":{"self":[{"href":"https:\/\/roveyayinevi.com.tr\/index.php\/wp-json\/wp\/v2\/product\/756363","targetHints":{"allow":["GET"]}}],"collection":[{"href":"https:\/\/roveyayinevi.com.tr\/index.php\/wp-json\/wp\/v2\/product"}],"about":[{"href":"https:\/\/roveyayinevi.com.tr\/index.php\/wp-json\/wp\/v2\/types\/product"}],"wp:attachment":[{"href":"https:\/\/roveyayinevi.com.tr\/index.php\/wp-json\/wp\/v2\/media?parent=756363"}],"wp:term":[{"taxonomy":"product_brand","embeddable":true,"href":"https:\/\/roveyayinevi.com.tr\/index.php\/wp-json\/wp\/v2\/product_brand?post=756363"},{"taxonomy":"product_cat","embeddable":true,"href":"https:\/\/roveyayinevi.com.tr\/index.php\/wp-json\/wp\/v2\/product_cat?post=756363"},{"taxonomy":"product_tag","embeddable":true,"href":"https:\/\/roveyayinevi.com.tr\/index.php\/wp-json\/wp\/v2\/product_tag?post=756363"}],"curies":[{"name":"wp","href":"https:\/\/api.w.org\/{rel}","templated":true}]}}