{"id":756362,"date":"2025-08-28T07:05:42","date_gmt":"2025-08-28T04:05:42","guid":{"rendered":"https:\/\/roveyayinevi.com.tr\/index.php\/urun\/ataturkten-oykuler\/"},"modified":"2026-04-16T03:09:33","modified_gmt":"2026-04-16T00:09:33","slug":"ataturkten-oykuler","status":"publish","type":"product","link":"https:\/\/roveyayinevi.com.tr\/index.php\/urun\/ataturkten-oykuler\/","title":{"rendered":"Atat\u00fcrk\u2019ten \u00d6yk\u00fcler"},"content":{"rendered":"<p>Yunanistan Ba\u015fkan\u0131 Venizelos, Atat\u00fcrk i\u00e7in \u015f\u00f6yle diyor: \u201cBir ulusun hayat\u0131nda bu kadar az s\u00fcrede bu denli k\u00f6kl\u00fc de\u011fi\u015fiklikler pek seyrek ger\u00e7ekle\u015fir\u2026 Bu ola\u011fan\u00fcst\u00fc i\u015fleri yapanlar, hi\u00e7 ku\u015fkusuz b\u00fcy\u00fck devlet adam niteli\u011fine hak kazanm\u0131\u015flard\u0131r. Bundan dolay\u0131 T\u00fcrkiye \u00f6v\u00fcnebilir.\u201d Yine \u0130ngiltere Ba\u015fbakan\u0131 Winston Churchill, Atat\u00fcrk\u2019\u00fcn \u00f6l\u00fcm\u00fc \u00fczerine sorulan bir soruya t\u00fcm i\u00e7tenli\u011fiyle \u015fu cevab\u0131 vermi\u015ftir: \u201cSava\u015fta T\u00fcrkiye\u2019yi kurtaran, sava\u015ftan sonra da T\u00fcrk ulusunu yeniden dirilten Atat\u00fcrk\u2019\u00fcn \u00f6l\u00fcm\u00fc, yaln\u0131z T\u00fcrkiye i\u00e7in de\u011fil, Avrupa i\u00e7in de en b\u00fcy\u00fck kay\u0131pt\u0131r. Her s\u0131n\u0131f insan\u0131n onun ard\u0131ndan d\u00f6kt\u00fc\u011f\u00fc g\u00f6zya\u015flar\u0131 bu b\u00fcy\u00fck kahramana ve modern T\u00fcrkiye\u2019nin Ata\u2019s\u0131na lay\u0131k bir tezah\u00fcrden ba\u015fka bir \u015fey de\u011fildir.\u201d Hint Parlamento Heyeti Ba\u015fkan\u0131 Sucheta Kr\u0131palan\u0131: \u201cAtat\u00fcrk, yaln\u0131z T\u00fcrk milletinin de\u011fil, \u00f6zg\u00fcrl\u00fc\u011f\u00fc u\u011fruna sava\u015fan b\u00fct\u00fcn milletlerin \u00f6nderiydi. O\u2019nun direktifleri alt\u0131nda siz ba\u011f\u0131ms\u0131zl\u0131\u011f\u0131n\u0131za kavu\u015ftunuz. Biz de o yoldan y\u00fcr\u00fcyerek \u00f6zg\u00fcrl\u00fc\u011f\u00fcm\u00fcze kavu\u015ftuk.\u201d der. \u00d6ncelikle \u00e7ocuklar\u0131m\u0131z ve gen\u00e7lerimizden ba\u015flayarak T\u00fcrk halk\u0131n\u0131n her kesimine hitap edecek \u201cAtat\u00fcrk\u2019ten \u00d6yk\u00fcler\u201d kitab\u0131n\u0131 yazma fikri uzu zaman \u00f6nce zihnimde tezah\u00fcr etmi\u015fti. Y\u0131llarca ara\u015ft\u0131r\u0131p bu eseri kaleme almay\u0131 Cenab\u0131 Allah bug\u00fcn nasip etti. Ne var bu \u00f6yk\u00fclerde? Ya\u015fanm\u0131\u015fl\u0131k var, sadece tarih de\u011fil\u2026 Hayat maceras\u0131na, k\u00fc\u00e7\u00fck ya\u015fta yetim kalm\u0131\u015f bir \u00e7ocuk olarak ba\u015flayan Mustafa\u2019n\u0131n, Mustafa Kemal\u2019in, Mustafa Kemal Pa\u015fa\u2019n\u0131n, Gazi Mustafa Kemal Pa\u015fa\u2019n\u0131n ve elbette Atat\u00fcrk\u2019\u00fcn m\u00fccadeleleri ve \u201cinsan\u201d yanlar\u0131 var.<\/p>\n","protected":false},"excerpt":{"rendered":"<p>Yunanistan Ba\u015fkan\u0131 Venizelos, Atat\u00fcrk i\u00e7in \u015f\u00f6yle diyor: \u201cBir ulusun hayat\u0131nda bu kadar az s\u00fcrede bu denli k\u00f6kl\u00fc de\u011fi\u015fiklikler pek seyrek ger\u00e7ekle\u015fir\u2026 Bu ola\u011fan\u00fcst\u00fc i\u015fleri yapanlar, hi\u00e7<span class=\"excerpt-hellip\"> [\u2026]<\/span><\/p>\n","protected":false},"featured_media":0,"template":"","meta":{"_monsterinsights_skip_tracking":false,"_monsterinsights_sitenote_active":false,"_monsterinsights_sitenote_note":"","_monsterinsights_sitenote_category":0},"product_brand":[],"product_cat":[12291,18202],"product_tag":[],"class_list":{"0":"post-756362","1":"product","2":"type-product","3":"status-publish","5":"product_cat-edebiyat","6":"product_cat-hikaye","7":"pa_cilt-ciltsiz","8":"pa_tur-kitap","9":"pa_yayinevi-sinova-yayincilik","10":"pa_yazar-selcuk-silsupur","12":"first","13":"instock","14":"sale","15":"shipping-taxable","16":"purchasable","17":"product-type-simple"},"_links":{"self":[{"href":"https:\/\/roveyayinevi.com.tr\/index.php\/wp-json\/wp\/v2\/product\/756362","targetHints":{"allow":["GET"]}}],"collection":[{"href":"https:\/\/roveyayinevi.com.tr\/index.php\/wp-json\/wp\/v2\/product"}],"about":[{"href":"https:\/\/roveyayinevi.com.tr\/index.php\/wp-json\/wp\/v2\/types\/product"}],"wp:attachment":[{"href":"https:\/\/roveyayinevi.com.tr\/index.php\/wp-json\/wp\/v2\/media?parent=756362"}],"wp:term":[{"taxonomy":"product_brand","embeddable":true,"href":"https:\/\/roveyayinevi.com.tr\/index.php\/wp-json\/wp\/v2\/product_brand?post=756362"},{"taxonomy":"product_cat","embeddable":true,"href":"https:\/\/roveyayinevi.com.tr\/index.php\/wp-json\/wp\/v2\/product_cat?post=756362"},{"taxonomy":"product_tag","embeddable":true,"href":"https:\/\/roveyayinevi.com.tr\/index.php\/wp-json\/wp\/v2\/product_tag?post=756362"}],"curies":[{"name":"wp","href":"https:\/\/api.w.org\/{rel}","templated":true}]}}