{"id":756354,"date":"2025-08-28T07:05:27","date_gmt":"2025-08-28T04:05:27","guid":{"rendered":"https:\/\/roveyayinevi.com.tr\/index.php\/urun\/kacinci-tekil\/"},"modified":"2026-04-16T03:09:33","modified_gmt":"2026-04-16T00:09:33","slug":"kacinci-tekil","status":"publish","type":"product","link":"https:\/\/roveyayinevi.com.tr\/index.php\/urun\/kacinci-tekil\/","title":{"rendered":"Ka\u00e7\u0131nc\u0131 Tekil"},"content":{"rendered":"<p>birbirine kar\u0131\u015fan g\u00fcnlerde ben hep seni d\u00fc\u015f\u00fcnd\u00fcm d\u00fc\u015f\u00fcrd\u00fcm i\u00e7imden b\u00f6brek ta\u015flar\u0131 karaci\u011ferimi d\u00fc\u015f\u00fcrd\u00fcm, ya\u011fland\u0131m, ci\u011ferlerin biri pert \u00f6b\u00fcr\u00fcn\u00fcn ad\u0131n\u0131 g\u00fcl\u00fc\u015f\u00fcn koydum dayan\u0131yorum, \u00e7al\u0131\u015f\u0131rken bakmay\u0131n \u015fu telefonlar\u0131n\u0131za kamyon gelmi\u015f vinci haz\u0131rlay\u0131n beni buradan kald\u0131r\u0131n <\/p>\n","protected":false},"excerpt":{"rendered":"<p>birbirine kar\u0131\u015fan g\u00fcnlerde ben hep seni d\u00fc\u015f\u00fcnd\u00fcm d\u00fc\u015f\u00fcrd\u00fcm i\u00e7imden b\u00f6brek ta\u015flar\u0131 karaci\u011ferimi d\u00fc\u015f\u00fcrd\u00fcm, ya\u011fland\u0131m, ci\u011ferlerin biri pert \u00f6b\u00fcr\u00fcn\u00fcn ad\u0131n\u0131 g\u00fcl\u00fc\u015f\u00fcn koydum dayan\u0131yorum, \u00e7al\u0131\u015f\u0131rken bakmay\u0131n \u015fu telefonlar\u0131n\u0131za<span class=\"excerpt-hellip\"> [\u2026]<\/span><\/p>\n","protected":false},"featured_media":0,"template":"","meta":{"_monsterinsights_skip_tracking":false,"_monsterinsights_sitenote_active":false,"_monsterinsights_sitenote_note":"","_monsterinsights_sitenote_category":0},"product_brand":[],"product_cat":[12291,12509],"product_tag":[],"class_list":{"0":"post-756354","1":"product","2":"type-product","3":"status-publish","5":"product_cat-edebiyat","6":"product_cat-siir","7":"pa_cilt-ciltsiz","8":"pa_tur-kitap","9":"pa_yayinevi-ithaki-yayinlari","10":"pa_yazar-ozgur-balli","12":"first","13":"instock","14":"sale","15":"shipping-taxable","16":"purchasable","17":"product-type-simple"},"_links":{"self":[{"href":"https:\/\/roveyayinevi.com.tr\/index.php\/wp-json\/wp\/v2\/product\/756354","targetHints":{"allow":["GET"]}}],"collection":[{"href":"https:\/\/roveyayinevi.com.tr\/index.php\/wp-json\/wp\/v2\/product"}],"about":[{"href":"https:\/\/roveyayinevi.com.tr\/index.php\/wp-json\/wp\/v2\/types\/product"}],"wp:attachment":[{"href":"https:\/\/roveyayinevi.com.tr\/index.php\/wp-json\/wp\/v2\/media?parent=756354"}],"wp:term":[{"taxonomy":"product_brand","embeddable":true,"href":"https:\/\/roveyayinevi.com.tr\/index.php\/wp-json\/wp\/v2\/product_brand?post=756354"},{"taxonomy":"product_cat","embeddable":true,"href":"https:\/\/roveyayinevi.com.tr\/index.php\/wp-json\/wp\/v2\/product_cat?post=756354"},{"taxonomy":"product_tag","embeddable":true,"href":"https:\/\/roveyayinevi.com.tr\/index.php\/wp-json\/wp\/v2\/product_tag?post=756354"}],"curies":[{"name":"wp","href":"https:\/\/api.w.org\/{rel}","templated":true}]}}