{"id":756350,"date":"2025-08-28T07:05:21","date_gmt":"2025-08-28T04:05:21","guid":{"rendered":"https:\/\/roveyayinevi.com.tr\/index.php\/urun\/gokdelenler-national-geographic-kids\/"},"modified":"2026-04-16T03:09:33","modified_gmt":"2026-04-16T00:09:33","slug":"gokdelenler-national-geographic-kids","status":"publish","type":"product","link":"https:\/\/roveyayinevi.com.tr\/index.php\/urun\/gokdelenler-national-geographic-kids\/","title":{"rendered":"G\u00f6kdelenler &#8211; National Geographic Kids"},"content":{"rendered":"<p>\u0130lk g\u00f6kdelenlerden sonuncusuna, en y\u00fckse\u011finden nas\u0131l yap\u0131ld\u0131klar\u0131na ve tarihsel geli\u015fmelerine kadar g\u00f6kdelenler hakk\u0131nda her \u015fey bu kitapta bir araya geldi.National Geographic\u2019in uzman foto\u011fraf\u00e7\u0131lar\u0131n\u0131n imzas\u0131n\u0131 ta\u015f\u0131yan g\u00f6rsellerle, zengin bir i\u00e7erik, bu kitapta bir araya geldi. 12 kitaptan olu\u015fan, 3. seviye okuma kitaplar\u0131ndan biri olan G\u00f6kdelenler, kendi ba\u015flar\u0131na ak\u0131c\u0131 olarak okuyabilen ve yeni s\u00f6zc\u00fcklerle uzun c\u00fcmlelere haz\u0131r olan \u00e7ocuklar i\u00e7indir. \u0130lgi \u00e7ekici parlak resimleriyle \u00e7ocuklar\u0131n ilgilerini kaybetmeden hem e\u011flenmelerini hem de \u00f6\u011frenmelerini sa\u011flayan bu kitap, onlar\u0131n bilim, teknoloji ve mimari d\u00fcnyas\u0131na att\u0131klar\u0131 ilk ad\u0131mlardan olacak.<\/p>\n","protected":false},"excerpt":{"rendered":"<p>\u0130lk g\u00f6kdelenlerden sonuncusuna, en y\u00fckse\u011finden nas\u0131l yap\u0131ld\u0131klar\u0131na ve tarihsel geli\u015fmelerine kadar g\u00f6kdelenler hakk\u0131nda her \u015fey bu kitapta bir araya geldi.National Geographic\u2019in uzman foto\u011fraf\u00e7\u0131lar\u0131n\u0131n imzas\u0131n\u0131 ta\u015f\u0131yan g\u00f6rsellerle,<span class=\"excerpt-hellip\"> [\u2026]<\/span><\/p>\n","protected":false},"featured_media":0,"template":"","meta":{"_monsterinsights_skip_tracking":false,"_monsterinsights_sitenote_active":false,"_monsterinsights_sitenote_note":"","_monsterinsights_sitenote_category":0},"product_brand":[],"product_cat":[13829,12274],"product_tag":[],"class_list":{"0":"post-756350","1":"product","2":"type-product","3":"status-publish","5":"product_cat-bilimsel-kitaplar","6":"product_cat-cocuk-ve-genclik-kitaplari","7":"pa_cilt-ciltsiz","8":"pa_tur-kitap","9":"pa_yayinevi-beta-kids","10":"pa_yazar-libby-romero","12":"first","13":"instock","14":"sale","15":"shipping-taxable","16":"purchasable","17":"product-type-simple"},"_links":{"self":[{"href":"https:\/\/roveyayinevi.com.tr\/index.php\/wp-json\/wp\/v2\/product\/756350","targetHints":{"allow":["GET"]}}],"collection":[{"href":"https:\/\/roveyayinevi.com.tr\/index.php\/wp-json\/wp\/v2\/product"}],"about":[{"href":"https:\/\/roveyayinevi.com.tr\/index.php\/wp-json\/wp\/v2\/types\/product"}],"wp:attachment":[{"href":"https:\/\/roveyayinevi.com.tr\/index.php\/wp-json\/wp\/v2\/media?parent=756350"}],"wp:term":[{"taxonomy":"product_brand","embeddable":true,"href":"https:\/\/roveyayinevi.com.tr\/index.php\/wp-json\/wp\/v2\/product_brand?post=756350"},{"taxonomy":"product_cat","embeddable":true,"href":"https:\/\/roveyayinevi.com.tr\/index.php\/wp-json\/wp\/v2\/product_cat?post=756350"},{"taxonomy":"product_tag","embeddable":true,"href":"https:\/\/roveyayinevi.com.tr\/index.php\/wp-json\/wp\/v2\/product_tag?post=756350"}],"curies":[{"name":"wp","href":"https:\/\/api.w.org\/{rel}","templated":true}]}}