{"id":756348,"date":"2025-08-28T07:05:18","date_gmt":"2025-08-28T04:05:18","guid":{"rendered":"https:\/\/roveyayinevi.com.tr\/index.php\/urun\/denizanasi-yemek-cok-igrenc\/"},"modified":"2026-04-16T03:09:33","modified_gmt":"2026-04-16T00:09:33","slug":"denizanasi-yemek-cok-igrenc","status":"publish","type":"product","link":"https:\/\/roveyayinevi.com.tr\/index.php\/urun\/denizanasi-yemek-cok-igrenc\/","title":{"rendered":"Denizanas\u0131 Yemek \u00c7ok \u0130\u011fren\u00e7!"},"content":{"rendered":"<p>Kaplumba\u011falar\u0131n denizanas\u0131 yedi\u011fini herkes bilir! Ya da\u2026 Onlar\u0131 i\u011fneli, k\u0131l\u00e7\u0131kl\u0131 ve \u0130\u011eREN\u00c7 oldu\u011funu du\u0308\u015fu\u0308nen Bur\u00e7in ad\u0131ndaki ku\u0308\u00e7u\u0308k kaplumba\u011fa d\u0131\u015f\u0131nda herkes diyelim!Hadi siz de, yiyecek daha farkl\u0131 bir \u015feyler bulmak u\u0308zere okyanusta dola\u015f\u0131p yeni arkada\u015flar edinen Bur\u00e7in\u2019in maceras\u0131na kat\u0131l\u0131n.<\/p>\n","protected":false},"excerpt":{"rendered":"<p>Kaplumba\u011falar\u0131n denizanas\u0131 yedi\u011fini herkes bilir! Ya da\u2026 Onlar\u0131 i\u011fneli, k\u0131l\u00e7\u0131kl\u0131 ve \u0130\u011eREN\u00c7 oldu\u011funu du\u0308\u015fu\u0308nen Bur\u00e7in ad\u0131ndaki ku\u0308\u00e7u\u0308k kaplumba\u011fa d\u0131\u015f\u0131nda herkes diyelim!Hadi siz de, yiyecek daha farkl\u0131<span class=\"excerpt-hellip\"> [\u2026]<\/span><\/p>\n","protected":false},"featured_media":0,"template":"","meta":{"_monsterinsights_skip_tracking":false,"_monsterinsights_sitenote_active":false,"_monsterinsights_sitenote_note":"","_monsterinsights_sitenote_category":0},"product_brand":[],"product_cat":[12274,12284],"product_tag":[],"class_list":{"0":"post-756348","1":"product","2":"type-product","3":"status-publish","5":"product_cat-cocuk-ve-genclik-kitaplari","6":"product_cat-hikayeler","7":"pa_cilt-ciltsiz","8":"pa_tur-kitap","9":"pa_yayinevi-beta-kids","10":"pa_yazar-joshua-george","12":"first","13":"instock","14":"sale","15":"shipping-taxable","16":"purchasable","17":"product-type-simple"},"_links":{"self":[{"href":"https:\/\/roveyayinevi.com.tr\/index.php\/wp-json\/wp\/v2\/product\/756348","targetHints":{"allow":["GET"]}}],"collection":[{"href":"https:\/\/roveyayinevi.com.tr\/index.php\/wp-json\/wp\/v2\/product"}],"about":[{"href":"https:\/\/roveyayinevi.com.tr\/index.php\/wp-json\/wp\/v2\/types\/product"}],"wp:attachment":[{"href":"https:\/\/roveyayinevi.com.tr\/index.php\/wp-json\/wp\/v2\/media?parent=756348"}],"wp:term":[{"taxonomy":"product_brand","embeddable":true,"href":"https:\/\/roveyayinevi.com.tr\/index.php\/wp-json\/wp\/v2\/product_brand?post=756348"},{"taxonomy":"product_cat","embeddable":true,"href":"https:\/\/roveyayinevi.com.tr\/index.php\/wp-json\/wp\/v2\/product_cat?post=756348"},{"taxonomy":"product_tag","embeddable":true,"href":"https:\/\/roveyayinevi.com.tr\/index.php\/wp-json\/wp\/v2\/product_tag?post=756348"}],"curies":[{"name":"wp","href":"https:\/\/api.w.org\/{rel}","templated":true}]}}