{"id":756346,"date":"2025-08-28T07:05:15","date_gmt":"2025-08-28T04:05:15","guid":{"rendered":"https:\/\/roveyayinevi.com.tr\/index.php\/urun\/ask-olsun-o-kayiklara-ciltli\/"},"modified":"2026-04-16T03:09:33","modified_gmt":"2026-04-16T00:09:33","slug":"ask-olsun-o-kayiklara-ciltli","status":"publish","type":"product","link":"https:\/\/roveyayinevi.com.tr\/index.php\/urun\/ask-olsun-o-kayiklara-ciltli\/","title":{"rendered":"A\u015fk Olsun O Kay\u0131klara (Ciltli)"},"content":{"rendered":"<p>Sosyolog, siyasetbilimi profes\u00f6r\u00fc, yemek ve mutfak k\u00fclt\u00fcr\u00fc ara\u015ft\u0131rmac\u0131s\u0131 Artun \u00dcnsal, daha \u00f6nceki eserlerinde okurlar\u0131 mutfak lezzetlerine ortak etmi\u015fti; \u015fimdi ise okurlar\u0131 \u201c\u0130stanbul\u2019un kay\u0131k devrinde\u201d uzun soluklu, muhte\u015fem bir gezintiye \u00e7\u0131kar\u0131yor. Nitelikli bir ara\u015ft\u0131rman\u0131n \u00fcr\u00fcn\u00fc olan bu kitap, g\u00fcn\u00fcm\u00fcz ku\u015fa\u011f\u0131 i\u00e7in oldu\u011fu kadar, gelecek ku\u015faklar i\u00e7in de de\u011ferli bir katk\u0131 sunuyor.   \u201cYolcu, y\u00fck ve tenezz\u00fch [gezinti] kay\u0131klar\u0131n\u0131n, ula\u015f\u0131msal, ekonomik, sosyolojik ve k\u00fclt\u00fcrel boyutlar\u0131yla bir zamanlar \u0130stanbul i\u00e7in ne denli \u00f6nem ta\u015f\u0131d\u0131\u011f\u0131n\u0131 bir\u00e7ok ki\u015fi gibi ben de fark etmekte gecikmedim. [\u2026] Ve \u015fimdi de A\u015fk Olsun o kay\u0131klara! ile huzurunuza \u00e7\u0131k\u0131yorum. Bo\u011faz\u2019da oturan birinin; motorlar\u0131, vapurlar\u0131, konteynerleri, tankerleri ve k\u00f6pr\u00fcleriyle art\u0131k kan\u0131ksanan g\u00f6r\u00fcnt\u00fclerini de\u015fmek, kay\u0131klar arac\u0131l\u0131\u011f\u0131yla eskilerde \u201cBo\u011fazi\u00e7i medeniyeti\u201d diye an\u0131lan d\u00f6nemi an\u0131msatarak ge\u00e7mi\u015fle olan k\u00fclt\u00fcrel ba\u011flar\u0131m\u0131z\u0131 tazelemek ve Bo\u011faz\u2019\u0131n gelece\u011fine bak\u0131\u015f\u0131m\u0131z\u0131 da g\u00fc\u00e7lendirmek amac\u0131na y\u00f6nelik, m\u00fctevaz\u0131 bir \u00e7abas\u0131 olarak kabul buyurunuz.\u201d ARTUN \u00dcNSAL <\/p>\n","protected":false},"excerpt":{"rendered":"<p>Sosyolog, siyasetbilimi profes\u00f6r\u00fc, yemek ve mutfak k\u00fclt\u00fcr\u00fc ara\u015ft\u0131rmac\u0131s\u0131 Artun \u00dcnsal, daha \u00f6nceki eserlerinde okurlar\u0131 mutfak lezzetlerine ortak etmi\u015fti; \u015fimdi ise okurlar\u0131 \u201c\u0130stanbul\u2019un kay\u0131k devrinde\u201d uzun soluklu,<span class=\"excerpt-hellip\"> [\u2026]<\/span><\/p>\n","protected":false},"featured_media":0,"template":"","meta":{"_monsterinsights_skip_tracking":false,"_monsterinsights_sitenote_active":false,"_monsterinsights_sitenote_note":"","_monsterinsights_sitenote_category":0},"product_brand":[],"product_cat":[12365,12364],"product_tag":[],"class_list":{"0":"post-756346","1":"product","2":"type-product","3":"status-publish","5":"product_cat-diger-genel-konular","6":"product_cat-genel-konular","7":"pa_cilt-ciltli","8":"pa_tur-kitap","9":"pa_yayinevi-everest-yayinlari","10":"pa_yazar-artun-unsal","12":"first","13":"instock","14":"sale","15":"shipping-taxable","16":"purchasable","17":"product-type-simple"},"_links":{"self":[{"href":"https:\/\/roveyayinevi.com.tr\/index.php\/wp-json\/wp\/v2\/product\/756346","targetHints":{"allow":["GET"]}}],"collection":[{"href":"https:\/\/roveyayinevi.com.tr\/index.php\/wp-json\/wp\/v2\/product"}],"about":[{"href":"https:\/\/roveyayinevi.com.tr\/index.php\/wp-json\/wp\/v2\/types\/product"}],"wp:attachment":[{"href":"https:\/\/roveyayinevi.com.tr\/index.php\/wp-json\/wp\/v2\/media?parent=756346"}],"wp:term":[{"taxonomy":"product_brand","embeddable":true,"href":"https:\/\/roveyayinevi.com.tr\/index.php\/wp-json\/wp\/v2\/product_brand?post=756346"},{"taxonomy":"product_cat","embeddable":true,"href":"https:\/\/roveyayinevi.com.tr\/index.php\/wp-json\/wp\/v2\/product_cat?post=756346"},{"taxonomy":"product_tag","embeddable":true,"href":"https:\/\/roveyayinevi.com.tr\/index.php\/wp-json\/wp\/v2\/product_tag?post=756346"}],"curies":[{"name":"wp","href":"https:\/\/api.w.org\/{rel}","templated":true}]}}