{"id":756345,"date":"2025-08-28T07:05:13","date_gmt":"2025-08-28T04:05:13","guid":{"rendered":"https:\/\/roveyayinevi.com.tr\/index.php\/urun\/istanbul-hikayeleri-ciltli\/"},"modified":"2026-04-14T03:17:27","modified_gmt":"2026-04-14T00:17:27","slug":"istanbul-hikayeleri-ciltli","status":"publish","type":"product","link":"https:\/\/roveyayinevi.com.tr\/index.php\/urun\/istanbul-hikayeleri-ciltli\/","title":{"rendered":"\u0130stanbul Hikayeleri (Ciltli)"},"content":{"rendered":"<p>\u201cBunlar, tarihten \u00e7\u0131kar\u0131lm\u0131\u015f k\u00fc\u00e7\u00fck k\u00fc\u00e7\u00fck sahneler, portrelerdir. Modeller hakikidir, \u015fah\u0131slar uydurma de\u011fildir. Hadiseler, yazd\u0131\u011f\u0131m gibi cereyan etmi\u015ftir. Fakat bunlar, bir foto\u011frafla \u00e7ekilmi\u015f de\u011fil, f\u0131r\u00e7a ve boya veyahut kalemle yap\u0131lm\u0131\u015f resimlerdir. \u00d6yle zannediyorum ki, bu resimler, gen\u00e7ler ve halk i\u00e7in faydal\u0131 olabilece\u011fi gibi \u2018cemiyet ilmi\u2019nin de i\u015fine yarayabilecektir.\u201d   Re\u015fad Ekrem Ko\u00e7u\u2019dan birbirinden renkli insan hik\u00e2yeleri: sultanlar, \u015fehzadeler, tulumbac\u0131lar, dalkavuklar, cad\u0131lar, k\u00f6\u00e7ekler, cellatlar; mek\u00e2nlar\u0131 saraylar, batakhaneler, kahveler, meyhaneler ve hi\u00e7 eksik olmayan a\u015fklar, kavgalar, yasaklar\u2026   <\/p>\n","protected":false},"excerpt":{"rendered":"<p>\u201cBunlar, tarihten \u00e7\u0131kar\u0131lm\u0131\u015f k\u00fc\u00e7\u00fck k\u00fc\u00e7\u00fck sahneler, portrelerdir. Modeller hakikidir, \u015fah\u0131slar uydurma de\u011fildir. Hadiseler, yazd\u0131\u011f\u0131m gibi cereyan etmi\u015ftir. Fakat bunlar, bir foto\u011frafla \u00e7ekilmi\u015f de\u011fil, f\u0131r\u00e7a ve boya<span class=\"excerpt-hellip\"> [\u2026]<\/span><\/p>\n","protected":false},"featured_media":0,"template":"","meta":{"_monsterinsights_skip_tracking":false,"_monsterinsights_sitenote_active":false,"_monsterinsights_sitenote_note":"","_monsterinsights_sitenote_category":0},"product_brand":[],"product_cat":[12291,12745],"product_tag":[],"class_list":{"0":"post-756345","1":"product","2":"type-product","3":"status-publish","5":"product_cat-edebiyat","6":"product_cat-tarihi-roman","7":"pa_cilt-ciltli","8":"pa_tur-kitap","9":"pa_yayinevi-dogan-kitap","10":"pa_yazar-resad-ekrem-kocu","12":"first","13":"instock","14":"sale","15":"shipping-taxable","16":"purchasable","17":"product-type-simple"},"_links":{"self":[{"href":"https:\/\/roveyayinevi.com.tr\/index.php\/wp-json\/wp\/v2\/product\/756345","targetHints":{"allow":["GET"]}}],"collection":[{"href":"https:\/\/roveyayinevi.com.tr\/index.php\/wp-json\/wp\/v2\/product"}],"about":[{"href":"https:\/\/roveyayinevi.com.tr\/index.php\/wp-json\/wp\/v2\/types\/product"}],"wp:attachment":[{"href":"https:\/\/roveyayinevi.com.tr\/index.php\/wp-json\/wp\/v2\/media?parent=756345"}],"wp:term":[{"taxonomy":"product_brand","embeddable":true,"href":"https:\/\/roveyayinevi.com.tr\/index.php\/wp-json\/wp\/v2\/product_brand?post=756345"},{"taxonomy":"product_cat","embeddable":true,"href":"https:\/\/roveyayinevi.com.tr\/index.php\/wp-json\/wp\/v2\/product_cat?post=756345"},{"taxonomy":"product_tag","embeddable":true,"href":"https:\/\/roveyayinevi.com.tr\/index.php\/wp-json\/wp\/v2\/product_tag?post=756345"}],"curies":[{"name":"wp","href":"https:\/\/api.w.org\/{rel}","templated":true}]}}