{"id":756344,"date":"2025-08-28T07:05:12","date_gmt":"2025-08-28T04:05:12","guid":{"rendered":"https:\/\/roveyayinevi.com.tr\/index.php\/urun\/evvel-zaman-icinde-gumushane-ve-kelkit-yasam-kultur-ve-mutfak\/"},"modified":"2026-04-16T03:09:33","modified_gmt":"2026-04-16T00:09:33","slug":"evvel-zaman-icinde-gumushane-ve-kelkit-yasam-kultur-ve-mutfak","status":"publish","type":"product","link":"https:\/\/roveyayinevi.com.tr\/index.php\/urun\/evvel-zaman-icinde-gumushane-ve-kelkit-yasam-kultur-ve-mutfak\/","title":{"rendered":"Evvel Zaman \u0130\u00e7inde G\u00fcm\u00fc\u015fhane ve Kelkit -Ya\u015fam, K\u00fclt\u00fcr ve Mutfak-"},"content":{"rendered":"<p>Sarp arazisi, yayla ve vadilere yay\u0131lan k\u00f6yleri, ma\u011faralar\u0131, kaleleri, kiliseleri, ta\u015flar\u0131 ve sular\u0131yla her yerde ayr\u0131 bir hik\u00e2yeyi bar\u0131nd\u0131ran bir \u015fehir G\u00fcm\u00fc\u015fhane. Ge\u00e7mi\u015fte g\u00fcm\u00fc\u015f madenleriyle \u00fcnl\u00fc, \u0130pek Yolu \u00fczerindeki bu kentin ayr\u0131lmaz par\u00e7as\u0131 Kelkit ise tar\u0131ma \u00e7ok elveri\u015fli verimli bir ova. G\u00fcm\u00fc\u015fhane ile Kelkit\u2019in tarihsel birlikteli\u011fi bug\u00fcn de s\u00fcr\u00fcyor.   Do\u011fup b\u00fcy\u00fcd\u00fc\u011f\u00fc Kelkit\u2019le g\u00f6n\u00fcl ba\u011f\u0131n\u0131 hi\u00e7bir zaman koparmam\u0131\u015f, bu topraklara ve insanlar\u0131na yat\u0131r\u0131m yapmaya her zaman \u00f6nem vermi\u015f bir i\u015f insan\u0131 olan Ayd\u0131n Do\u011fan\u2019\u0131n onursal ba\u015fkan\u0131 oldu\u011fu Ayd\u0131n Do\u011fan Vakf\u0131, Evvel Zaman \u0130\u00e7inde G\u00fcm\u00fc\u015fhane ve Kelkit adl\u0131 bu eserle yine ortak de\u011fer ve fayda yaratmaya odaklan\u0131yor.   Eski defterleri a\u00e7arak, an\u0131lar\u0131 canland\u0131rarak, hayattaki b\u00fcy\u00fcklere kulak vererek bu kitab\u0131 haz\u0131rlayan Sahrap Soysal ise G\u00fcm\u00fc\u015fhane ve Kelkit\u2019in miras\u0131n\u0131, b\u00f6lge insan\u0131n\u0131n ya\u015fam rit\u00fcellerini, e\u015fsiz mutfa\u011f\u0131n\u0131 kay\u0131t alt\u0131na al\u0131yor ve gelecek ku\u015faklara G\u00fcm\u00fc\u015fhane ile Kelkit\u2019i evvel zamanda anlat\u0131yor. <\/p>\n","protected":false},"excerpt":{"rendered":"<p>Sarp arazisi, yayla ve vadilere yay\u0131lan k\u00f6yleri, ma\u011faralar\u0131, kaleleri, kiliseleri, ta\u015flar\u0131 ve sular\u0131yla her yerde ayr\u0131 bir hik\u00e2yeyi bar\u0131nd\u0131ran bir \u015fehir G\u00fcm\u00fc\u015fhane. Ge\u00e7mi\u015fte g\u00fcm\u00fc\u015f madenleriyle \u00fcnl\u00fc,<span class=\"excerpt-hellip\"> [\u2026]<\/span><\/p>\n","protected":false},"featured_media":0,"template":"","meta":{"_monsterinsights_skip_tracking":false,"_monsterinsights_sitenote_active":false,"_monsterinsights_sitenote_note":"","_monsterinsights_sitenote_category":0},"product_brand":[],"product_cat":[12458,12457],"product_tag":[],"class_list":{"0":"post-756344","1":"product","2":"type-product","3":"status-publish","5":"product_cat-turk-mutfagi","6":"product_cat-yemek-kitaplari","7":"pa_cilt-ciltsiz","8":"pa_tur-kitap","9":"pa_yayinevi-dogan-kitap","10":"pa_yazar-sahrap-soysal-ugur-aktas","12":"first","13":"instock","14":"sale","15":"shipping-taxable","16":"purchasable","17":"product-type-simple"},"_links":{"self":[{"href":"https:\/\/roveyayinevi.com.tr\/index.php\/wp-json\/wp\/v2\/product\/756344","targetHints":{"allow":["GET"]}}],"collection":[{"href":"https:\/\/roveyayinevi.com.tr\/index.php\/wp-json\/wp\/v2\/product"}],"about":[{"href":"https:\/\/roveyayinevi.com.tr\/index.php\/wp-json\/wp\/v2\/types\/product"}],"wp:attachment":[{"href":"https:\/\/roveyayinevi.com.tr\/index.php\/wp-json\/wp\/v2\/media?parent=756344"}],"wp:term":[{"taxonomy":"product_brand","embeddable":true,"href":"https:\/\/roveyayinevi.com.tr\/index.php\/wp-json\/wp\/v2\/product_brand?post=756344"},{"taxonomy":"product_cat","embeddable":true,"href":"https:\/\/roveyayinevi.com.tr\/index.php\/wp-json\/wp\/v2\/product_cat?post=756344"},{"taxonomy":"product_tag","embeddable":true,"href":"https:\/\/roveyayinevi.com.tr\/index.php\/wp-json\/wp\/v2\/product_tag?post=756344"}],"curies":[{"name":"wp","href":"https:\/\/api.w.org\/{rel}","templated":true}]}}