{"id":756342,"date":"2025-08-28T07:05:08","date_gmt":"2025-08-28T04:05:08","guid":{"rendered":"https:\/\/roveyayinevi.com.tr\/index.php\/urun\/etkinlikler-ve-boyamalar-incekcik\/"},"modified":"2026-04-16T03:09:33","modified_gmt":"2026-04-16T00:09:33","slug":"etkinlikler-ve-boyamalar-incekcik","status":"publish","type":"product","link":"https:\/\/roveyayinevi.com.tr\/index.php\/urun\/etkinlikler-ve-boyamalar-incekcik\/","title":{"rendered":"Etkinlikler Ve Boyamalar (\u0130ncekcik)"},"content":{"rendered":"<p>\u00d6zel kesimli tasar\u0131m\u0131yla etkinlikler ve boyamalar hi\u00e7 bu kadar zevkli olmam\u0131\u015ft\u0131.Bu reng\u00e2renk etkinlik kitab\u0131nda boyamalar,oyunlar ve \u00e7izimlerini su\u0308slemek i\u00e7in yap\u0131\u015ft\u0131rmalarla dolu bir sayfa bulacaks\u0131n.Boya, e\u015fle\u015ftir, ara ve bul! <\/p>\n","protected":false},"excerpt":{"rendered":"<p>\u00d6zel kesimli tasar\u0131m\u0131yla etkinlikler ve boyamalar hi\u00e7 bu kadar zevkli olmam\u0131\u015ft\u0131.Bu reng\u00e2renk etkinlik kitab\u0131nda boyamalar,oyunlar ve \u00e7izimlerini su\u0308slemek i\u00e7in yap\u0131\u015ft\u0131rmalarla dolu bir sayfa bulacaks\u0131n.Boya, e\u015fle\u015ftir, ara<span class=\"excerpt-hellip\"> [\u2026]<\/span><\/p>\n","protected":false},"featured_media":0,"template":"","meta":{"_monsterinsights_skip_tracking":false,"_monsterinsights_sitenote_active":false,"_monsterinsights_sitenote_note":"","_monsterinsights_sitenote_category":0},"product_brand":[],"product_cat":[12644,12274],"product_tag":[],"class_list":{"0":"post-756342","1":"product","2":"type-product","3":"status-publish","5":"product_cat-boyama-kitaplari","6":"product_cat-cocuk-ve-genclik-kitaplari","7":"pa_cilt-ciltsiz","8":"pa_tur-kitap","9":"pa_yayinevi-beta-kids","10":"pa_yazar-adele-constant","12":"first","13":"instock","14":"sale","15":"shipping-taxable","16":"purchasable","17":"product-type-simple"},"_links":{"self":[{"href":"https:\/\/roveyayinevi.com.tr\/index.php\/wp-json\/wp\/v2\/product\/756342","targetHints":{"allow":["GET"]}}],"collection":[{"href":"https:\/\/roveyayinevi.com.tr\/index.php\/wp-json\/wp\/v2\/product"}],"about":[{"href":"https:\/\/roveyayinevi.com.tr\/index.php\/wp-json\/wp\/v2\/types\/product"}],"wp:attachment":[{"href":"https:\/\/roveyayinevi.com.tr\/index.php\/wp-json\/wp\/v2\/media?parent=756342"}],"wp:term":[{"taxonomy":"product_brand","embeddable":true,"href":"https:\/\/roveyayinevi.com.tr\/index.php\/wp-json\/wp\/v2\/product_brand?post=756342"},{"taxonomy":"product_cat","embeddable":true,"href":"https:\/\/roveyayinevi.com.tr\/index.php\/wp-json\/wp\/v2\/product_cat?post=756342"},{"taxonomy":"product_tag","embeddable":true,"href":"https:\/\/roveyayinevi.com.tr\/index.php\/wp-json\/wp\/v2\/product_tag?post=756342"}],"curies":[{"name":"wp","href":"https:\/\/api.w.org\/{rel}","templated":true}]}}