{"id":756335,"date":"2025-08-28T07:04:57","date_gmt":"2025-08-28T04:04:57","guid":{"rendered":"https:\/\/roveyayinevi.com.tr\/index.php\/urun\/ortacag-felsefesi-2\/"},"modified":"2026-04-16T03:09:33","modified_gmt":"2026-04-16T00:09:33","slug":"ortacag-felsefesi-2","status":"publish","type":"product","link":"https:\/\/roveyayinevi.com.tr\/index.php\/urun\/ortacag-felsefesi-2\/","title":{"rendered":"Orta\u00e7a\u011f Felsefesi"},"content":{"rendered":"<p>Orta\u00e7a\u011f sadece \u201ckaranl\u0131k \u00e7a\u011f\u201d m\u0131yd\u0131? Bunu anlamak i\u00e7in Orta\u00e7a\u011f filozoflar\u0131n\u0131n u\u011fra\u015ft\u0131\u011f\u0131 meselelerin canl\u0131l\u0131\u011f\u0131na bakmal\u0131y\u0131z. Tanr\u0131 var m\u0131d\u0131r? Neden iyi insanlar\u0131n ba\u015f\u0131na k\u00f6t\u00fc i\u015fler gelir? Do\u011fruyu yanl\u0131\u015f\u0131 nas\u0131l ay\u0131rt edece\u011fiz? Bug\u00fcn de bu sorular ayn\u0131 yak\u0131c\u0131 g\u00fcc\u00fcn\u00fc koruyorsa, Orta\u00e7a\u011f felsefesi pek \u00e7ok a\u00e7\u0131dan h\u00e2l\u00e2 zihnimizde ve kalbimizde ya\u015famaya devam ediyor demektir. Sharon M. Kaye bu kitapta Orta\u00e7a\u011f\u2019daki en yetkin fikirleri bireysel bir de\u011ferlendirme yapman\u0131z\u0131 m\u00fcmk\u00fcn k\u0131lacak \u015fekilde sunmay\u0131 ama\u00e7l\u0131yor. Kaye, incelemesinin ilk k\u0131sm\u0131nda Orta\u00e7a\u011f felsefesinin Antik\u00e7a\u011f\u2019daki k\u00f6klerini ele al\u0131yor. Sonras\u0131nda s\u0131ras\u0131yla Orta\u00e7a\u011f\u2019\u0131n \u00f6nemli d\u00fc\u015f\u00fcn\u00fcrleri Augustinus, Boethius, Canterbury\u2019li Anselmus, Petrus Abelardus, \u0130bn R\u00fc\u015fd, Musa Bin Meym\u00fbn, Thomas Aquinas, Pierre De Jean Olivi, John Duns Scotus ve Ockham\u2019l\u0131 William\u2019\u0131n felsefesini de\u011ferlendiriyor. Yard\u0131mc\u0131 metinlerle ve bilgi kutucuklar\u0131yla da desteklenen bu \u00e7al\u0131\u015fma, hem \u00f6\u011frenciler hem de genel okurlar i\u00e7in bir rehber niteli\u011fi ta\u015f\u0131yor.<\/p>\n","protected":false},"excerpt":{"rendered":"<p>Orta\u00e7a\u011f sadece \u201ckaranl\u0131k \u00e7a\u011f\u201d m\u0131yd\u0131? Bunu anlamak i\u00e7in Orta\u00e7a\u011f filozoflar\u0131n\u0131n u\u011fra\u015ft\u0131\u011f\u0131 meselelerin canl\u0131l\u0131\u011f\u0131na bakmal\u0131y\u0131z. Tanr\u0131 var m\u0131d\u0131r? Neden iyi insanlar\u0131n ba\u015f\u0131na k\u00f6t\u00fc i\u015fler gelir? Do\u011fruyu yanl\u0131\u015f\u0131<span class=\"excerpt-hellip\"> [\u2026]<\/span><\/p>\n","protected":false},"featured_media":0,"template":"","meta":{"_monsterinsights_skip_tracking":false,"_monsterinsights_sitenote_active":false,"_monsterinsights_sitenote_note":"","_monsterinsights_sitenote_category":0},"product_brand":[],"product_cat":[16038,12388],"product_tag":[],"class_list":{"0":"post-756335","1":"product","2":"type-product","3":"status-publish","5":"product_cat-arastirma-inceleme-referans-felsefe","6":"product_cat-felsefe","7":"pa_cilt-ciltsiz","8":"pa_tur-kitap","9":"pa_yayinevi-babil-kitap","10":"pa_yazar-sharon-m-kaye","12":"first","13":"instock","14":"sale","15":"shipping-taxable","16":"purchasable","17":"product-type-simple"},"_links":{"self":[{"href":"https:\/\/roveyayinevi.com.tr\/index.php\/wp-json\/wp\/v2\/product\/756335","targetHints":{"allow":["GET"]}}],"collection":[{"href":"https:\/\/roveyayinevi.com.tr\/index.php\/wp-json\/wp\/v2\/product"}],"about":[{"href":"https:\/\/roveyayinevi.com.tr\/index.php\/wp-json\/wp\/v2\/types\/product"}],"wp:attachment":[{"href":"https:\/\/roveyayinevi.com.tr\/index.php\/wp-json\/wp\/v2\/media?parent=756335"}],"wp:term":[{"taxonomy":"product_brand","embeddable":true,"href":"https:\/\/roveyayinevi.com.tr\/index.php\/wp-json\/wp\/v2\/product_brand?post=756335"},{"taxonomy":"product_cat","embeddable":true,"href":"https:\/\/roveyayinevi.com.tr\/index.php\/wp-json\/wp\/v2\/product_cat?post=756335"},{"taxonomy":"product_tag","embeddable":true,"href":"https:\/\/roveyayinevi.com.tr\/index.php\/wp-json\/wp\/v2\/product_tag?post=756335"}],"curies":[{"name":"wp","href":"https:\/\/api.w.org\/{rel}","templated":true}]}}