{"id":756334,"date":"2025-08-28T07:04:55","date_gmt":"2025-08-28T04:04:55","guid":{"rendered":"https:\/\/roveyayinevi.com.tr\/index.php\/urun\/yaban-dersleri\/"},"modified":"2026-04-16T03:09:33","modified_gmt":"2026-04-16T00:09:33","slug":"yaban-dersleri","status":"publish","type":"product","link":"https:\/\/roveyayinevi.com.tr\/index.php\/urun\/yaban-dersleri\/","title":{"rendered":"Yaban Dersleri"},"content":{"rendered":"<p>Nedir bizi biz k\u0131lan, do\u011fa m\u0131 yoksa \u00e7evremiz mi? \u0130nsanlar\u0131n geli\u015fimine dair uzun zamand\u0131r s\u00fcregelen bir tart\u0131\u015fma bu. Peki ya hayvanlar? Baz\u0131lar\u0131 k\u00fclt\u00fcr\u00fcn sadece insanlara \u00f6zg\u00fc bir olgu oldu\u011funa inan\u0131r. Ancak bu kitap, tam olarak hayvan k\u00fclt\u00fcrlerini ele al\u0131yor. \u0130sperme\u00e7et balinalar\u0131n\u0131n, makavlar\u0131n ve \u015fempanzelerin geleneklerinin oldu\u011funu, belirli bir topluluk i\u00e7inde bir birey olarak kendilerini tan\u0131d\u0131klar\u0131n\u0131 ve eylemlerinin b\u00fcy\u00fck oranda &#8220;\u00f6\u011frenilmi\u015f&#8221; oldu\u011funu g\u00f6steriyor. Kal\u0131t\u0131m denince akl\u0131m\u0131za genler gelir; oysa k\u00fclt\u00fcr, nesiller boyunca aktar\u0131lan ikinci bir kal\u0131t\u0131m bi\u00e7imidir. Ko\u015fullar\u0131n de\u011fi\u015fti\u011fi durumlarda sosyal \u00f6\u011frenme, genlerden \u00e7ok daha h\u0131zl\u0131 bi\u00e7imde uyum sa\u011flamay\u0131 m\u00fcmk\u00fcn k\u0131lar. Yaban Dersleri, bizi serbest ya\u015fayan hayvan topluluklar\u0131ndaki bireylerle tan\u0131\u015ft\u0131r\u0131yor. Hayvanlar\u0131n nas\u0131l ya\u015fad\u0131\u011f\u0131na dair \u00f6nyarg\u0131lar\u0131m\u0131z\u0131n \u00f6tesinde, ayd\u0131nlat\u0131c\u0131 bir a\u00e7\u0131klama sunuyor. Cari Saf\u0131na, hem insanlar hem de di\u011fer hayvanlar i\u00e7in k\u00fclt\u00fcr\u00fcn &#8220;Burada nas\u0131l ya\u015f\u0131yoruz?&#8221; sorusuna verilen cevaplardan olu\u015ftu\u011funu g\u00f6steriyor. Hayvan k\u00fclt\u00fcrlerini a\u00e7\u0131klarken ayn\u0131 zamanda insan k\u00fclt\u00fcr\u00fcn\u00fc daha iyi anlamam\u0131z\u0131 sa\u011fl\u0131yor. \u0130nsanlar aras\u0131ndaki \u00f6nemsiz k\u00fclt\u00fcrel farklar\u0131n nas\u0131l olup da bu denli \u00e7\u00f6z\u00fcms\u00fcz gerilimlere yol a\u00e7t\u0131\u011f\u0131n\u0131 a\u00e7\u0131kl\u0131yor.<\/p>\n","protected":false},"excerpt":{"rendered":"<p>Nedir bizi biz k\u0131lan, do\u011fa m\u0131 yoksa \u00e7evremiz mi? \u0130nsanlar\u0131n geli\u015fimine dair uzun zamand\u0131r s\u00fcregelen bir tart\u0131\u015fma bu. Peki ya hayvanlar? Baz\u0131lar\u0131 k\u00fclt\u00fcr\u00fcn sadece insanlara \u00f6zg\u00fc<span class=\"excerpt-hellip\"> [\u2026]<\/span><\/p>\n","protected":false},"featured_media":0,"template":"","meta":{"_monsterinsights_skip_tracking":false,"_monsterinsights_sitenote_active":false,"_monsterinsights_sitenote_note":"","_monsterinsights_sitenote_category":0},"product_brand":[],"product_cat":[13005,37328],"product_tag":[],"class_list":{"0":"post-756334","1":"product","2":"type-product","3":"status-publish","5":"product_cat-bilim-muhendislik","6":"product_cat-diger-bilim-muhendislik","7":"pa_cilt-ciltsiz","8":"pa_tur-kitap","9":"pa_yayinevi-babil-kitap","10":"pa_yazar-carl-safina","12":"first","13":"instock","14":"sale","15":"shipping-taxable","16":"purchasable","17":"product-type-simple"},"_links":{"self":[{"href":"https:\/\/roveyayinevi.com.tr\/index.php\/wp-json\/wp\/v2\/product\/756334","targetHints":{"allow":["GET"]}}],"collection":[{"href":"https:\/\/roveyayinevi.com.tr\/index.php\/wp-json\/wp\/v2\/product"}],"about":[{"href":"https:\/\/roveyayinevi.com.tr\/index.php\/wp-json\/wp\/v2\/types\/product"}],"wp:attachment":[{"href":"https:\/\/roveyayinevi.com.tr\/index.php\/wp-json\/wp\/v2\/media?parent=756334"}],"wp:term":[{"taxonomy":"product_brand","embeddable":true,"href":"https:\/\/roveyayinevi.com.tr\/index.php\/wp-json\/wp\/v2\/product_brand?post=756334"},{"taxonomy":"product_cat","embeddable":true,"href":"https:\/\/roveyayinevi.com.tr\/index.php\/wp-json\/wp\/v2\/product_cat?post=756334"},{"taxonomy":"product_tag","embeddable":true,"href":"https:\/\/roveyayinevi.com.tr\/index.php\/wp-json\/wp\/v2\/product_tag?post=756334"}],"curies":[{"name":"wp","href":"https:\/\/api.w.org\/{rel}","templated":true}]}}