{"id":756332,"date":"2025-08-28T07:04:53","date_gmt":"2025-08-28T04:04:53","guid":{"rendered":"https:\/\/roveyayinevi.com.tr\/index.php\/urun\/national-geographic-carpici-detaylar\/"},"modified":"2026-04-16T03:09:33","modified_gmt":"2026-04-16T00:09:33","slug":"national-geographic-carpici-detaylar","status":"publish","type":"product","link":"https:\/\/roveyayinevi.com.tr\/index.php\/urun\/national-geographic-carpici-detaylar\/","title":{"rendered":"National Geographic \u00c7arp\u0131c\u0131 Detaylar"},"content":{"rendered":"<p>Korkun! \u00c7ok Korkun!Bir yandan elinizden atmak isteyece\u011finiz, bir yandansa \u00e7\u0131lg\u0131n bir merakla elinizden b\u0131rakamayaca\u011f\u0131n\u0131z bir kitab\u0131 tutuyorsunuz \u015fu an!National Geographic\u2019in popu\u0308ler \u00c7arp\u0131c\u0131 Detaylar blo\u011funun yazar\u0131n\u0131n bu k\u0131\u015fk\u0131rt\u0131c\u0131 anlat\u0131s\u0131; muzip bir zek\u00e2 ve biraz da marazi merak ile bizi, en tuhaf ve en \u00e7\u0131lg\u0131n sorular\u0131m\u0131z\u0131 ayd\u0131nlanaca\u011f\u0131 \u015fa\u015f\u0131rt\u0131c\u0131 ve yeni bir ger\u00e7eklikte b\u00fcy\u00fcleyici bir yolculu\u011fa \u00e7\u0131kar\u0131yor.Bedenlerimize ve evrenimize dair abs\u00fcrt ger\u00e7eklerin yan\u0131 s\u0131ra i\u011fren\u00e7, marazi ve tabu olan konular\u0131 cesurca ara\u015ft\u0131ran u\u0308nlu\u0308 bilim muhabiri Erika Engelhaupt i\u00e7in hi\u00e7bir konu s\u0131n\u0131rlar\u0131n d\u0131\u015f\u0131nda de\u011fil. Du\u0308nyan\u0131n en cani memelilerinden, kendini akla gelebilecek her tu\u0308rlu\u0308 b\u00f6ce\u011fe \u0131s\u0131rtan ara\u015ft\u0131rmac\u0131 biyologlara, yu\u0308zu\u0308mu\u0308zde ya\u015fayan akarlardan hayvanlar \u00e2lemindeki en i\u011fren\u00e7 cinsel ili\u015fkiye kadar; biyoloji, do\u011fa, uzay, psikoloji gibi konular\u0131n genellikle g\u00f6rmezden gelinen ancak \u015fa\u015f\u0131rt\u0131c\u0131 derecede cazibeli olan tu\u0308m y\u00f6nlerini burada bulacaks\u0131n\u0131z.Birinci s\u0131n\u0131f habercilik, \u00f6nde gelen bilim insanlar\u0131yla r\u00f6portajlar ve bol miktarda mizah i\u00e7eren bu e\u011flenceli kitap, sormaktan korktu\u011funuz tu\u0308m sorular\u0131 yan\u0131tl\u0131yor ve bilimin ger\u00e7ek uygulamalar\u0131n\u0131 tu\u0308m ihti\u015fam\u0131yla g\u00f6zler \u00f6nu\u0308ne seriyor.<\/p>\n","protected":false},"excerpt":{"rendered":"<p>Korkun! \u00c7ok Korkun!Bir yandan elinizden atmak isteyece\u011finiz, bir yandansa \u00e7\u0131lg\u0131n bir merakla elinizden b\u0131rakamayaca\u011f\u0131n\u0131z bir kitab\u0131 tutuyorsunuz \u015fu an!National Geographic\u2019in popu\u0308ler \u00c7arp\u0131c\u0131 Detaylar blo\u011funun yazar\u0131n\u0131n bu<span class=\"excerpt-hellip\"> [\u2026]<\/span><\/p>\n","protected":false},"featured_media":0,"template":"","meta":{"_monsterinsights_skip_tracking":false,"_monsterinsights_sitenote_active":false,"_monsterinsights_sitenote_note":"","_monsterinsights_sitenote_category":0},"product_brand":[],"product_cat":[13005,13006],"product_tag":[],"class_list":{"0":"post-756332","1":"product","2":"type-product","3":"status-publish","5":"product_cat-bilim-muhendislik","6":"product_cat-populer-bilim","7":"pa_cilt-ciltsiz","8":"pa_tur-kitap","9":"pa_yayinevi-beta-kitap","10":"pa_yazar-erika-engelhaupt","12":"first","13":"instock","14":"sale","15":"shipping-taxable","16":"purchasable","17":"product-type-simple"},"_links":{"self":[{"href":"https:\/\/roveyayinevi.com.tr\/index.php\/wp-json\/wp\/v2\/product\/756332","targetHints":{"allow":["GET"]}}],"collection":[{"href":"https:\/\/roveyayinevi.com.tr\/index.php\/wp-json\/wp\/v2\/product"}],"about":[{"href":"https:\/\/roveyayinevi.com.tr\/index.php\/wp-json\/wp\/v2\/types\/product"}],"wp:attachment":[{"href":"https:\/\/roveyayinevi.com.tr\/index.php\/wp-json\/wp\/v2\/media?parent=756332"}],"wp:term":[{"taxonomy":"product_brand","embeddable":true,"href":"https:\/\/roveyayinevi.com.tr\/index.php\/wp-json\/wp\/v2\/product_brand?post=756332"},{"taxonomy":"product_cat","embeddable":true,"href":"https:\/\/roveyayinevi.com.tr\/index.php\/wp-json\/wp\/v2\/product_cat?post=756332"},{"taxonomy":"product_tag","embeddable":true,"href":"https:\/\/roveyayinevi.com.tr\/index.php\/wp-json\/wp\/v2\/product_tag?post=756332"}],"curies":[{"name":"wp","href":"https:\/\/api.w.org\/{rel}","templated":true}]}}