{"id":756331,"date":"2025-08-28T07:04:52","date_gmt":"2025-08-28T04:04:52","guid":{"rendered":"https:\/\/roveyayinevi.com.tr\/index.php\/urun\/zor-kadinlara-ovgu\/"},"modified":"2026-04-16T03:09:33","modified_gmt":"2026-04-16T00:09:33","slug":"zor-kadinlara-ovgu","status":"publish","type":"product","link":"https:\/\/roveyayinevi.com.tr\/index.php\/urun\/zor-kadinlara-ovgu\/","title":{"rendered":"Zor Kad\u0131nlara \u00d6vg\u00fc"},"content":{"rendered":"<p>Modern tarihteki 29 kad\u0131na zarif\u00e7e haz\u0131rlanm\u0131\u015f ill\u00fcstrasyonlarla \u00f6vg\u00fcde bulunan bu kitapta \u00e7ok satan yazar Karen Karbo kendi kurallar\u0131na g\u00f6re ya\u015fayan ola\u011fan\u00fcst\u00fc bir toplulu\u011fu kutluyor. Frida Kahlo\u2019dan Elizabeth Taylor\u2019a, Edie Sedgwick, Lena Dunham, Laverne Cox ve J.K. Rowling\u2019e bu cesur kural y\u0131k\u0131c\u0131lar yollar\u0131na sosyal ve k\u00fclt\u00fcrel beklentileri pek g\u00f6zetmeden \u00e7izdiler. Onlar\u0131n m\u00fckemmel olmayan, zarif, karma\u015f\u0131k ve ihti\u015faml\u0131 hayatlar\u0131 hem yolu ayd\u0131nlat\u0131yor hem de ilham veriyor.Hillary Clinton\u2019\u0131n hi\u00e7 durmayan politik kariyerinden Angela Merkel\u2019in bilim insan\u0131ndan ba\u015fkanl\u0131\u011fa y\u00fckseli\u015fine, Amelia Earhart\u2019\u0131n ilk Atlantik u\u00e7u\u015funa ve Josephine Baker\u2019\u0131n \u00e7\u0131\u011f\u0131r a\u00e7an muzete\u011fi dans\u0131na kadar bu dikkate de\u011fer kad\u0131nlardan her biri standartlara uymayan bir \u015fekilde hareke etmenin yanl\u0131\u015f bir \u015fey olmad\u0131\u011f\u0131n\u0131 ortaya koyuyor.<\/p>\n","protected":false},"excerpt":{"rendered":"<p>Modern tarihteki 29 kad\u0131na zarif\u00e7e haz\u0131rlanm\u0131\u015f ill\u00fcstrasyonlarla \u00f6vg\u00fcde bulunan bu kitapta \u00e7ok satan yazar Karen Karbo kendi kurallar\u0131na g\u00f6re ya\u015fayan ola\u011fan\u00fcst\u00fc bir toplulu\u011fu kutluyor. Frida Kahlo\u2019dan<span class=\"excerpt-hellip\"> [\u2026]<\/span><\/p>\n","protected":false},"featured_media":0,"template":"","meta":{"_monsterinsights_skip_tracking":false,"_monsterinsights_sitenote_active":false,"_monsterinsights_sitenote_note":"","_monsterinsights_sitenote_category":0},"product_brand":[],"product_cat":[13488],"product_tag":[],"class_list":{"0":"post-756331","1":"product","2":"type-product","3":"status-publish","5":"product_cat-toplum-ve-insan","6":"pa_cilt-ciltsiz","7":"pa_tur-kitap","8":"pa_yayinevi-beta-kitap","9":"pa_yazar-karen-karbo","11":"first","12":"instock","13":"sale","14":"shipping-taxable","15":"purchasable","16":"product-type-simple"},"_links":{"self":[{"href":"https:\/\/roveyayinevi.com.tr\/index.php\/wp-json\/wp\/v2\/product\/756331","targetHints":{"allow":["GET"]}}],"collection":[{"href":"https:\/\/roveyayinevi.com.tr\/index.php\/wp-json\/wp\/v2\/product"}],"about":[{"href":"https:\/\/roveyayinevi.com.tr\/index.php\/wp-json\/wp\/v2\/types\/product"}],"wp:attachment":[{"href":"https:\/\/roveyayinevi.com.tr\/index.php\/wp-json\/wp\/v2\/media?parent=756331"}],"wp:term":[{"taxonomy":"product_brand","embeddable":true,"href":"https:\/\/roveyayinevi.com.tr\/index.php\/wp-json\/wp\/v2\/product_brand?post=756331"},{"taxonomy":"product_cat","embeddable":true,"href":"https:\/\/roveyayinevi.com.tr\/index.php\/wp-json\/wp\/v2\/product_cat?post=756331"},{"taxonomy":"product_tag","embeddable":true,"href":"https:\/\/roveyayinevi.com.tr\/index.php\/wp-json\/wp\/v2\/product_tag?post=756331"}],"curies":[{"name":"wp","href":"https:\/\/api.w.org\/{rel}","templated":true}]}}