{"id":756328,"date":"2025-08-28T07:04:47","date_gmt":"2025-08-28T04:04:47","guid":{"rendered":"https:\/\/roveyayinevi.com.tr\/index.php\/urun\/dunya-ve-diger-yerler\/"},"modified":"2026-04-12T03:13:33","modified_gmt":"2026-04-12T00:13:33","slug":"dunya-ve-diger-yerler","status":"publish","type":"product","link":"https:\/\/roveyayinevi.com.tr\/index.php\/urun\/dunya-ve-diger-yerler\/","title":{"rendered":"D\u00fcnya ve Di\u011fer Yerler"},"content":{"rendered":"<p>\u201cD\u00fcnya ve Di\u011fer Yerler \u2019i iki kez okuyun;biri ders, di\u011feri de zevk almak i\u00e7in olsun.\u201d\u2013Joyce Thompson Harikulade d\u00fc\u015fsel manzaralar yaratan ve g\u00f6z kama\u015ft\u0131r\u0131c\u0131 bir dile sahip bu on yedi \u00f6yk\u00fc, okuru uykunun yasad\u0131\u015f\u0131 oldu\u011fu, kimsesiz kalm\u0131\u015f ma\u011faza tezg\u00e2htarlar\u0131n\u0131n hayatlar\u0131n\u0131n periler taraf\u0131ndan d\u00f6n\u00fc\u015ft\u00fcr\u00fcld\u00fc\u011f\u00fc, zenginlerin elmas adas\u0131nda k\u00f6m\u00fcrden m\u00fccevherler takt\u0131\u011f\u0131 d\u00fcnyalara g\u00f6t\u00fcr\u00fcyor; varl\u0131\u011f\u0131n\u0131 hayal dahi edemeyece\u011finiz, benzersiz yerlere\u2026 Winterson\u2019\u0131n okurlar\u0131n\u0131 kendisine nas\u0131l a\u015f\u0131k etti\u011fini merak ediyorsan\u0131z cevap bu sayfalarda!<\/p>\n","protected":false},"excerpt":{"rendered":"<p>\u201cD\u00fcnya ve Di\u011fer Yerler \u2019i iki kez okuyun;biri ders, di\u011feri de zevk almak i\u00e7in olsun.\u201d\u2013Joyce Thompson Harikulade d\u00fc\u015fsel manzaralar yaratan ve g\u00f6z kama\u015ft\u0131r\u0131c\u0131 bir dile sahip<span class=\"excerpt-hellip\"> [\u2026]<\/span><\/p>\n","protected":false},"featured_media":0,"template":"","meta":{"_monsterinsights_skip_tracking":false,"_monsterinsights_sitenote_active":false,"_monsterinsights_sitenote_note":"","_monsterinsights_sitenote_category":0},"product_brand":[],"product_cat":[12291,12711],"product_tag":[],"class_list":{"0":"post-756328","1":"product","2":"type-product","3":"status-publish","5":"product_cat-edebiyat","6":"product_cat-roman-oyku","7":"pa_cilt-ciltsiz","8":"pa_tur-kitap","9":"pa_yayinevi-kafka-yayinevi","10":"pa_yazar-jeanette-winterson","12":"first","13":"instock","14":"sale","15":"shipping-taxable","16":"purchasable","17":"product-type-simple"},"_links":{"self":[{"href":"https:\/\/roveyayinevi.com.tr\/index.php\/wp-json\/wp\/v2\/product\/756328","targetHints":{"allow":["GET"]}}],"collection":[{"href":"https:\/\/roveyayinevi.com.tr\/index.php\/wp-json\/wp\/v2\/product"}],"about":[{"href":"https:\/\/roveyayinevi.com.tr\/index.php\/wp-json\/wp\/v2\/types\/product"}],"wp:attachment":[{"href":"https:\/\/roveyayinevi.com.tr\/index.php\/wp-json\/wp\/v2\/media?parent=756328"}],"wp:term":[{"taxonomy":"product_brand","embeddable":true,"href":"https:\/\/roveyayinevi.com.tr\/index.php\/wp-json\/wp\/v2\/product_brand?post=756328"},{"taxonomy":"product_cat","embeddable":true,"href":"https:\/\/roveyayinevi.com.tr\/index.php\/wp-json\/wp\/v2\/product_cat?post=756328"},{"taxonomy":"product_tag","embeddable":true,"href":"https:\/\/roveyayinevi.com.tr\/index.php\/wp-json\/wp\/v2\/product_tag?post=756328"}],"curies":[{"name":"wp","href":"https:\/\/api.w.org\/{rel}","templated":true}]}}