{"id":756326,"date":"2025-08-28T07:04:45","date_gmt":"2025-08-28T04:04:45","guid":{"rendered":"https:\/\/roveyayinevi.com.tr\/index.php\/urun\/giysili-figur-cizimi-cizim-sanati-3\/"},"modified":"2026-04-16T03:09:33","modified_gmt":"2026-04-16T00:09:33","slug":"giysili-figur-cizimi-cizim-sanati-3","status":"publish","type":"product","link":"https:\/\/roveyayinevi.com.tr\/index.php\/urun\/giysili-figur-cizimi-cizim-sanati-3\/","title":{"rendered":"Giysili Fig\u00fcr \u00c7izimi &#8211; \u00c7izim Sanat\u0131 3"},"content":{"rendered":"<p>\u00c7\u0131plak ve giysili k\u0131vr\u0131mlar (drapeler)G\u00fcnl\u00fck hayattan fig\u00fcr ve ki\u015filerSeyahat notlar\u0131Eski kost\u00fcmlerFig\u00fcrl\u00fc gruplarBak\u0131\u015f a\u00e7\u0131s\u0131 ve duru\u015f se\u00e7imi<\/p>\n","protected":false},"excerpt":{"rendered":"<p>\u00c7\u0131plak ve giysili k\u0131vr\u0131mlar (drapeler)G\u00fcnl\u00fck hayattan fig\u00fcr ve ki\u015filerSeyahat notlar\u0131Eski kost\u00fcmlerFig\u00fcrl\u00fc gruplarBak\u0131\u015f a\u00e7\u0131s\u0131 ve duru\u015f se\u00e7imi<\/p>\n","protected":false},"featured_media":0,"template":"","meta":{"_monsterinsights_skip_tracking":false,"_monsterinsights_sitenote_active":false,"_monsterinsights_sitenote_note":"","_monsterinsights_sitenote_category":0},"product_brand":[],"product_cat":[15733,12408],"product_tag":[],"class_list":{"0":"post-756326","1":"product","2":"type-product","3":"status-publish","5":"product_cat-resim","6":"product_cat-sanat","7":"pa_cilt-ciltsiz","8":"pa_tur-kitap","9":"pa_yayinevi-beta-kitap","10":"pa_yazar-giovanni-civardi","12":"first","13":"instock","14":"sale","15":"shipping-taxable","16":"purchasable","17":"product-type-simple"},"_links":{"self":[{"href":"https:\/\/roveyayinevi.com.tr\/index.php\/wp-json\/wp\/v2\/product\/756326","targetHints":{"allow":["GET"]}}],"collection":[{"href":"https:\/\/roveyayinevi.com.tr\/index.php\/wp-json\/wp\/v2\/product"}],"about":[{"href":"https:\/\/roveyayinevi.com.tr\/index.php\/wp-json\/wp\/v2\/types\/product"}],"wp:attachment":[{"href":"https:\/\/roveyayinevi.com.tr\/index.php\/wp-json\/wp\/v2\/media?parent=756326"}],"wp:term":[{"taxonomy":"product_brand","embeddable":true,"href":"https:\/\/roveyayinevi.com.tr\/index.php\/wp-json\/wp\/v2\/product_brand?post=756326"},{"taxonomy":"product_cat","embeddable":true,"href":"https:\/\/roveyayinevi.com.tr\/index.php\/wp-json\/wp\/v2\/product_cat?post=756326"},{"taxonomy":"product_tag","embeddable":true,"href":"https:\/\/roveyayinevi.com.tr\/index.php\/wp-json\/wp\/v2\/product_tag?post=756326"}],"curies":[{"name":"wp","href":"https:\/\/api.w.org\/{rel}","templated":true}]}}