{"id":756325,"date":"2025-08-28T07:04:44","date_gmt":"2025-08-28T04:04:44","guid":{"rendered":"https:\/\/roveyayinevi.com.tr\/index.php\/urun\/nu-cizim-cizim-sanati-4\/"},"modified":"2026-04-16T03:09:33","modified_gmt":"2026-04-16T00:09:33","slug":"nu-cizim-cizim-sanati-4","status":"publish","type":"product","link":"https:\/\/roveyayinevi.com.tr\/index.php\/urun\/nu-cizim-cizim-sanati-4\/","title":{"rendered":"N\u00fc \u00c7izim &#8211; \u00c7izim Sanat\u0131 4"},"content":{"rendered":"<p>N\u00fc \u00c7izim D\u00fcnyaca \u00fcnl\u00fc ressam Giovanni Civardi&#8217;nin \u00e7ok satan \u00e7izim kitaplar\u0131 \u015fimdi T\u00fcrkiye&#8217;de. N\u00fc \u00c7izim kitab\u0131 canl\u0131 \u00e7izimin unsurlar\u0131n\u0131 anlamak i\u00e7in gerekli olan bilgileri i\u00e7erirken \u00f6l\u00e7me, orant\u0131, simetri ve asimetri, denge ve denge da\u011f\u0131l\u0131m\u0131, perspektif ve k\u0131sa g\u00f6r\u00fcnt\u00fc, \u0131\u015f\u0131k ve g\u00f6lge ile k\u0131vr\u0131m konular\u0131n\u0131 i\u00e7erir.<\/p>\n","protected":false},"excerpt":{"rendered":"<p>N\u00fc \u00c7izim D\u00fcnyaca \u00fcnl\u00fc ressam Giovanni Civardi&#8217;nin \u00e7ok satan \u00e7izim kitaplar\u0131 \u015fimdi T\u00fcrkiye&#8217;de. N\u00fc \u00c7izim kitab\u0131 canl\u0131 \u00e7izimin unsurlar\u0131n\u0131 anlamak i\u00e7in gerekli olan bilgileri i\u00e7erirken \u00f6l\u00e7me,<span class=\"excerpt-hellip\"> [\u2026]<\/span><\/p>\n","protected":false},"featured_media":0,"template":"","meta":{"_monsterinsights_skip_tracking":false,"_monsterinsights_sitenote_active":false,"_monsterinsights_sitenote_note":"","_monsterinsights_sitenote_category":0},"product_brand":[],"product_cat":[15733,12408],"product_tag":[],"class_list":{"0":"post-756325","1":"product","2":"type-product","3":"status-publish","5":"product_cat-resim","6":"product_cat-sanat","7":"pa_cilt-ciltsiz","8":"pa_tur-kitap","9":"pa_yayinevi-beta-kitap","10":"pa_yazar-giovanni-civardi","12":"first","13":"instock","14":"sale","15":"shipping-taxable","16":"purchasable","17":"product-type-simple"},"_links":{"self":[{"href":"https:\/\/roveyayinevi.com.tr\/index.php\/wp-json\/wp\/v2\/product\/756325","targetHints":{"allow":["GET"]}}],"collection":[{"href":"https:\/\/roveyayinevi.com.tr\/index.php\/wp-json\/wp\/v2\/product"}],"about":[{"href":"https:\/\/roveyayinevi.com.tr\/index.php\/wp-json\/wp\/v2\/types\/product"}],"wp:attachment":[{"href":"https:\/\/roveyayinevi.com.tr\/index.php\/wp-json\/wp\/v2\/media?parent=756325"}],"wp:term":[{"taxonomy":"product_brand","embeddable":true,"href":"https:\/\/roveyayinevi.com.tr\/index.php\/wp-json\/wp\/v2\/product_brand?post=756325"},{"taxonomy":"product_cat","embeddable":true,"href":"https:\/\/roveyayinevi.com.tr\/index.php\/wp-json\/wp\/v2\/product_cat?post=756325"},{"taxonomy":"product_tag","embeddable":true,"href":"https:\/\/roveyayinevi.com.tr\/index.php\/wp-json\/wp\/v2\/product_tag?post=756325"}],"curies":[{"name":"wp","href":"https:\/\/api.w.org\/{rel}","templated":true}]}}