{"id":756323,"date":"2025-08-28T07:04:41","date_gmt":"2025-08-28T04:04:41","guid":{"rendered":"https:\/\/roveyayinevi.com.tr\/index.php\/urun\/iktisadin-toplumsal-cinsiyetle-bulusmasi\/"},"modified":"2026-04-16T03:09:33","modified_gmt":"2026-04-16T00:09:33","slug":"iktisadin-toplumsal-cinsiyetle-bulusmasi","status":"publish","type":"product","link":"https:\/\/roveyayinevi.com.tr\/index.php\/urun\/iktisadin-toplumsal-cinsiyetle-bulusmasi\/","title":{"rendered":"\u0130ktisad\u0131n Toplumsal Cinsiyetle Bulu\u015fmas\u0131"},"content":{"rendered":"<p>Kad\u0131n meselesine ya da toplumsal cinsiyet e\u015fitsizli\u011fine uzun s\u00fcre kap\u0131la\u0131rn\u0131 kapatan anaak\u0131m iktisat disiplini, Toplumsal Cinsiyet ve Kad\u0131n \u00c7al\u0131\u015fmalar\u0131 sayesinde sorgulan\u0131yor ve g\u00f6r\u00fcnmez kad\u0131n eme\u011fi g\u00f6r\u00fcn\u00fcr hale geliyor. Bu kitapta saha ara\u015ft\u0131rmas\u0131 i\u00e7eren kad\u0131n \u00e7al\u0131\u015fmalar\u0131ndan dokuz makale yer almaktad\u0131r ; bu ara\u015ft\u0131rmalar feminist bilgi ve feminist politika \u00fcretimine, g\u00fc\u00e7 ili\u015fkilerinin de\u015fifresine, iktisat a\u00e7\u0131\u0131s\u0131ndan hane i\u00e7inde, e\u011fitim kurumlar\u0131nda, i\u015fyerlerinde, toplumun t\u00fcm alanlar\u0131nda var olan g\u00fc\u00e7 ili\u015fkilerini \u00e7\u00f6z\u00fcmleyerek katk\u0131da bulunuyor. 2000\u2019li y\u0131llar\u0131n ba\u015f\u0131ndan g\u00fcn\u00fcm\u00fcze uzanan bir zaman diliminde, kad\u0131n\/erkek e\u015fitsizli\u011fini s\u00fcrekli \u00fcreten mekanizmalar\u0131n ke\u015ffiyle ve toplumsal cinsiyetin ya\u015f, s\u0131n\u0131f ve etnik k\u00f6ken ba\u011flam\u0131nda etkile\u015fimlerinin a\u00e7\u0131\u011fa \u00e7\u0131kart\u0131lmas\u0131yla, kad\u0131nlar\u0131n uyum ve direni\u015f formlar\u0131 bi\u00e7imleniyor ve kad\u0131n deneyimlerinin \u00f6nemini vurgulamak m\u00fcmk\u00fcn g\u00f6r\u00fcn\u00fcyor. <\/p>\n","protected":false},"excerpt":{"rendered":"<p>Kad\u0131n meselesine ya da toplumsal cinsiyet e\u015fitsizli\u011fine uzun s\u00fcre kap\u0131la\u0131rn\u0131 kapatan anaak\u0131m iktisat disiplini, Toplumsal Cinsiyet ve Kad\u0131n \u00c7al\u0131\u015fmalar\u0131 sayesinde sorgulan\u0131yor ve g\u00f6r\u00fcnmez kad\u0131n eme\u011fi g\u00f6r\u00fcn\u00fcr<span class=\"excerpt-hellip\"> [\u2026]<\/span><\/p>\n","protected":false},"featured_media":0,"template":"","meta":{"_monsterinsights_skip_tracking":false,"_monsterinsights_sitenote_active":false,"_monsterinsights_sitenote_note":"","_monsterinsights_sitenote_category":0},"product_brand":[],"product_cat":[14841,13043],"product_tag":[],"class_list":{"0":"post-756323","1":"product","2":"type-product","3":"status-publish","5":"product_cat-arastirma-inceleme-kuram","6":"product_cat-ekonomi","7":"pa_cilt-ciltsiz","8":"pa_tur-kitap","9":"pa_yayinevi-heretik-yayincilik","10":"pa_yazar-ufuk-serdaroglu-ebru-isik","12":"first","13":"instock","14":"sale","15":"shipping-taxable","16":"purchasable","17":"product-type-simple"},"_links":{"self":[{"href":"https:\/\/roveyayinevi.com.tr\/index.php\/wp-json\/wp\/v2\/product\/756323","targetHints":{"allow":["GET"]}}],"collection":[{"href":"https:\/\/roveyayinevi.com.tr\/index.php\/wp-json\/wp\/v2\/product"}],"about":[{"href":"https:\/\/roveyayinevi.com.tr\/index.php\/wp-json\/wp\/v2\/types\/product"}],"wp:attachment":[{"href":"https:\/\/roveyayinevi.com.tr\/index.php\/wp-json\/wp\/v2\/media?parent=756323"}],"wp:term":[{"taxonomy":"product_brand","embeddable":true,"href":"https:\/\/roveyayinevi.com.tr\/index.php\/wp-json\/wp\/v2\/product_brand?post=756323"},{"taxonomy":"product_cat","embeddable":true,"href":"https:\/\/roveyayinevi.com.tr\/index.php\/wp-json\/wp\/v2\/product_cat?post=756323"},{"taxonomy":"product_tag","embeddable":true,"href":"https:\/\/roveyayinevi.com.tr\/index.php\/wp-json\/wp\/v2\/product_tag?post=756323"}],"curies":[{"name":"wp","href":"https:\/\/api.w.org\/{rel}","templated":true}]}}