{"id":756322,"date":"2025-08-28T07:04:39","date_gmt":"2025-08-28T04:04:39","guid":{"rendered":"https:\/\/roveyayinevi.com.tr\/index.php\/urun\/disney-manga-w-i-t-c-h-1-2-3-i-bolum-seti\/"},"modified":"2026-04-16T03:09:32","modified_gmt":"2026-04-16T00:09:32","slug":"disney-manga-w-i-t-c-h-1-2-3-i-bolum-seti","status":"publish","type":"product","link":"https:\/\/roveyayinevi.com.tr\/index.php\/urun\/disney-manga-w-i-t-c-h-1-2-3-i-bolum-seti\/","title":{"rendered":"Disney Manga W.i.t.c.h 1-2-3 I.B\u00f6l\u00fcm Seti"},"content":{"rendered":"<p>Be\u015fli G\u00fc\u00e7 Yeni Koruyucular, Metamoora a\u00e7\u0131lan ve d\u00fcnyalar\u0131n\u0131 tehdit eden on iki ge\u00e7idi kapamalar\u0131n\u0131 gerektiren g\u00f6revlerine devam ediyorlar. Ancak kendilerine yak\u0131n birinin ihanetini duyuran kehanetin ger\u00e7ekle\u015fmesi i\u015fleri kar\u0131\u015ft\u0131racak. W.I.T.C.H. k\u0131zlar\u0131n\u0131 \u015fimdi zor bir karar bekliyor: Ya birlik olacaklar ya da da\u011f\u0131lacaklar!<\/p>\n","protected":false},"excerpt":{"rendered":"<p>Be\u015fli G\u00fc\u00e7 Yeni Koruyucular, Metamoora a\u00e7\u0131lan ve d\u00fcnyalar\u0131n\u0131 tehdit eden on iki ge\u00e7idi kapamalar\u0131n\u0131 gerektiren g\u00f6revlerine devam ediyorlar. Ancak kendilerine yak\u0131n birinin ihanetini duyuran kehanetin ger\u00e7ekle\u015fmesi<span class=\"excerpt-hellip\"> [\u2026]<\/span><\/p>\n","protected":false},"featured_media":0,"template":"","meta":{"_monsterinsights_skip_tracking":false,"_monsterinsights_sitenote_active":false,"_monsterinsights_sitenote_note":"","_monsterinsights_sitenote_category":0},"product_brand":[],"product_cat":[12416,12291],"product_tag":[],"class_list":{"0":"post-756322","1":"product","2":"type-product","3":"status-publish","5":"product_cat-cizgi-roman","6":"product_cat-edebiyat","7":"pa_cilt-set","8":"pa_tur-kitap","9":"pa_yayinevi-beta-byou","10":"pa_yazar-kolektif","12":"first","13":"instock","14":"sale","15":"shipping-taxable","16":"purchasable","17":"product-type-simple"},"_links":{"self":[{"href":"https:\/\/roveyayinevi.com.tr\/index.php\/wp-json\/wp\/v2\/product\/756322","targetHints":{"allow":["GET"]}}],"collection":[{"href":"https:\/\/roveyayinevi.com.tr\/index.php\/wp-json\/wp\/v2\/product"}],"about":[{"href":"https:\/\/roveyayinevi.com.tr\/index.php\/wp-json\/wp\/v2\/types\/product"}],"wp:attachment":[{"href":"https:\/\/roveyayinevi.com.tr\/index.php\/wp-json\/wp\/v2\/media?parent=756322"}],"wp:term":[{"taxonomy":"product_brand","embeddable":true,"href":"https:\/\/roveyayinevi.com.tr\/index.php\/wp-json\/wp\/v2\/product_brand?post=756322"},{"taxonomy":"product_cat","embeddable":true,"href":"https:\/\/roveyayinevi.com.tr\/index.php\/wp-json\/wp\/v2\/product_cat?post=756322"},{"taxonomy":"product_tag","embeddable":true,"href":"https:\/\/roveyayinevi.com.tr\/index.php\/wp-json\/wp\/v2\/product_tag?post=756322"}],"curies":[{"name":"wp","href":"https:\/\/api.w.org\/{rel}","templated":true}]}}