{"id":756321,"date":"2025-08-28T07:04:37","date_gmt":"2025-08-28T04:04:37","guid":{"rendered":"https:\/\/roveyayinevi.com.tr\/index.php\/urun\/disney-esrarengiz-kasaba-gizem-kulubu-seti-5-kitap\/"},"modified":"2026-04-16T03:09:32","modified_gmt":"2026-04-16T00:09:32","slug":"disney-esrarengiz-kasaba-gizem-kulubu-seti-5-kitap","status":"publish","type":"product","link":"https:\/\/roveyayinevi.com.tr\/index.php\/urun\/disney-esrarengiz-kasaba-gizem-kulubu-seti-5-kitap\/","title":{"rendered":"Disney Esrarengiz Kasaba Gizem Kul\u00fcb\u00fc Seti 5 Kitap"},"content":{"rendered":"<p>Dipper veMabel\u2019\u0131nEsrarengizKasaba\u2019dakiyaztatiliseru\u0308venidaha yeni ba\u015fl\u0131yor. \u0130kizler, Harika AmcaStan\u2019inGizemliKulu\u0308be\u2019sinde\u00e7al\u0131\u015fmad\u0131klar\u0131zamanlarda, SoosveWendy\u2019ylebirliktekasabayerlilerinins\u0131rlar\u0131n\u0131ke\u015ffetmeyedevamediyorlar. Elbette yeni maceralar\u0131ndaonlara, kimisi dost canl\u0131s\u0131, kimisiisek\u00f6tu\u0308lu\u0308kpe\u015finde, birsu\u0308ru\u0308 do\u011fau\u0308stu\u0308 yarat\u0131ke\u015flikedecek.\u00c7oksevilen Disney animasyonserisindenuyarlananEsrarengizKasaba \u2013 \u00c7izgiDiziden\u00d6yku\u0308lerkitaplar\u0131ylabirlikte, Dipper veMabel\u2019\u0131nheyecandolumaceralar\u0131nasen de istedi\u011fin zaman ortakolabilirsin!Disney Esrarengiz Kasaba Gizem Kul\u00fcb\u00fc Seti 5 Kitap \u0130\u00e7erik1.    9786254362170 -Disney Esrarengiz Kasaba \u00c7oklu Dipper2.    9786254362194 -Disney Esrarengiz Kasaba H\u00fcpletici Canavar Efsanesi3.    9786254362200 -Disney Esrarengiz Kasaba Kafa Avc\u0131lar\u01314.    9786254362187 -Disney Esrarengiz Kasaba Turist Kapan\u01315.    9786254362217 -Disney Esrarengiz Kasaba Zaman Gezgini<\/p>\n","protected":false},"excerpt":{"rendered":"<p>Dipper veMabel\u2019\u0131nEsrarengizKasaba\u2019dakiyaztatiliseru\u0308venidaha yeni ba\u015fl\u0131yor. \u0130kizler, Harika AmcaStan\u2019inGizemliKulu\u0308be\u2019sinde\u00e7al\u0131\u015fmad\u0131klar\u0131zamanlarda, SoosveWendy\u2019ylebirliktekasabayerlilerinins\u0131rlar\u0131n\u0131ke\u015ffetmeyedevamediyorlar. Elbette yeni maceralar\u0131ndaonlara, kimisi dost canl\u0131s\u0131, kimisiisek\u00f6tu\u0308lu\u0308kpe\u015finde, birsu\u0308ru\u0308 do\u011fau\u0308stu\u0308 yarat\u0131ke\u015flikedecek.\u00c7oksevilen Disney animasyonserisindenuyarlananEsrarengizKasaba \u2013 \u00c7izgiDiziden\u00d6yku\u0308lerkitaplar\u0131ylabirlikte, Dipper veMabel\u2019\u0131nheyecandolumaceralar\u0131nasen de istedi\u011fin<span class=\"excerpt-hellip\"> [\u2026]<\/span><\/p>\n","protected":false},"featured_media":0,"template":"","meta":{"_monsterinsights_skip_tracking":false,"_monsterinsights_sitenote_active":false,"_monsterinsights_sitenote_note":"","_monsterinsights_sitenote_category":0},"product_brand":[],"product_cat":[12416,12291],"product_tag":[],"class_list":{"0":"post-756321","1":"product","2":"type-product","3":"status-publish","5":"product_cat-cizgi-roman","6":"product_cat-edebiyat","7":"pa_cilt-ciltsiz","8":"pa_tur-kitap","9":"pa_yayinevi-beta-kids","10":"pa_yazar-kolektif","12":"first","13":"instock","14":"sale","15":"shipping-taxable","16":"purchasable","17":"product-type-simple"},"_links":{"self":[{"href":"https:\/\/roveyayinevi.com.tr\/index.php\/wp-json\/wp\/v2\/product\/756321","targetHints":{"allow":["GET"]}}],"collection":[{"href":"https:\/\/roveyayinevi.com.tr\/index.php\/wp-json\/wp\/v2\/product"}],"about":[{"href":"https:\/\/roveyayinevi.com.tr\/index.php\/wp-json\/wp\/v2\/types\/product"}],"wp:attachment":[{"href":"https:\/\/roveyayinevi.com.tr\/index.php\/wp-json\/wp\/v2\/media?parent=756321"}],"wp:term":[{"taxonomy":"product_brand","embeddable":true,"href":"https:\/\/roveyayinevi.com.tr\/index.php\/wp-json\/wp\/v2\/product_brand?post=756321"},{"taxonomy":"product_cat","embeddable":true,"href":"https:\/\/roveyayinevi.com.tr\/index.php\/wp-json\/wp\/v2\/product_cat?post=756321"},{"taxonomy":"product_tag","embeddable":true,"href":"https:\/\/roveyayinevi.com.tr\/index.php\/wp-json\/wp\/v2\/product_tag?post=756321"}],"curies":[{"name":"wp","href":"https:\/\/api.w.org\/{rel}","templated":true}]}}