{"id":756320,"date":"2025-08-28T07:04:36","date_gmt":"2025-08-28T04:04:36","guid":{"rendered":"https:\/\/roveyayinevi.com.tr\/index.php\/urun\/yeni-bir-sen-yaratmak\/"},"modified":"2026-04-16T03:09:32","modified_gmt":"2026-04-16T00:09:32","slug":"yeni-bir-sen-yaratmak","status":"publish","type":"product","link":"https:\/\/roveyayinevi.com.tr\/index.php\/urun\/yeni-bir-sen-yaratmak\/","title":{"rendered":"Yeni Bir Sen Yaratmak"},"content":{"rendered":"<p>\u201c\u00c7eli\u015fkiyi kucaklarken yaln\u0131z de\u011filsin.D\u00fc\u015flerinin sesini dinlerken yaln\u0131z de\u011filsin.Karanl\u0131kta, \u00fcrkek y\u00fcr\u00fcrken yaln\u0131z de\u011filsin.\u00d6l\u00fcm\u00fc ve ya\u015fam\u0131 d\u00fc\u015f\u00fcn\u00fcrken yaln\u0131z de\u011filsin.Severken, sevilirken ve hasret \u00e7ekerken yaln\u0131z de\u011filsin.Cevab\u0131 olmayan sorularla sessizce otururken yaln\u0131z de\u011filsin.En yaln\u0131z hissetti\u011fin anda dahi, asla yaln\u0131z de\u011filsin.\u201d   Mindfulness ve meditasyon e\u011fitmeni, Organic Intelligence ve Neurosystemics CARE sertifikal\u0131 birey ve grup dan\u0131\u015fman\u0131 Deniz Ba\u011fan, k\u00fc\u00e7\u00fck ipu\u00e7lar\u0131ndan b\u00fcy\u00fck fikirlere, \u015fefkatli yakla\u015f\u0131mlardan ili\u015fkilerin do\u011fas\u0131na, kendi ya\u015fam\u0131n\u0131n kahraman\u0131 olma se\u00e7iminden cesarete bir yolculuk haritas\u0131 sunuyor: Yeni Bir \u201cSen\u201d Yaratmak\u2026Kendinizle alakal\u0131 bir yol ayr\u0131m\u0131ndaysan\u0131z, bedeniniz ve ruhunuz aras\u0131nda uyumsuzluk ba\u015f g\u00f6sterdiyse ve ad\u0131na \u201chayat\u201d dedi\u011fimiz bu yolda, bir yandan karars\u0131zl\u0131klar\u0131n\u0131zla m\u00fccadele ederken di\u011fer yandan da mutlulu\u011fa do\u011fru ko\u015fmak istiyorsan\u0131z, \u015fu an do\u011fru yerde ve do\u011fru zamanda, do\u011fru kitapla kar\u015f\u0131la\u015ft\u0131n\u0131z. Emin olun, bu kitab\u0131n son sayfas\u0131na eri\u015fti\u011finizde yast\u0131\u011fa ba\u015f\u0131n\u0131z\u0131 koyarken \u00e7ok daha huzurlu olacaks\u0131n\u0131z.<\/p>\n","protected":false},"excerpt":{"rendered":"<p>\u201c\u00c7eli\u015fkiyi kucaklarken yaln\u0131z de\u011filsin.D\u00fc\u015flerinin sesini dinlerken yaln\u0131z de\u011filsin.Karanl\u0131kta, \u00fcrkek y\u00fcr\u00fcrken yaln\u0131z de\u011filsin.\u00d6l\u00fcm\u00fc ve ya\u015fam\u0131 d\u00fc\u015f\u00fcn\u00fcrken yaln\u0131z de\u011filsin.Severken, sevilirken ve hasret \u00e7ekerken yaln\u0131z de\u011filsin.Cevab\u0131 olmayan sorularla sessizce<span class=\"excerpt-hellip\"> [\u2026]<\/span><\/p>\n","protected":false},"featured_media":0,"template":"","meta":{"_monsterinsights_skip_tracking":false,"_monsterinsights_sitenote_active":false,"_monsterinsights_sitenote_note":"","_monsterinsights_sitenote_category":0},"product_brand":[],"product_cat":[12364,12376],"product_tag":[],"class_list":{"0":"post-756320","1":"product","2":"type-product","3":"status-publish","5":"product_cat-genel-konular","6":"product_cat-kisisel-gelisim","7":"pa_cilt-ciltsiz","8":"pa_tur-kitap","9":"pa_yayinevi-okuyan-us-yayin","10":"pa_yazar-deniz-bagan","12":"first","13":"instock","14":"sale","15":"shipping-taxable","16":"purchasable","17":"product-type-simple"},"_links":{"self":[{"href":"https:\/\/roveyayinevi.com.tr\/index.php\/wp-json\/wp\/v2\/product\/756320","targetHints":{"allow":["GET"]}}],"collection":[{"href":"https:\/\/roveyayinevi.com.tr\/index.php\/wp-json\/wp\/v2\/product"}],"about":[{"href":"https:\/\/roveyayinevi.com.tr\/index.php\/wp-json\/wp\/v2\/types\/product"}],"wp:attachment":[{"href":"https:\/\/roveyayinevi.com.tr\/index.php\/wp-json\/wp\/v2\/media?parent=756320"}],"wp:term":[{"taxonomy":"product_brand","embeddable":true,"href":"https:\/\/roveyayinevi.com.tr\/index.php\/wp-json\/wp\/v2\/product_brand?post=756320"},{"taxonomy":"product_cat","embeddable":true,"href":"https:\/\/roveyayinevi.com.tr\/index.php\/wp-json\/wp\/v2\/product_cat?post=756320"},{"taxonomy":"product_tag","embeddable":true,"href":"https:\/\/roveyayinevi.com.tr\/index.php\/wp-json\/wp\/v2\/product_tag?post=756320"}],"curies":[{"name":"wp","href":"https:\/\/api.w.org\/{rel}","templated":true}]}}