{"id":756317,"date":"2025-08-28T07:04:31","date_gmt":"2025-08-28T04:04:31","guid":{"rendered":"https:\/\/roveyayinevi.com.tr\/index.php\/urun\/disney-manga-w-i-t-c-h-4-5-6-ii-bolum-seti\/"},"modified":"2026-04-16T03:09:32","modified_gmt":"2026-04-16T00:09:32","slug":"disney-manga-w-i-t-c-h-4-5-6-ii-bolum-seti","status":"publish","type":"product","link":"https:\/\/roveyayinevi.com.tr\/index.php\/urun\/disney-manga-w-i-t-c-h-4-5-6-ii-bolum-seti\/","title":{"rendered":"Disney Manga W.i.t.c.h 4-5-6 II.B\u00f6l\u00fcm Seti"},"content":{"rendered":"<p>Reddedilen Koruyucu Will, Irma, Taranee, Cornelia ve Hay Lin,ilk maceralar\u0131n\u0131n ard\u0131ndan, uyumakta olan bir k\u00f6t\u00fcl\u00fc\u011f\u00fc serbest b\u0131rakt\u0131lar&#8230; Kendisinden daha b\u00fcy\u00fck bir g\u00fc\u00e7 taraf\u0131ndan yoldan \u00e7\u0131kar\u0131lan eski Koruyucu Nerissa, Kandrakar\u0131 tehdit etmek i\u00e7in yeniden ortaya \u00e7\u0131k\u0131yor ve sadece W.I.T.C.H. k\u0131zlar\u0131 onun kar\u015f\u0131s\u0131nda durabilir!<\/p>\n","protected":false},"excerpt":{"rendered":"<p>Reddedilen Koruyucu Will, Irma, Taranee, Cornelia ve Hay Lin,ilk maceralar\u0131n\u0131n ard\u0131ndan, uyumakta olan bir k\u00f6t\u00fcl\u00fc\u011f\u00fc serbest b\u0131rakt\u0131lar&#8230; Kendisinden daha b\u00fcy\u00fck bir g\u00fc\u00e7 taraf\u0131ndan yoldan \u00e7\u0131kar\u0131lan eski<span class=\"excerpt-hellip\"> [\u2026]<\/span><\/p>\n","protected":false},"featured_media":0,"template":"","meta":{"_monsterinsights_skip_tracking":false,"_monsterinsights_sitenote_active":false,"_monsterinsights_sitenote_note":"","_monsterinsights_sitenote_category":0},"product_brand":[],"product_cat":[12416,12291],"product_tag":[],"class_list":{"0":"post-756317","1":"product","2":"type-product","3":"status-publish","5":"product_cat-cizgi-roman","6":"product_cat-edebiyat","7":"pa_cilt-set","8":"pa_tur-kitap","9":"pa_yayinevi-beta-byou","10":"pa_yazar-kolektif","12":"first","13":"instock","14":"sale","15":"shipping-taxable","16":"purchasable","17":"product-type-simple"},"_links":{"self":[{"href":"https:\/\/roveyayinevi.com.tr\/index.php\/wp-json\/wp\/v2\/product\/756317","targetHints":{"allow":["GET"]}}],"collection":[{"href":"https:\/\/roveyayinevi.com.tr\/index.php\/wp-json\/wp\/v2\/product"}],"about":[{"href":"https:\/\/roveyayinevi.com.tr\/index.php\/wp-json\/wp\/v2\/types\/product"}],"wp:attachment":[{"href":"https:\/\/roveyayinevi.com.tr\/index.php\/wp-json\/wp\/v2\/media?parent=756317"}],"wp:term":[{"taxonomy":"product_brand","embeddable":true,"href":"https:\/\/roveyayinevi.com.tr\/index.php\/wp-json\/wp\/v2\/product_brand?post=756317"},{"taxonomy":"product_cat","embeddable":true,"href":"https:\/\/roveyayinevi.com.tr\/index.php\/wp-json\/wp\/v2\/product_cat?post=756317"},{"taxonomy":"product_tag","embeddable":true,"href":"https:\/\/roveyayinevi.com.tr\/index.php\/wp-json\/wp\/v2\/product_tag?post=756317"}],"curies":[{"name":"wp","href":"https:\/\/api.w.org\/{rel}","templated":true}]}}