{"id":756314,"date":"2025-08-28T07:04:25","date_gmt":"2025-08-28T04:04:25","guid":{"rendered":"https:\/\/roveyayinevi.com.tr\/index.php\/urun\/akilli-bebek-kontrast-renkler-seti-4-kitap-takim\/"},"modified":"2026-04-16T03:09:32","modified_gmt":"2026-04-16T00:09:32","slug":"akilli-bebek-kontrast-renkler-seti-4-kitap-takim","status":"publish","type":"product","link":"https:\/\/roveyayinevi.com.tr\/index.php\/urun\/akilli-bebek-kontrast-renkler-seti-4-kitap-takim\/","title":{"rendered":"Ak\u0131ll\u0131 Bebek &#8211; Kontrast Renkler Seti 4 Kitap Tak\u0131m"},"content":{"rendered":"<p>Ak\u0131ll\u0131 Bebek &#8211; Kontras Renkler Seti 4 KitapAk\u0131ll\u0131 Bebek &#8211; Kontras Renkler &#8211; Tatl\u0131 R\u00fcyalarAk\u0131ll\u0131 Bebek &#8211; Kontras Renkler &#8211; Bebek OdamAk\u0131ll\u0131 Bebek &#8211; Kontras Renkler &#8211; B\u0131c\u0131 B\u0131c\u0131 SaatiAk\u0131ll\u0131 Bebek &#8211; Kontras Renkler &#8211; Mamaa Saati<\/p>\n","protected":false},"excerpt":{"rendered":"<p>Ak\u0131ll\u0131 Bebek &#8211; Kontras Renkler Seti 4 KitapAk\u0131ll\u0131 Bebek &#8211; Kontras Renkler &#8211; Tatl\u0131 R\u00fcyalarAk\u0131ll\u0131 Bebek &#8211; Kontras Renkler &#8211; Bebek OdamAk\u0131ll\u0131 Bebek &#8211; Kontras Renkler<span class=\"excerpt-hellip\"> [\u2026]<\/span><\/p>\n","protected":false},"featured_media":0,"template":"","meta":{"_monsterinsights_skip_tracking":false,"_monsterinsights_sitenote_active":false,"_monsterinsights_sitenote_note":"","_monsterinsights_sitenote_category":0},"product_brand":[],"product_cat":[12274,24599],"product_tag":[],"class_list":{"0":"post-756314","1":"product","2":"type-product","3":"status-publish","5":"product_cat-cocuk-ve-genclik-kitaplari","6":"product_cat-zeka-gelisimi","7":"pa_cilt-ciltli","8":"pa_tur-kitap","9":"pa_yayinevi-beta-kids","10":"pa_yazar-kolektif","12":"first","13":"instock","14":"sale","15":"shipping-taxable","16":"purchasable","17":"product-type-simple"},"_links":{"self":[{"href":"https:\/\/roveyayinevi.com.tr\/index.php\/wp-json\/wp\/v2\/product\/756314","targetHints":{"allow":["GET"]}}],"collection":[{"href":"https:\/\/roveyayinevi.com.tr\/index.php\/wp-json\/wp\/v2\/product"}],"about":[{"href":"https:\/\/roveyayinevi.com.tr\/index.php\/wp-json\/wp\/v2\/types\/product"}],"wp:attachment":[{"href":"https:\/\/roveyayinevi.com.tr\/index.php\/wp-json\/wp\/v2\/media?parent=756314"}],"wp:term":[{"taxonomy":"product_brand","embeddable":true,"href":"https:\/\/roveyayinevi.com.tr\/index.php\/wp-json\/wp\/v2\/product_brand?post=756314"},{"taxonomy":"product_cat","embeddable":true,"href":"https:\/\/roveyayinevi.com.tr\/index.php\/wp-json\/wp\/v2\/product_cat?post=756314"},{"taxonomy":"product_tag","embeddable":true,"href":"https:\/\/roveyayinevi.com.tr\/index.php\/wp-json\/wp\/v2\/product_tag?post=756314"}],"curies":[{"name":"wp","href":"https:\/\/api.w.org\/{rel}","templated":true}]}}