{"id":756308,"date":"2025-08-28T07:04:16","date_gmt":"2025-08-28T04:04:16","guid":{"rendered":"https:\/\/roveyayinevi.com.tr\/index.php\/urun\/national-geographic-kids-bilim-ansiklopedi-seti\/"},"modified":"2026-04-16T03:09:32","modified_gmt":"2026-04-16T00:09:32","slug":"national-geographic-kids-bilim-ansiklopedi-seti","status":"publish","type":"product","link":"https:\/\/roveyayinevi.com.tr\/index.php\/urun\/national-geographic-kids-bilim-ansiklopedi-seti\/","title":{"rendered":"National Geographic Kids Bilim Ansiklopedi Seti"},"content":{"rendered":"<p>NATINONAL GEOGRAPHIC KIDS- B\u0130L\u0130M ANS\u0130KLOPED\u0130S\u0130     NATINONAL GEOGRAPHIC KIDS &#8211; \u0130NANILMAZ \u0130NSAN V\u00dcCUDU     NATINONAL GEOGRAPHIC KIDS &#8211; UZAY ANS\u0130KLOPED\u0130S\u0130  <\/p>\n","protected":false},"excerpt":{"rendered":"<p>NATINONAL GEOGRAPHIC KIDS- B\u0130L\u0130M ANS\u0130KLOPED\u0130S\u0130 NATINONAL GEOGRAPHIC KIDS &#8211; \u0130NANILMAZ \u0130NSAN V\u00dcCUDU NATINONAL GEOGRAPHIC KIDS &#8211; UZAY ANS\u0130KLOPED\u0130S\u0130<\/p>\n","protected":false},"featured_media":0,"template":"","meta":{"_monsterinsights_skip_tracking":false,"_monsterinsights_sitenote_active":false,"_monsterinsights_sitenote_note":"","_monsterinsights_sitenote_category":0},"product_brand":[],"product_cat":[12274,14573],"product_tag":[],"class_list":{"0":"post-756308","1":"product","2":"type-product","3":"status-publish","5":"product_cat-cocuk-ve-genclik-kitaplari","6":"product_cat-referans-kitaplar-cocuk-ve-genclik-kitaplari","7":"pa_cilt-ciltli","8":"pa_tur-kitap","9":"pa_yayinevi-beta-kids","10":"pa_yazar-kolektif","12":"first","13":"instock","14":"sale","15":"shipping-taxable","16":"purchasable","17":"product-type-simple"},"_links":{"self":[{"href":"https:\/\/roveyayinevi.com.tr\/index.php\/wp-json\/wp\/v2\/product\/756308","targetHints":{"allow":["GET"]}}],"collection":[{"href":"https:\/\/roveyayinevi.com.tr\/index.php\/wp-json\/wp\/v2\/product"}],"about":[{"href":"https:\/\/roveyayinevi.com.tr\/index.php\/wp-json\/wp\/v2\/types\/product"}],"wp:attachment":[{"href":"https:\/\/roveyayinevi.com.tr\/index.php\/wp-json\/wp\/v2\/media?parent=756308"}],"wp:term":[{"taxonomy":"product_brand","embeddable":true,"href":"https:\/\/roveyayinevi.com.tr\/index.php\/wp-json\/wp\/v2\/product_brand?post=756308"},{"taxonomy":"product_cat","embeddable":true,"href":"https:\/\/roveyayinevi.com.tr\/index.php\/wp-json\/wp\/v2\/product_cat?post=756308"},{"taxonomy":"product_tag","embeddable":true,"href":"https:\/\/roveyayinevi.com.tr\/index.php\/wp-json\/wp\/v2\/product_tag?post=756308"}],"curies":[{"name":"wp","href":"https:\/\/api.w.org\/{rel}","templated":true}]}}