{"id":756304,"date":"2025-08-28T07:04:09","date_gmt":"2025-08-28T04:04:09","guid":{"rendered":"https:\/\/roveyayinevi.com.tr\/index.php\/urun\/filozof-dedemle-felsefe-seruvenleri-seti-4-kitap\/"},"modified":"2026-04-16T03:09:32","modified_gmt":"2026-04-16T00:09:32","slug":"filozof-dedemle-felsefe-seruvenleri-seti-4-kitap","status":"publish","type":"product","link":"https:\/\/roveyayinevi.com.tr\/index.php\/urun\/filozof-dedemle-felsefe-seruvenleri-seti-4-kitap\/","title":{"rendered":"Filozof Dedemle Felsefe Ser\u00fcvenleri Seti 4 Kitap"},"content":{"rendered":"<p>\u00c7ocuk; tarih \u00f6ncesi hik\u00e2yelerden ge\u00e7mi\u015f, mitolojik evreni g\u00f6rm\u00fc\u015f, milattan \u00f6nceki son bin y\u0131la yakla\u015fm\u0131\u015ft\u0131r. Bu d\u00fcnyalar\u0131 ke\u015ffederken kendini ke\u015ffetmek konusunda da b\u00fcy\u00fck yol kat etmi\u015f, bu hik\u00e2yeler ve \u00f6n\u00fcne \u00e7\u0131kan yol ayr\u0131mlar\u0131 onu sonunda, ba\u015fta cevab\u0131n\u0131 bulmak \u00fczere yola \u00e7\u0131kt\u0131\u011f\u0131 o sorunun cevab\u0131n\u0131 bulmaya art\u0131k \u00e7ok yakla\u015ft\u0131rm\u0131\u015ft\u0131r: \u201cFelsefe nedir?\u201d Ke\u015fifleri s\u0131ras\u0131nda kendini kimi kez anlat\u0131lan hik\u00e2yedeki bir \u00e7ocuk, kimi zamansa hik\u00e2yenin ba\u015fkahraman\u0131 olan filozoflar olarak hayal ederken, sorular\u0131m\u0131z\u0131n tarih boyunca nas\u0131l ortakla\u015ft\u0131\u011f\u0131n\u0131, sorulara yan\u0131t bulma aray\u0131\u015f\u0131n\u0131n hi\u00e7 bitmedi\u011fini ve bitmeyece\u011fini fark edecektir. <\/p>\n","protected":false},"excerpt":{"rendered":"<p>\u00c7ocuk; tarih \u00f6ncesi hik\u00e2yelerden ge\u00e7mi\u015f, mitolojik evreni g\u00f6rm\u00fc\u015f, milattan \u00f6nceki son bin y\u0131la yakla\u015fm\u0131\u015ft\u0131r. Bu d\u00fcnyalar\u0131 ke\u015ffederken kendini ke\u015ffetmek konusunda da b\u00fcy\u00fck yol kat etmi\u015f, bu<span class=\"excerpt-hellip\"> [\u2026]<\/span><\/p>\n","protected":false},"featured_media":0,"template":"","meta":{"_monsterinsights_skip_tracking":false,"_monsterinsights_sitenote_active":false,"_monsterinsights_sitenote_note":"","_monsterinsights_sitenote_category":0},"product_brand":[],"product_cat":[12274,12284],"product_tag":[],"class_list":{"0":"post-756304","1":"product","2":"type-product","3":"status-publish","5":"product_cat-cocuk-ve-genclik-kitaplari","6":"product_cat-hikayeler","7":"pa_cilt-ciltsiz","8":"pa_tur-kitap","9":"pa_yayinevi-beta-kids","10":"pa_yazar-buket-kurt","12":"first","13":"instock","14":"sale","15":"shipping-taxable","16":"purchasable","17":"product-type-simple"},"_links":{"self":[{"href":"https:\/\/roveyayinevi.com.tr\/index.php\/wp-json\/wp\/v2\/product\/756304","targetHints":{"allow":["GET"]}}],"collection":[{"href":"https:\/\/roveyayinevi.com.tr\/index.php\/wp-json\/wp\/v2\/product"}],"about":[{"href":"https:\/\/roveyayinevi.com.tr\/index.php\/wp-json\/wp\/v2\/types\/product"}],"wp:attachment":[{"href":"https:\/\/roveyayinevi.com.tr\/index.php\/wp-json\/wp\/v2\/media?parent=756304"}],"wp:term":[{"taxonomy":"product_brand","embeddable":true,"href":"https:\/\/roveyayinevi.com.tr\/index.php\/wp-json\/wp\/v2\/product_brand?post=756304"},{"taxonomy":"product_cat","embeddable":true,"href":"https:\/\/roveyayinevi.com.tr\/index.php\/wp-json\/wp\/v2\/product_cat?post=756304"},{"taxonomy":"product_tag","embeddable":true,"href":"https:\/\/roveyayinevi.com.tr\/index.php\/wp-json\/wp\/v2\/product_tag?post=756304"}],"curies":[{"name":"wp","href":"https:\/\/api.w.org\/{rel}","templated":true}]}}