{"id":756302,"date":"2025-08-28T07:04:05","date_gmt":"2025-08-28T04:04:05","guid":{"rendered":"https:\/\/roveyayinevi.com.tr\/index.php\/urun\/disney-witch-2-kitap-set\/"},"modified":"2026-04-16T03:09:32","modified_gmt":"2026-04-16T00:09:32","slug":"disney-witch-2-kitap-set","status":"publish","type":"product","link":"https:\/\/roveyayinevi.com.tr\/index.php\/urun\/disney-witch-2-kitap-set\/","title":{"rendered":"Disney Witch 2 Kitap Set"},"content":{"rendered":"<p>Will, Irma, Taranee, Cornelia ve Hay Lin be\u015f gen\u00e7 arkada\u015f. \u0130simlerinin ba\u015f harfleri \u201cWITCH\u201d s\u00f6zcu\u0308\u011fu\u0308nu\u0308 olu\u015fturuyor, yani \u0130ngilizce ad\u0131yla \u201cCADI.\u201d Bu bir tesadu\u0308f mu\u0308? Kaderin bir cilvesi mi? Bu gen\u00e7ler k\u0131sa su\u0308rede gizli gu\u0308\u00e7lere sahip olduklar\u0131n\u0131 ke\u015ffediyorlar\u2026 Tu\u0308m du\u0308nyay\u0131 sarsan W.I.T.C.H. \u015fimdi manga format\u0131nda ve iki cilt olarak seni bu ola\u011fanu\u0308stu\u0308 maceraya davet ediyor!Yeni bir \u015fehre ta\u015f\u0131nan Will burada kendini yabanc\u0131 hissediyordu. Ama sonra Taranee, Hay Lin, Cornelia, Irma ve Elyon\u2019la arkada\u015f oldu ve tu\u0308m hayat\u0131 de\u011fi\u015fti! Kandrakar krall\u0131\u011f\u0131 yok olma tehlikesi alt\u0131ndayken, se\u00e7ilmi\u015f bu be\u015f \u00f6zel k\u0131z\u0131n maceralar\u0131 ba\u015flamak u\u0308zere\u2026<\/p>\n","protected":false},"excerpt":{"rendered":"<p>Will, Irma, Taranee, Cornelia ve Hay Lin be\u015f gen\u00e7 arkada\u015f. \u0130simlerinin ba\u015f harfleri \u201cWITCH\u201d s\u00f6zcu\u0308\u011fu\u0308nu\u0308 olu\u015fturuyor, yani \u0130ngilizce ad\u0131yla \u201cCADI.\u201d Bu bir tesadu\u0308f mu\u0308? Kaderin bir<span class=\"excerpt-hellip\"> [\u2026]<\/span><\/p>\n","protected":false},"featured_media":0,"template":"","meta":{"_monsterinsights_skip_tracking":false,"_monsterinsights_sitenote_active":false,"_monsterinsights_sitenote_note":"","_monsterinsights_sitenote_category":0},"product_brand":[],"product_cat":[12416,12291],"product_tag":[],"class_list":{"0":"post-756302","1":"product","2":"type-product","3":"status-publish","5":"product_cat-cizgi-roman","6":"product_cat-edebiyat","7":"pa_cilt-set","8":"pa_tur-kitap","9":"pa_yayinevi-beta-byou","10":"pa_yazar-haruko-iida","12":"first","13":"instock","14":"sale","15":"shipping-taxable","16":"purchasable","17":"product-type-simple"},"_links":{"self":[{"href":"https:\/\/roveyayinevi.com.tr\/index.php\/wp-json\/wp\/v2\/product\/756302","targetHints":{"allow":["GET"]}}],"collection":[{"href":"https:\/\/roveyayinevi.com.tr\/index.php\/wp-json\/wp\/v2\/product"}],"about":[{"href":"https:\/\/roveyayinevi.com.tr\/index.php\/wp-json\/wp\/v2\/types\/product"}],"wp:attachment":[{"href":"https:\/\/roveyayinevi.com.tr\/index.php\/wp-json\/wp\/v2\/media?parent=756302"}],"wp:term":[{"taxonomy":"product_brand","embeddable":true,"href":"https:\/\/roveyayinevi.com.tr\/index.php\/wp-json\/wp\/v2\/product_brand?post=756302"},{"taxonomy":"product_cat","embeddable":true,"href":"https:\/\/roveyayinevi.com.tr\/index.php\/wp-json\/wp\/v2\/product_cat?post=756302"},{"taxonomy":"product_tag","embeddable":true,"href":"https:\/\/roveyayinevi.com.tr\/index.php\/wp-json\/wp\/v2\/product_tag?post=756302"}],"curies":[{"name":"wp","href":"https:\/\/api.w.org\/{rel}","templated":true}]}}