{"id":756299,"date":"2025-08-28T07:03:59","date_gmt":"2025-08-28T04:03:59","guid":{"rendered":"https:\/\/roveyayinevi.com.tr\/index.php\/urun\/disney-manga-cruella-cruella-selam-zalim-yurek-takim-2-kitap\/"},"modified":"2026-04-16T03:09:32","modified_gmt":"2026-04-16T00:09:32","slug":"disney-manga-cruella-cruella-selam-zalim-yurek-takim-2-kitap","status":"publish","type":"product","link":"https:\/\/roveyayinevi.com.tr\/index.php\/urun\/disney-manga-cruella-cruella-selam-zalim-yurek-takim-2-kitap\/","title":{"rendered":"Disney Manga Cruella &#8211; Cruella Selam Zalim Y\u00fcrek Tak\u0131m 2 Kitap"},"content":{"rendered":"<p>Herkese \u0130yi Davranarak Efsane Olunmaz!Do\u011fdu\u011funda Ad\u0131n\u0131 Cruella Koymam\u0131\u015flard\u0131. Yetenekli, Yenilik\u00e7i Ve H\u0131rsl\u0131yd\u0131 Estella. Moda Tasar\u0131mc\u0131s\u0131 Olma Hayalleri Kuruyordu Ama Tu\u0308m Du\u0308nya Bu Hayallerin Ger\u00e7ekle\u015fmesine Engel Olmaya Kararl\u0131yd\u0131. Amat\u00f6r Bir H\u0131rs\u0131z\u0131n Hayat\u0131 Pek Da I\u015f\u0131lt\u0131l\u0131 De\u011fildir. Lerin Londra\u2019s\u0131nda Kendisi Ve Tasar\u0131mlar\u0131 \u0130\u00e7in Yu\u0308ksek Hedeflerin Pe\u015findeydi Estella, Ah Bir De Paras\u0131 Olsayd\u0131! Estella, En Yak\u0131n Arkada\u015flar\u0131, Ufak) Su\u00e7 Ortaklar\u0131 Horace Ve Jasper \u0130le Sokaklarda Neler Yap\u0131yor? Engel Tan\u0131mayan Me\u015fhur Diva Cruella Ortaya \u00c7\u0131kmadan \u00d6nce Neler Ya\u015fand\u0131?B\u0130R ZAMANLAR O DA \u0130Y\u0130 OLMAK \u0130STEM\u0130\u015eT\u0130&#8230;<\/p>\n","protected":false},"excerpt":{"rendered":"<p>Herkese \u0130yi Davranarak Efsane Olunmaz!Do\u011fdu\u011funda Ad\u0131n\u0131 Cruella Koymam\u0131\u015flard\u0131. Yetenekli, Yenilik\u00e7i Ve H\u0131rsl\u0131yd\u0131 Estella. Moda Tasar\u0131mc\u0131s\u0131 Olma Hayalleri Kuruyordu Ama Tu\u0308m Du\u0308nya Bu Hayallerin Ger\u00e7ekle\u015fmesine Engel Olmaya<span class=\"excerpt-hellip\"> [\u2026]<\/span><\/p>\n","protected":false},"featured_media":0,"template":"","meta":{"_monsterinsights_skip_tracking":false,"_monsterinsights_sitenote_active":false,"_monsterinsights_sitenote_note":"","_monsterinsights_sitenote_category":0},"product_brand":[],"product_cat":[12416,12291],"product_tag":[],"class_list":{"0":"post-756299","1":"product","2":"type-product","3":"status-publish","5":"product_cat-cizgi-roman","6":"product_cat-edebiyat","7":"pa_cilt-ciltsiz","8":"pa_tur-kitap","9":"pa_yayinevi-beta-byou","10":"pa_yazar-kolektif","12":"first","13":"instock","14":"sale","15":"shipping-taxable","16":"purchasable","17":"product-type-simple"},"_links":{"self":[{"href":"https:\/\/roveyayinevi.com.tr\/index.php\/wp-json\/wp\/v2\/product\/756299","targetHints":{"allow":["GET"]}}],"collection":[{"href":"https:\/\/roveyayinevi.com.tr\/index.php\/wp-json\/wp\/v2\/product"}],"about":[{"href":"https:\/\/roveyayinevi.com.tr\/index.php\/wp-json\/wp\/v2\/types\/product"}],"wp:attachment":[{"href":"https:\/\/roveyayinevi.com.tr\/index.php\/wp-json\/wp\/v2\/media?parent=756299"}],"wp:term":[{"taxonomy":"product_brand","embeddable":true,"href":"https:\/\/roveyayinevi.com.tr\/index.php\/wp-json\/wp\/v2\/product_brand?post=756299"},{"taxonomy":"product_cat","embeddable":true,"href":"https:\/\/roveyayinevi.com.tr\/index.php\/wp-json\/wp\/v2\/product_cat?post=756299"},{"taxonomy":"product_tag","embeddable":true,"href":"https:\/\/roveyayinevi.com.tr\/index.php\/wp-json\/wp\/v2\/product_tag?post=756299"}],"curies":[{"name":"wp","href":"https:\/\/api.w.org\/{rel}","templated":true}]}}