{"id":756296,"date":"2025-08-28T07:03:55","date_gmt":"2025-08-28T04:03:55","guid":{"rendered":"https:\/\/roveyayinevi.com.tr\/index.php\/urun\/insan-dogasi-uzerine-2\/"},"modified":"2026-04-16T03:09:32","modified_gmt":"2026-04-16T00:09:32","slug":"insan-dogasi-uzerine-2","status":"publish","type":"product","link":"https:\/\/roveyayinevi.com.tr\/index.php\/urun\/insan-dogasi-uzerine-2\/","title":{"rendered":"\u0130nsan Do\u011fas\u0131 \u00dczerine"},"content":{"rendered":"<p>19. y\u00fczy\u0131l\u0131n en \u00f6nemli Alman filozoflar\u0131ndan olan Arthur Schopenhauer, \u201c\u0130nsan Do\u011fas\u0131 \u00dczerine\u201d de di\u011fer pek \u00e7ok konuda oldu\u011fu gibi olduk\u00e7a \u00e7ok y\u00f6nl\u00fc, felsefi d\u00fc\u015f\u00fcncelere dalm\u0131\u015ft\u0131r. Ona g\u00f6re evrenin ve varl\u0131\u011f\u0131n temel \u00f6z\u00fc \u201cirade\u201ddir. Bu irade s\u00fcrekli bir tatmin aray\u0131\u015f\u0131 i\u00e7indedir ve asla durmaz. \u0130nsan do\u011fas\u0131 da bu s\u00fcrekli istek ve tatminsizlikle \u015fekillenir. Schopenhauer, bireylerin s\u0131n\u0131rl\u0131 bir perspektife sahip oldu\u011funa inan\u0131r. Bu s\u0131n\u0131rl\u0131 perspektif, insanlar\u0131n d\u00fcnyay\u0131 tam olarak anlamalar\u0131n\u0131 engeller ve ac\u0131ya neden olur. Ahlaki eylemler, bireyin kendi \u00f6zgecil e\u011filimlerini takip etmesiyle ortaya \u00e7\u0131kar. Schopenhauer, bireyin kendi \u00e7\u0131karlar\u0131 i\u00e7in de\u011fil, di\u011ferlerinin iyili\u011fi i\u00e7in hareket etti\u011finde ger\u00e7ek ahlaki de\u011feri bulabilece\u011fine inan\u0131r. Bu \u00f6zel ismin, insan ruhunun derinliklerine yapt\u0131\u011f\u0131 yolculu\u011fun sonucu olan ve deneme t\u00fcr\u00fcnde kaleme ald\u0131\u011f\u0131 \u00f6zel eseri sizlerle payla\u015fmaktan mutluluk duyuyoruz. <\/p>\n","protected":false},"excerpt":{"rendered":"<p>19. y\u00fczy\u0131l\u0131n en \u00f6nemli Alman filozoflar\u0131ndan olan Arthur Schopenhauer, \u201c\u0130nsan Do\u011fas\u0131 \u00dczerine\u201d de di\u011fer pek \u00e7ok konuda oldu\u011fu gibi olduk\u00e7a \u00e7ok y\u00f6nl\u00fc, felsefi d\u00fc\u015f\u00fcncelere dalm\u0131\u015ft\u0131r. Ona<span class=\"excerpt-hellip\"> [\u2026]<\/span><\/p>\n","protected":false},"featured_media":0,"template":"","meta":{"_monsterinsights_skip_tracking":false,"_monsterinsights_sitenote_active":false,"_monsterinsights_sitenote_note":"","_monsterinsights_sitenote_category":0},"product_brand":[],"product_cat":[20351,12388],"product_tag":[],"class_list":{"0":"post-756296","1":"product","2":"type-product","3":"status-publish","5":"product_cat-dusunce","6":"product_cat-felsefe","7":"pa_cilt-ciltsiz","8":"pa_tur-kitap","9":"pa_yayinevi-kirmizi-ada-yayinlari","10":"pa_yazar-arthur-schopenhauer","12":"first","13":"instock","14":"sale","15":"shipping-taxable","16":"purchasable","17":"product-type-simple"},"_links":{"self":[{"href":"https:\/\/roveyayinevi.com.tr\/index.php\/wp-json\/wp\/v2\/product\/756296","targetHints":{"allow":["GET"]}}],"collection":[{"href":"https:\/\/roveyayinevi.com.tr\/index.php\/wp-json\/wp\/v2\/product"}],"about":[{"href":"https:\/\/roveyayinevi.com.tr\/index.php\/wp-json\/wp\/v2\/types\/product"}],"wp:attachment":[{"href":"https:\/\/roveyayinevi.com.tr\/index.php\/wp-json\/wp\/v2\/media?parent=756296"}],"wp:term":[{"taxonomy":"product_brand","embeddable":true,"href":"https:\/\/roveyayinevi.com.tr\/index.php\/wp-json\/wp\/v2\/product_brand?post=756296"},{"taxonomy":"product_cat","embeddable":true,"href":"https:\/\/roveyayinevi.com.tr\/index.php\/wp-json\/wp\/v2\/product_cat?post=756296"},{"taxonomy":"product_tag","embeddable":true,"href":"https:\/\/roveyayinevi.com.tr\/index.php\/wp-json\/wp\/v2\/product_tag?post=756296"}],"curies":[{"name":"wp","href":"https:\/\/api.w.org\/{rel}","templated":true}]}}