{"id":756295,"date":"2025-08-28T07:03:54","date_gmt":"2025-08-28T04:03:54","guid":{"rendered":"https:\/\/roveyayinevi.com.tr\/index.php\/urun\/sivil-itaatsizlik-3\/"},"modified":"2026-04-16T03:09:32","modified_gmt":"2026-04-16T00:09:32","slug":"sivil-itaatsizlik-3","status":"publish","type":"product","link":"https:\/\/roveyayinevi.com.tr\/index.php\/urun\/sivil-itaatsizlik-3\/","title":{"rendered":"Sivil \u0130taatsizlik"},"content":{"rendered":"<p>Sivil itaatsizlik, bir bireyin vicdan\u0131n\u0131 ve ahlaki de\u011ferlerini, toplumun kabul etti\u011fi normlara ve yasalara kar\u015f\u0131 gelerek ifade etme cesaretini buldu\u011fu bir eylemdir. Henry David Thoreau, 19. y\u00fczy\u0131lda Amerika&#8217;da k\u00f6leli\u011fi ve haks\u0131z sava\u015flar\u0131 ele\u015ftirerek sivil itaatsizli\u011fi kucaklad\u0131 ve bu \u00f6zg\u00fcrle\u015ftirici ilkeyi d\u00fcnyaya sundu. &#8220;Sivil \u0130taatsizlik,&#8221; Thoreau&#8217;nun en etkileyici ve \u00f6l\u00fcms\u00fcz eserlerinden biri olarak kabul edilir. Bu k\u0131sa fakat etkileyici manifesto, bireysel \u00f6zg\u00fcrl\u00fc\u011f\u00fcn ve adaletin ne anlama geldi\u011fini sorgulayan bir yolculu\u011fa davet ediyor. Thoreau&#8217;nun sivrilikle kaleme ald\u0131\u011f\u0131 bu metin, bireyin vicdan\u0131n\u0131n \u00f6nemini ve haks\u0131z yasalara kar\u015f\u0131 gelmenin bir ahlaki gereklilik oldu\u011funu vurguluyor. Bu kitap, sivil itaatsizli\u011fin \u00f6z\u00fcne inerken, Thoreau&#8217;nun derin d\u00fc\u015f\u00fcncelerini ve \u00f6zg\u00fcn bak\u0131\u015f a\u00e7\u0131s\u0131n\u0131 sunuyor. Adaletin, \u00f6zg\u00fcrl\u00fc\u011f\u00fcn ve insan haklar\u0131n\u0131n ne kadar de\u011ferli oldu\u011funu yeniden hat\u0131rlatan &#8220;Sivil \u0130taatsizlik,&#8221; bug\u00fcn\u00fcn d\u00fcnyas\u0131nda hala ge\u00e7erli ve ilham verici bir mesaj sunuyor. <\/p>\n","protected":false},"excerpt":{"rendered":"<p>Sivil itaatsizlik, bir bireyin vicdan\u0131n\u0131 ve ahlaki de\u011ferlerini, toplumun kabul etti\u011fi normlara ve yasalara kar\u015f\u0131 gelerek ifade etme cesaretini buldu\u011fu bir eylemdir. Henry David Thoreau, 19.<span class=\"excerpt-hellip\"> [\u2026]<\/span><\/p>\n","protected":false},"featured_media":0,"template":"","meta":{"_monsterinsights_skip_tracking":false,"_monsterinsights_sitenote_active":false,"_monsterinsights_sitenote_note":"","_monsterinsights_sitenote_category":0},"product_brand":[],"product_cat":[16038,12388],"product_tag":[],"class_list":{"0":"post-756295","1":"product","2":"type-product","3":"status-publish","5":"product_cat-arastirma-inceleme-referans-felsefe","6":"product_cat-felsefe","7":"pa_cilt-ciltsiz","8":"pa_tur-kitap","9":"pa_yayinevi-kirmizi-ada-yayinlari","10":"pa_yazar-henry-david-thoreau","12":"first","13":"instock","14":"sale","15":"shipping-taxable","16":"purchasable","17":"product-type-simple"},"_links":{"self":[{"href":"https:\/\/roveyayinevi.com.tr\/index.php\/wp-json\/wp\/v2\/product\/756295","targetHints":{"allow":["GET"]}}],"collection":[{"href":"https:\/\/roveyayinevi.com.tr\/index.php\/wp-json\/wp\/v2\/product"}],"about":[{"href":"https:\/\/roveyayinevi.com.tr\/index.php\/wp-json\/wp\/v2\/types\/product"}],"wp:attachment":[{"href":"https:\/\/roveyayinevi.com.tr\/index.php\/wp-json\/wp\/v2\/media?parent=756295"}],"wp:term":[{"taxonomy":"product_brand","embeddable":true,"href":"https:\/\/roveyayinevi.com.tr\/index.php\/wp-json\/wp\/v2\/product_brand?post=756295"},{"taxonomy":"product_cat","embeddable":true,"href":"https:\/\/roveyayinevi.com.tr\/index.php\/wp-json\/wp\/v2\/product_cat?post=756295"},{"taxonomy":"product_tag","embeddable":true,"href":"https:\/\/roveyayinevi.com.tr\/index.php\/wp-json\/wp\/v2\/product_tag?post=756295"}],"curies":[{"name":"wp","href":"https:\/\/api.w.org\/{rel}","templated":true}]}}